{"id":17624,"date":"2019-04-09T22:47:44","date_gmt":"2019-04-09T22:47:44","guid":{"rendered":"https:\/\/octaedro.com\/producto\/guia-para-ver-y-analizar-al-final-de-la-escapada\/"},"modified":"2023-04-20T13:00:17","modified_gmt":"2023-04-20T11:00:17","slug":"guia-para-ver-y-analizar-al-final-de-la-escapada","status":"publish","type":"product","link":"https:\/\/wizardly-davinci.82-223-8-23.plesk.page\/en\/producto\/guia-para-ver-y-analizar-al-final-de-la-escapada\/","title":{"rendered":"Gu\u00eda para ver y analizar: Al final de la escapada"},"content":{"rendered":"<p>La colecci\u00f3n de textos Gu\u00edas para ver y analizar cine es un proyecto pedag\u00f3gico de las editoriales Nau Llibres y Octaedro, cuya finalidad es ofrecer unos an\u00e1lisis monogr\u00e1ficos, rigurosos y exhaustivos, de pel\u00edculas fundamentales de la historia del cine. El lenguaje claro y did\u00e1ctico de estas gu\u00edas permite su adaptaci\u00f3n a los diferentes niveles educativos, desde la Ense\u00f1anza Secundaria y los Bachilleratos hasta los Ciclos Formativos de Comunicaci\u00f3n, Imagen y Sonido y los estudios de Licenciatura de Comunicaci\u00f3n Audiovisual, Publicidad, Periodismo, Bellas Artes, Historia del Arte y Filolog\u00eda, as\u00ed como una f\u00e1cil comprensi\u00f3n de los textos f\u00edlmicos analizados para los amantes del cine en general.<\/p>\n","protected":false},"excerpt":{"rendered":"<p>La colecci\u00f3n de textos Gu\u00edas para ver y analizar cine es un proyecto pedag\u00f3gico de las editoriales Nau Llibres y Octaedro, cuya finalidad es ofrecer unos an\u00e1lisis monogr\u00e1ficos, rigurosos y exhaustivos, de pel\u00edculas fundamentales de la historia del cine. El lenguaje claro y did\u00e1ctico de estas gu\u00edas permite su adaptaci\u00f3n a los diferentes niveles educativos, desde la Ense\u00f1anza Secundaria y los Bachilleratos hasta los Ciclos Formativos de Comunicaci\u00f3n, Imagen y Sonido y los estudios de Licenciatura de Comunicaci\u00f3n Audiovisual, Publicidad, Periodismo, Bellas Artes, Historia del Arte y Filolog\u00eda, as\u00ed como una f\u00e1cil comprensi\u00f3n de los textos f\u00edlmicos analizados para los amantes del cine en general.<\/p>\n","protected":false},"featured_media":17625,"comment_status":"open","ping_status":"closed","template":"","meta":{"_et_pb_use_builder":"","_et_pb_old_content":"","_et_gb_content_width":""},"product_cat":[1512],"product_tag":[2602],"edicion":[1083],"editoriales":[1160],"tienda":[],"autor_id":[5652,5655],"universidades_coeditoras":[],"palabras_clave":[],"listado_alfabetico":[],"acf":[],"_links":{"self":[{"href":"https:\/\/wizardly-davinci.82-223-8-23.plesk.page\/en\/wp-json\/wp\/v2\/product\/17624"}],"collection":[{"href":"https:\/\/wizardly-davinci.82-223-8-23.plesk.page\/en\/wp-json\/wp\/v2\/product"}],"about":[{"href":"https:\/\/wizardly-davinci.82-223-8-23.plesk.page\/en\/wp-json\/wp\/v2\/types\/product"}],"replies":[{"embeddable":true,"href":"https:\/\/wizardly-davinci.82-223-8-23.plesk.page\/en\/wp-json\/wp\/v2\/comments?post=17624"}],"wp:featuredmedia":[{"embeddable":true,"href":"https:\/\/wizardly-davinci.82-223-8-23.plesk.page\/en\/wp-json\/wp\/v2\/media\/17625"}],"wp:attachment":[{"href":"https:\/\/wizardly-davinci.82-223-8-23.plesk.page\/en\/wp-json\/wp\/v2\/media?parent=17624"}],"wp:term":[{"taxonomy":"product_cat","embeddable":true,"href":"https:\/\/wizardly-davinci.82-223-8-23.plesk.page\/en\/wp-json\/wp\/v2\/product_cat?post=17624"},{"taxonomy":"product_tag","embeddable":true,"href":"https:\/\/wizardly-davinci.82-223-8-23.plesk.page\/en\/wp-json\/wp\/v2\/product_tag?post=17624"},{"taxonomy":"edicion","embeddable":true,"href":"https:\/\/wizardly-davinci.82-223-8-23.plesk.page\/en\/wp-json\/wp\/v2\/edicion?post=17624"},{"taxonomy":"editoriales","embeddable":true,"href":"https:\/\/wizardly-davinci.82-223-8-23.plesk.page\/en\/wp-json\/wp\/v2\/editoriales?post=17624"},{"taxonomy":"tienda","embeddable":true,"href":"https:\/\/wizardly-davinci.82-223-8-23.plesk.page\/en\/wp-json\/wp\/v2\/tienda?post=17624"},{"taxonomy":"autor_id","embeddable":true,"href":"https:\/\/wizardly-davinci.82-223-8-23.plesk.page\/en\/wp-json\/wp\/v2\/autor_id?post=17624"},{"taxonomy":"universidades_coeditoras","embeddable":true,"href":"https:\/\/wizardly-davinci.82-223-8-23.plesk.page\/en\/wp-json\/wp\/v2\/universidades_coeditoras?post=17624"},{"taxonomy":"palabras_clave","embeddable":true,"href":"https:\/\/wizardly-davinci.82-223-8-23.plesk.page\/en\/wp-json\/wp\/v2\/palabras_clave?post=17624"},{"taxonomy":"listado_alfabetico","embeddable":true,"href":"https:\/\/wizardly-davinci.82-223-8-23.plesk.page\/en\/wp-json\/wp\/v2\/listado_alfabetico?post=17624"}],"curies":[{"name":"wp","href":"https:\/\/api.w.org\/{rel}","templated":true}]}}