{"id":17661,"date":"2019-04-09T22:51:56","date_gmt":"2019-04-09T22:51:56","guid":{"rendered":"https:\/\/octaedro.com\/producto\/antologia-esencial-de-federico-garcia-lorca\/"},"modified":"2023-04-20T13:02:21","modified_gmt":"2023-04-20T11:02:21","slug":"antologia-esencial-de-federico-garcia-lorca","status":"publish","type":"product","link":"https:\/\/wizardly-davinci.82-223-8-23.plesk.page\/en\/producto\/antologia-esencial-de-federico-garcia-lorca\/","title":{"rendered":"Antolog\u00eda esencial de Federico Garc\u00eda Lorca"},"content":{"rendered":"<p>Dos prop\u00f3sitos han guiado al autor de esta antolog\u00eda en su trabajo. El primero, poner al alcance del p\u00fablico en general algo de lo mucho que se ha escrito sobre la poes\u00eda de <span class=\"destacat\">Federico Garc\u00eda Lorca<\/span>. El segundo, escoger aquellos poemas que son esenciales en la visi\u00f3n lorquiana del mundo. Como definir la \u201cesencia\u201d nos llevar\u00eda tiempo y disgustos, optamos porque sea el lector quien la descubra en su recorrido por la introducci\u00f3n y en los poemas mismos.<\/p>\n<p>Selecci\u00f3n e introducci\u00f3n <strong>Manuel Ruiz Amezcua<\/strong> es poeta y profesor de Literatura.<\/p>\n","protected":false},"excerpt":{"rendered":"<p>Dos prop\u00f3sitos han guiado al autor de esta antolog\u00eda en su trabajo. El primero, poner al alcance del p\u00fablico en general algo de lo mucho que se ha escrito sobre la poes\u00eda de <span class=\"destacat\">Federico Garc\u00eda Lorca<\/span>. El segundo, escoger aquellos poemas que son esenciales en la visi\u00f3n lorquiana del mundo. Como definir la \u201cesencia\u201d nos llevar\u00eda tiempo y disgustos, optamos porque sea el lector quien la descubra en su recorrido por la introducci\u00f3n y en los poemas mismos.<br \/>\nSelecci\u00f3n e introducci\u00f3n <strong>Manuel Ruiz Amezcua<\/strong> es poeta y profesor de Literatura.<\/p>\n","protected":false},"featured_media":17662,"comment_status":"open","ping_status":"closed","template":"","meta":{"_et_pb_use_builder":"","_et_pb_old_content":"","_et_gb_content_width":""},"product_cat":[1512,6675],"product_tag":[2602],"edicion":[1083],"editoriales":[1160],"tienda":[],"autor_id":[5546],"universidades_coeditoras":[],"palabras_clave":[],"listado_alfabetico":[],"acf":[],"_links":{"self":[{"href":"https:\/\/wizardly-davinci.82-223-8-23.plesk.page\/en\/wp-json\/wp\/v2\/product\/17661"}],"collection":[{"href":"https:\/\/wizardly-davinci.82-223-8-23.plesk.page\/en\/wp-json\/wp\/v2\/product"}],"about":[{"href":"https:\/\/wizardly-davinci.82-223-8-23.plesk.page\/en\/wp-json\/wp\/v2\/types\/product"}],"replies":[{"embeddable":true,"href":"https:\/\/wizardly-davinci.82-223-8-23.plesk.page\/en\/wp-json\/wp\/v2\/comments?post=17661"}],"wp:featuredmedia":[{"embeddable":true,"href":"https:\/\/wizardly-davinci.82-223-8-23.plesk.page\/en\/wp-json\/wp\/v2\/media\/17662"}],"wp:attachment":[{"href":"https:\/\/wizardly-davinci.82-223-8-23.plesk.page\/en\/wp-json\/wp\/v2\/media?parent=17661"}],"wp:term":[{"taxonomy":"product_cat","embeddable":true,"href":"https:\/\/wizardly-davinci.82-223-8-23.plesk.page\/en\/wp-json\/wp\/v2\/product_cat?post=17661"},{"taxonomy":"product_tag","embeddable":true,"href":"https:\/\/wizardly-davinci.82-223-8-23.plesk.page\/en\/wp-json\/wp\/v2\/product_tag?post=17661"},{"taxonomy":"edicion","embeddable":true,"href":"https:\/\/wizardly-davinci.82-223-8-23.plesk.page\/en\/wp-json\/wp\/v2\/edicion?post=17661"},{"taxonomy":"editoriales","embeddable":true,"href":"https:\/\/wizardly-davinci.82-223-8-23.plesk.page\/en\/wp-json\/wp\/v2\/editoriales?post=17661"},{"taxonomy":"tienda","embeddable":true,"href":"https:\/\/wizardly-davinci.82-223-8-23.plesk.page\/en\/wp-json\/wp\/v2\/tienda?post=17661"},{"taxonomy":"autor_id","embeddable":true,"href":"https:\/\/wizardly-davinci.82-223-8-23.plesk.page\/en\/wp-json\/wp\/v2\/autor_id?post=17661"},{"taxonomy":"universidades_coeditoras","embeddable":true,"href":"https:\/\/wizardly-davinci.82-223-8-23.plesk.page\/en\/wp-json\/wp\/v2\/universidades_coeditoras?post=17661"},{"taxonomy":"palabras_clave","embeddable":true,"href":"https:\/\/wizardly-davinci.82-223-8-23.plesk.page\/en\/wp-json\/wp\/v2\/palabras_clave?post=17661"},{"taxonomy":"listado_alfabetico","embeddable":true,"href":"https:\/\/wizardly-davinci.82-223-8-23.plesk.page\/en\/wp-json\/wp\/v2\/listado_alfabetico?post=17661"}],"curies":[{"name":"wp","href":"https:\/\/api.w.org\/{rel}","templated":true}]}}