{"id":17663,"date":"2019-04-09T22:51:56","date_gmt":"2019-04-09T22:51:56","guid":{"rendered":"https:\/\/octaedro.com\/producto\/antologia-poetica-del-renacimiento\/"},"modified":"2023-04-20T13:02:27","modified_gmt":"2023-04-20T11:02:27","slug":"antologia-poetica-del-renacimiento","status":"publish","type":"product","link":"https:\/\/wizardly-davinci.82-223-8-23.plesk.page\/en\/producto\/antologia-poetica-del-renacimiento\/","title":{"rendered":"Antolog\u00eda po\u00e9tica del Renacimiento"},"content":{"rendered":"<p>Este volumen pone al alcance del lector una antolog\u00eda biling\u00fce de una de las etapas m\u00e1s apasionantes de la l\u00edrica universal. Desde el Magisterio de Petrarca, la selecci\u00f3n abarca los textos m\u00e1s notables de los principales poetas europeos del Renacimiento. En estas p\u00e1ginas, m\u00e1s all\u00e1 de su pertenencia a distintas culturas, Garcilaso, Ronsard, Cam\u00f5es, Tasso, Shakespeare y muchos otros nos ofrecen un panorama variado y unitario al mismo tiempo de la poes\u00eda europea del principio de la Edad Moderna.<\/p>\n","protected":false},"excerpt":{"rendered":"<p>Este volumen pone al alcance del lector una antolog\u00eda biling\u00fce de una de las etapas m\u00e1s apasionantes de la l\u00edrica universal. Desde el Magisterio de Petrarca, la selecci\u00f3n abarca los textos m\u00e1s notables de los principales poetas europeos del Renacimiento. En estas p\u00e1ginas, m\u00e1s all\u00e1 de su pertenencia a distintas culturas, Garcilaso, Ronsard, Cam\u00f5es, Tasso, Shakespeare y muchos otros nos ofrecen un panorama variado y unitario al mismo tiempo de la poes\u00eda europea del principio de la Edad Moderna.<\/p>\n","protected":false},"featured_media":17664,"comment_status":"open","ping_status":"closed","template":"","meta":{"_et_pb_use_builder":"","_et_pb_old_content":"","_et_gb_content_width":""},"product_cat":[1512],"product_tag":[2602],"edicion":[1083],"editoriales":[1160],"tienda":[],"autor_id":[5050],"universidades_coeditoras":[],"palabras_clave":[],"listado_alfabetico":[],"acf":[],"_links":{"self":[{"href":"https:\/\/wizardly-davinci.82-223-8-23.plesk.page\/en\/wp-json\/wp\/v2\/product\/17663"}],"collection":[{"href":"https:\/\/wizardly-davinci.82-223-8-23.plesk.page\/en\/wp-json\/wp\/v2\/product"}],"about":[{"href":"https:\/\/wizardly-davinci.82-223-8-23.plesk.page\/en\/wp-json\/wp\/v2\/types\/product"}],"replies":[{"embeddable":true,"href":"https:\/\/wizardly-davinci.82-223-8-23.plesk.page\/en\/wp-json\/wp\/v2\/comments?post=17663"}],"wp:featuredmedia":[{"embeddable":true,"href":"https:\/\/wizardly-davinci.82-223-8-23.plesk.page\/en\/wp-json\/wp\/v2\/media\/17664"}],"wp:attachment":[{"href":"https:\/\/wizardly-davinci.82-223-8-23.plesk.page\/en\/wp-json\/wp\/v2\/media?parent=17663"}],"wp:term":[{"taxonomy":"product_cat","embeddable":true,"href":"https:\/\/wizardly-davinci.82-223-8-23.plesk.page\/en\/wp-json\/wp\/v2\/product_cat?post=17663"},{"taxonomy":"product_tag","embeddable":true,"href":"https:\/\/wizardly-davinci.82-223-8-23.plesk.page\/en\/wp-json\/wp\/v2\/product_tag?post=17663"},{"taxonomy":"edicion","embeddable":true,"href":"https:\/\/wizardly-davinci.82-223-8-23.plesk.page\/en\/wp-json\/wp\/v2\/edicion?post=17663"},{"taxonomy":"editoriales","embeddable":true,"href":"https:\/\/wizardly-davinci.82-223-8-23.plesk.page\/en\/wp-json\/wp\/v2\/editoriales?post=17663"},{"taxonomy":"tienda","embeddable":true,"href":"https:\/\/wizardly-davinci.82-223-8-23.plesk.page\/en\/wp-json\/wp\/v2\/tienda?post=17663"},{"taxonomy":"autor_id","embeddable":true,"href":"https:\/\/wizardly-davinci.82-223-8-23.plesk.page\/en\/wp-json\/wp\/v2\/autor_id?post=17663"},{"taxonomy":"universidades_coeditoras","embeddable":true,"href":"https:\/\/wizardly-davinci.82-223-8-23.plesk.page\/en\/wp-json\/wp\/v2\/universidades_coeditoras?post=17663"},{"taxonomy":"palabras_clave","embeddable":true,"href":"https:\/\/wizardly-davinci.82-223-8-23.plesk.page\/en\/wp-json\/wp\/v2\/palabras_clave?post=17663"},{"taxonomy":"listado_alfabetico","embeddable":true,"href":"https:\/\/wizardly-davinci.82-223-8-23.plesk.page\/en\/wp-json\/wp\/v2\/listado_alfabetico?post=17663"}],"curies":[{"name":"wp","href":"https:\/\/api.w.org\/{rel}","templated":true}]}}