{"id":17667,"date":"2019-04-09T22:51:57","date_gmt":"2019-04-09T22:51:57","guid":{"rendered":"https:\/\/octaedro.com\/producto\/cartas\/"},"modified":"2023-04-20T13:02:41","modified_gmt":"2023-04-20T11:02:41","slug":"cartas","status":"publish","type":"product","link":"https:\/\/wizardly-davinci.82-223-8-23.plesk.page\/en\/producto\/cartas\/","title":{"rendered":"Cartas"},"content":{"rendered":"<p>Estas cartas son el relato del alma de Valera, un ser humano excepcional en el desbordante siglo XIX, el hombre de esp\u00edritu tolerante y jovial que sobrevol\u00f3 la densa espectacularidad de su \u00e9poca. Su sensibilidad y su lenguaje se acercan a nosotros en estos reportajes en los que el latido del tiempo pasado se conserva pleno y accesible. Una galer\u00eda de personajes y situaciones c\u00f3micas o dram\u00e1ticas se abre a nuestra imaginaci\u00f3n. Los oscuros intereses, el murmullo de las conspiraciones, los ideales que contribuyeron a alumbrar nuestro tiempo se dibujan con sigilosa nitidez y con una iron\u00eda a veces punzante y otras ben\u00e9vola, con la que el gozo del lector est\u00e1 asegurado.<\/p>\n","protected":false},"excerpt":{"rendered":"<p>Estas cartas son el relato del alma de Valera, un ser humano excepcional en el desbordante siglo XIX, el hombre de esp\u00edritu tolerante y jovial que sobrevol\u00f3 la densa espectacularidad de su \u00e9poca. Su sensibilidad y su lenguaje se acercan a nosotros en estos reportajes en los que el latido del tiempo pasado se conserva pleno y accesible. Una galer\u00eda de personajes y situaciones c\u00f3micas o dram\u00e1ticas se abre a nuestra imaginaci\u00f3n. Los oscuros intereses, el murmullo de las conspiraciones, los ideales que contribuyeron a alumbrar nuestro tiempo se dibujan con sigilosa nitidez y con una iron\u00eda a veces punzante y otras ben\u00e9vola, con la que el gozo del lector est\u00e1 asegurado.<\/p>\n","protected":false},"featured_media":17668,"comment_status":"open","ping_status":"closed","template":"","meta":{"_et_pb_use_builder":"","_et_pb_old_content":"","_et_gb_content_width":""},"product_cat":[1512],"product_tag":[2602],"edicion":[1083],"editoriales":[1160],"tienda":[],"autor_id":[6543],"universidades_coeditoras":[],"palabras_clave":[],"listado_alfabetico":[],"acf":[],"_links":{"self":[{"href":"https:\/\/wizardly-davinci.82-223-8-23.plesk.page\/en\/wp-json\/wp\/v2\/product\/17667"}],"collection":[{"href":"https:\/\/wizardly-davinci.82-223-8-23.plesk.page\/en\/wp-json\/wp\/v2\/product"}],"about":[{"href":"https:\/\/wizardly-davinci.82-223-8-23.plesk.page\/en\/wp-json\/wp\/v2\/types\/product"}],"replies":[{"embeddable":true,"href":"https:\/\/wizardly-davinci.82-223-8-23.plesk.page\/en\/wp-json\/wp\/v2\/comments?post=17667"}],"wp:featuredmedia":[{"embeddable":true,"href":"https:\/\/wizardly-davinci.82-223-8-23.plesk.page\/en\/wp-json\/wp\/v2\/media\/17668"}],"wp:attachment":[{"href":"https:\/\/wizardly-davinci.82-223-8-23.plesk.page\/en\/wp-json\/wp\/v2\/media?parent=17667"}],"wp:term":[{"taxonomy":"product_cat","embeddable":true,"href":"https:\/\/wizardly-davinci.82-223-8-23.plesk.page\/en\/wp-json\/wp\/v2\/product_cat?post=17667"},{"taxonomy":"product_tag","embeddable":true,"href":"https:\/\/wizardly-davinci.82-223-8-23.plesk.page\/en\/wp-json\/wp\/v2\/product_tag?post=17667"},{"taxonomy":"edicion","embeddable":true,"href":"https:\/\/wizardly-davinci.82-223-8-23.plesk.page\/en\/wp-json\/wp\/v2\/edicion?post=17667"},{"taxonomy":"editoriales","embeddable":true,"href":"https:\/\/wizardly-davinci.82-223-8-23.plesk.page\/en\/wp-json\/wp\/v2\/editoriales?post=17667"},{"taxonomy":"tienda","embeddable":true,"href":"https:\/\/wizardly-davinci.82-223-8-23.plesk.page\/en\/wp-json\/wp\/v2\/tienda?post=17667"},{"taxonomy":"autor_id","embeddable":true,"href":"https:\/\/wizardly-davinci.82-223-8-23.plesk.page\/en\/wp-json\/wp\/v2\/autor_id?post=17667"},{"taxonomy":"universidades_coeditoras","embeddable":true,"href":"https:\/\/wizardly-davinci.82-223-8-23.plesk.page\/en\/wp-json\/wp\/v2\/universidades_coeditoras?post=17667"},{"taxonomy":"palabras_clave","embeddable":true,"href":"https:\/\/wizardly-davinci.82-223-8-23.plesk.page\/en\/wp-json\/wp\/v2\/palabras_clave?post=17667"},{"taxonomy":"listado_alfabetico","embeddable":true,"href":"https:\/\/wizardly-davinci.82-223-8-23.plesk.page\/en\/wp-json\/wp\/v2\/listado_alfabetico?post=17667"}],"curies":[{"name":"wp","href":"https:\/\/api.w.org\/{rel}","templated":true}]}}