{"id":17669,"date":"2019-04-09T22:51:57","date_gmt":"2019-04-09T22:51:57","guid":{"rendered":"https:\/\/octaedro.com\/producto\/hamlet\/"},"modified":"2023-04-20T13:07:20","modified_gmt":"2023-04-20T11:07:20","slug":"hamlet","status":"publish","type":"product","link":"https:\/\/wizardly-davinci.82-223-8-23.plesk.page\/en\/producto\/hamlet\/","title":{"rendered":"Hamlet"},"content":{"rendered":"<p>\u201cHamlet\u201d es un misterio, un texto que cala en los m\u00e1s rec\u00f3nditos sentimientos del ser humano. Pese a las muchas interpretaciones y lecturas que ha concitado, siempre surge una nueva perspectiva de enfoque y una percepci\u00f3n individual de cada persona que se acerca a la obra. Y es que acaso el problema de \u201cHamlet\u201d est\u00e9 en la esencia de nosotros mismos.La traducci\u00f3n de Manuel \u00c1ngel Conejero y el Instituto Shakespeare es uno de los m\u00e1s brillantes esfuerzos para verter al espa\u00f1ol la palabra po\u00e9tica y dram\u00e1tica del creador genial.<\/p>\n","protected":false},"excerpt":{"rendered":"<p>\u201cHamlet\u201d es un misterio, un texto que cala en los m\u00e1s rec\u00f3nditos sentimientos del ser humano. Pese a las muchas interpretaciones y lecturas que ha concitado, siempre surge una nueva perspectiva de enfoque y una percepci\u00f3n individual de cada persona que se acerca a la obra. Y es que acaso el problema de \u201cHamlet\u201d est\u00e9 en la esencia de nosotros mismos.La traducci\u00f3n de Manuel \u00c1ngel Conejero y el Instituto Shakespeare es uno de los m\u00e1s brillantes esfuerzos para verter al espa\u00f1ol la palabra po\u00e9tica y dram\u00e1tica del creador genial.<\/p>\n","protected":false},"featured_media":17670,"comment_status":"open","ping_status":"closed","template":"","meta":{"_et_pb_use_builder":"","_et_pb_old_content":"","_et_gb_content_width":""},"product_cat":[1512,6675],"product_tag":[2602],"edicion":[1083],"editoriales":[1160],"tienda":[],"autor_id":[6413],"universidades_coeditoras":[],"palabras_clave":[],"listado_alfabetico":[],"acf":[],"_links":{"self":[{"href":"https:\/\/wizardly-davinci.82-223-8-23.plesk.page\/en\/wp-json\/wp\/v2\/product\/17669"}],"collection":[{"href":"https:\/\/wizardly-davinci.82-223-8-23.plesk.page\/en\/wp-json\/wp\/v2\/product"}],"about":[{"href":"https:\/\/wizardly-davinci.82-223-8-23.plesk.page\/en\/wp-json\/wp\/v2\/types\/product"}],"replies":[{"embeddable":true,"href":"https:\/\/wizardly-davinci.82-223-8-23.plesk.page\/en\/wp-json\/wp\/v2\/comments?post=17669"}],"wp:featuredmedia":[{"embeddable":true,"href":"https:\/\/wizardly-davinci.82-223-8-23.plesk.page\/en\/wp-json\/wp\/v2\/media\/17670"}],"wp:attachment":[{"href":"https:\/\/wizardly-davinci.82-223-8-23.plesk.page\/en\/wp-json\/wp\/v2\/media?parent=17669"}],"wp:term":[{"taxonomy":"product_cat","embeddable":true,"href":"https:\/\/wizardly-davinci.82-223-8-23.plesk.page\/en\/wp-json\/wp\/v2\/product_cat?post=17669"},{"taxonomy":"product_tag","embeddable":true,"href":"https:\/\/wizardly-davinci.82-223-8-23.plesk.page\/en\/wp-json\/wp\/v2\/product_tag?post=17669"},{"taxonomy":"edicion","embeddable":true,"href":"https:\/\/wizardly-davinci.82-223-8-23.plesk.page\/en\/wp-json\/wp\/v2\/edicion?post=17669"},{"taxonomy":"editoriales","embeddable":true,"href":"https:\/\/wizardly-davinci.82-223-8-23.plesk.page\/en\/wp-json\/wp\/v2\/editoriales?post=17669"},{"taxonomy":"tienda","embeddable":true,"href":"https:\/\/wizardly-davinci.82-223-8-23.plesk.page\/en\/wp-json\/wp\/v2\/tienda?post=17669"},{"taxonomy":"autor_id","embeddable":true,"href":"https:\/\/wizardly-davinci.82-223-8-23.plesk.page\/en\/wp-json\/wp\/v2\/autor_id?post=17669"},{"taxonomy":"universidades_coeditoras","embeddable":true,"href":"https:\/\/wizardly-davinci.82-223-8-23.plesk.page\/en\/wp-json\/wp\/v2\/universidades_coeditoras?post=17669"},{"taxonomy":"palabras_clave","embeddable":true,"href":"https:\/\/wizardly-davinci.82-223-8-23.plesk.page\/en\/wp-json\/wp\/v2\/palabras_clave?post=17669"},{"taxonomy":"listado_alfabetico","embeddable":true,"href":"https:\/\/wizardly-davinci.82-223-8-23.plesk.page\/en\/wp-json\/wp\/v2\/listado_alfabetico?post=17669"}],"curies":[{"name":"wp","href":"https:\/\/api.w.org\/{rel}","templated":true}]}}