{"id":17671,"date":"2019-04-09T22:51:57","date_gmt":"2019-04-09T22:51:57","guid":{"rendered":"https:\/\/octaedro.com\/producto\/poemas-esenciales-del-simbolismo\/"},"modified":"2023-04-20T13:07:27","modified_gmt":"2023-04-20T11:07:27","slug":"poemas-esenciales-del-simbolismo","status":"publish","type":"product","link":"https:\/\/wizardly-davinci.82-223-8-23.plesk.page\/en\/producto\/poemas-esenciales-del-simbolismo\/","title":{"rendered":"Poemas esenciales del simbolismo"},"content":{"rendered":"<p>Este volumen pone al alcance del lector una antolog\u00eda biling\u00fce de una de las etapas cenitales de la l\u00edrica occidental. Desde las ra\u00edces tardorrom\u00e1nticas (Poe, Nerval, Baudelaire) hasta los maestros franceses (Lautr\u00e9amont, Rimbaud, Verlaine, Mallarm\u00e9, Laforgue) y la expansi\u00f3n internacional de ese movimiento hacia la libertad y la conquista del reino interior, que est\u00e1 en la base de la poes\u00eda moderna.<\/p>\n","protected":false},"excerpt":{"rendered":"<p>Este volumen pone al alcance del lector una antolog\u00eda biling\u00fce de una de las etapas cenitales de la l\u00edrica occidental. Desde las ra\u00edces tardorrom\u00e1nticas (Poe, Nerval, Baudelaire) hasta los maestros franceses (Lautr\u00e9amont, Rimbaud, Verlaine, Mallarm\u00e9, Laforgue) y la expansi\u00f3n internacional de ese movimiento hacia la libertad y la conquista del reino interior, que est\u00e1 en la base de la poes\u00eda moderna.<\/p>\n","protected":false},"featured_media":17672,"comment_status":"open","ping_status":"closed","template":"","meta":{"_et_pb_use_builder":"","_et_pb_old_content":"","_et_gb_content_width":""},"product_cat":[1512],"product_tag":[2602],"edicion":[1083],"editoriales":[1160],"tienda":[],"autor_id":[5050],"universidades_coeditoras":[],"palabras_clave":[],"listado_alfabetico":[],"acf":[],"_links":{"self":[{"href":"https:\/\/wizardly-davinci.82-223-8-23.plesk.page\/en\/wp-json\/wp\/v2\/product\/17671"}],"collection":[{"href":"https:\/\/wizardly-davinci.82-223-8-23.plesk.page\/en\/wp-json\/wp\/v2\/product"}],"about":[{"href":"https:\/\/wizardly-davinci.82-223-8-23.plesk.page\/en\/wp-json\/wp\/v2\/types\/product"}],"replies":[{"embeddable":true,"href":"https:\/\/wizardly-davinci.82-223-8-23.plesk.page\/en\/wp-json\/wp\/v2\/comments?post=17671"}],"wp:featuredmedia":[{"embeddable":true,"href":"https:\/\/wizardly-davinci.82-223-8-23.plesk.page\/en\/wp-json\/wp\/v2\/media\/17672"}],"wp:attachment":[{"href":"https:\/\/wizardly-davinci.82-223-8-23.plesk.page\/en\/wp-json\/wp\/v2\/media?parent=17671"}],"wp:term":[{"taxonomy":"product_cat","embeddable":true,"href":"https:\/\/wizardly-davinci.82-223-8-23.plesk.page\/en\/wp-json\/wp\/v2\/product_cat?post=17671"},{"taxonomy":"product_tag","embeddable":true,"href":"https:\/\/wizardly-davinci.82-223-8-23.plesk.page\/en\/wp-json\/wp\/v2\/product_tag?post=17671"},{"taxonomy":"edicion","embeddable":true,"href":"https:\/\/wizardly-davinci.82-223-8-23.plesk.page\/en\/wp-json\/wp\/v2\/edicion?post=17671"},{"taxonomy":"editoriales","embeddable":true,"href":"https:\/\/wizardly-davinci.82-223-8-23.plesk.page\/en\/wp-json\/wp\/v2\/editoriales?post=17671"},{"taxonomy":"tienda","embeddable":true,"href":"https:\/\/wizardly-davinci.82-223-8-23.plesk.page\/en\/wp-json\/wp\/v2\/tienda?post=17671"},{"taxonomy":"autor_id","embeddable":true,"href":"https:\/\/wizardly-davinci.82-223-8-23.plesk.page\/en\/wp-json\/wp\/v2\/autor_id?post=17671"},{"taxonomy":"universidades_coeditoras","embeddable":true,"href":"https:\/\/wizardly-davinci.82-223-8-23.plesk.page\/en\/wp-json\/wp\/v2\/universidades_coeditoras?post=17671"},{"taxonomy":"palabras_clave","embeddable":true,"href":"https:\/\/wizardly-davinci.82-223-8-23.plesk.page\/en\/wp-json\/wp\/v2\/palabras_clave?post=17671"},{"taxonomy":"listado_alfabetico","embeddable":true,"href":"https:\/\/wizardly-davinci.82-223-8-23.plesk.page\/en\/wp-json\/wp\/v2\/listado_alfabetico?post=17671"}],"curies":[{"name":"wp","href":"https:\/\/api.w.org\/{rel}","templated":true}]}}