{"id":17673,"date":"2019-04-09T22:51:58","date_gmt":"2019-04-09T22:51:58","guid":{"rendered":"https:\/\/octaedro.com\/producto\/la-casa-de-los-dos-portales-y-otros-cuentos\/"},"modified":"2023-04-20T13:07:34","modified_gmt":"2023-04-20T11:07:34","slug":"la-casa-de-los-dos-portales-y-otros-cuentos","status":"publish","type":"product","link":"https:\/\/wizardly-davinci.82-223-8-23.plesk.page\/en\/producto\/la-casa-de-los-dos-portales-y-otros-cuentos\/","title":{"rendered":"La casa de los dos portales y otros cuentos"},"content":{"rendered":"<p>Jos\u00e9 Mar\u00eda Merino naci\u00f3 en La Coru\u00f1a en 1941, y vivi\u00f3 muchos a\u00f1os en Le\u00f3n. Ha publicado poes\u00eda, cuentos y novelas. Es uno de los narradores que ha sabido crear un mundo de ficci\u00f3n que conjuga la realidad cotidiana y el universo m\u00e1gico y misterioso de la imaginaci\u00f3n. Esta antolog\u00eda ofrece al lector una muestra significativa de los diversos aspectos de su narrativa breve. Estas obras, con las que el autor ha obtenido numerosos premios, est\u00e1n traducidas a diversas lenguas y se incluyen en las antolog\u00edas m\u00e1s importantes del relato espa\u00f1ol contempor\u00e1neo.<\/p>\n","protected":false},"excerpt":{"rendered":"<p>Jos\u00e9 Mar\u00eda Merino naci\u00f3 en La Coru\u00f1a en 1941, y vivi\u00f3 muchos a\u00f1os en Le\u00f3n. Ha publicado poes\u00eda, cuentos y novelas. Es uno de los narradores que ha sabido crear un mundo de ficci\u00f3n que conjuga la realidad cotidiana y el universo m\u00e1gico y misterioso de la imaginaci\u00f3n. Esta antolog\u00eda ofrece al lector una muestra significativa de los diversos aspectos de su narrativa breve. Estas obras, con las que el autor ha obtenido numerosos premios, est\u00e1n traducidas a diversas lenguas y se incluyen en las antolog\u00edas m\u00e1s importantes del relato espa\u00f1ol contempor\u00e1neo.<\/p>\n","protected":false},"featured_media":17674,"comment_status":"open","ping_status":"closed","template":"","meta":{"_et_pb_use_builder":"","_et_pb_old_content":"","_et_gb_content_width":""},"product_cat":[1512],"product_tag":[2602],"edicion":[1083],"editoriales":[1160],"tienda":[],"autor_id":[5968],"universidades_coeditoras":[],"palabras_clave":[],"listado_alfabetico":[],"acf":[],"_links":{"self":[{"href":"https:\/\/wizardly-davinci.82-223-8-23.plesk.page\/en\/wp-json\/wp\/v2\/product\/17673"}],"collection":[{"href":"https:\/\/wizardly-davinci.82-223-8-23.plesk.page\/en\/wp-json\/wp\/v2\/product"}],"about":[{"href":"https:\/\/wizardly-davinci.82-223-8-23.plesk.page\/en\/wp-json\/wp\/v2\/types\/product"}],"replies":[{"embeddable":true,"href":"https:\/\/wizardly-davinci.82-223-8-23.plesk.page\/en\/wp-json\/wp\/v2\/comments?post=17673"}],"wp:featuredmedia":[{"embeddable":true,"href":"https:\/\/wizardly-davinci.82-223-8-23.plesk.page\/en\/wp-json\/wp\/v2\/media\/17674"}],"wp:attachment":[{"href":"https:\/\/wizardly-davinci.82-223-8-23.plesk.page\/en\/wp-json\/wp\/v2\/media?parent=17673"}],"wp:term":[{"taxonomy":"product_cat","embeddable":true,"href":"https:\/\/wizardly-davinci.82-223-8-23.plesk.page\/en\/wp-json\/wp\/v2\/product_cat?post=17673"},{"taxonomy":"product_tag","embeddable":true,"href":"https:\/\/wizardly-davinci.82-223-8-23.plesk.page\/en\/wp-json\/wp\/v2\/product_tag?post=17673"},{"taxonomy":"edicion","embeddable":true,"href":"https:\/\/wizardly-davinci.82-223-8-23.plesk.page\/en\/wp-json\/wp\/v2\/edicion?post=17673"},{"taxonomy":"editoriales","embeddable":true,"href":"https:\/\/wizardly-davinci.82-223-8-23.plesk.page\/en\/wp-json\/wp\/v2\/editoriales?post=17673"},{"taxonomy":"tienda","embeddable":true,"href":"https:\/\/wizardly-davinci.82-223-8-23.plesk.page\/en\/wp-json\/wp\/v2\/tienda?post=17673"},{"taxonomy":"autor_id","embeddable":true,"href":"https:\/\/wizardly-davinci.82-223-8-23.plesk.page\/en\/wp-json\/wp\/v2\/autor_id?post=17673"},{"taxonomy":"universidades_coeditoras","embeddable":true,"href":"https:\/\/wizardly-davinci.82-223-8-23.plesk.page\/en\/wp-json\/wp\/v2\/universidades_coeditoras?post=17673"},{"taxonomy":"palabras_clave","embeddable":true,"href":"https:\/\/wizardly-davinci.82-223-8-23.plesk.page\/en\/wp-json\/wp\/v2\/palabras_clave?post=17673"},{"taxonomy":"listado_alfabetico","embeddable":true,"href":"https:\/\/wizardly-davinci.82-223-8-23.plesk.page\/en\/wp-json\/wp\/v2\/listado_alfabetico?post=17673"}],"curies":[{"name":"wp","href":"https:\/\/api.w.org\/{rel}","templated":true}]}}