{"id":17675,"date":"2019-04-09T22:51:58","date_gmt":"2019-04-09T22:51:58","guid":{"rendered":"https:\/\/octaedro.com\/producto\/el-enfermo-imaginario\/"},"modified":"2023-04-20T13:07:41","modified_gmt":"2023-04-20T11:07:41","slug":"el-enfermo-imaginario","status":"publish","type":"product","link":"https:\/\/wizardly-davinci.82-223-8-23.plesk.page\/en\/producto\/el-enfermo-imaginario\/","title":{"rendered":"El enfermo imaginario"},"content":{"rendered":"<p>El enfermo imaginario es la \u00faltima y una de las m\u00e1s geniales creaciones de Jean Baptiste Poquelin, Moli\u00e8re. En ella brilla, quiz\u00e1 como en ninguna otra, la vis c\u00f3mica de autor franc\u00e9s. La burla contra la ignorancia de los m\u00e9dicos tiene aqu\u00ed un tono demoledor, en la mejor tradici\u00f3n de la s\u00e1tira; pero, al mismo tiempo, el retrato man\u00edaco aprensivo, empe\u00f1ado en estar enfermo a pesar de su vigorosa salud, va m\u00e1s all\u00e1 de la caricatura para alcanzar el disparate, el absurdo, no exento de comprensi\u00f3n e incluso ternura, que enlaza con las formas m\u00e1s modernas de humor.<\/p>\n","protected":false},"excerpt":{"rendered":"<p>El enfermo imaginario es la \u00faltima y una de las m\u00e1s geniales creaciones de Jean Baptiste Poquelin, Moli\u00e8re. En ella brilla, quiz\u00e1 como en ninguna otra, la vis c\u00f3mica de autor franc\u00e9s. La burla contra la ignorancia de los m\u00e9dicos tiene aqu\u00ed un tono demoledor, en la mejor tradici\u00f3n de la s\u00e1tira; pero, al mismo tiempo, el retrato man\u00edaco aprensivo, empe\u00f1ado en estar enfermo a pesar de su vigorosa salud, va m\u00e1s all\u00e1 de la caricatura para alcanzar el disparate, el absurdo, no exento de comprensi\u00f3n e incluso ternura, que enlaza con las formas m\u00e1s modernas de humor.<\/p>\n","protected":false},"featured_media":17676,"comment_status":"open","ping_status":"closed","template":"","meta":{"_et_pb_use_builder":"","_et_pb_old_content":"","_et_gb_content_width":""},"product_cat":[1512,6675],"product_tag":[2602],"edicion":[1083],"editoriales":[1160],"tienda":[],"autor_id":[6170],"universidades_coeditoras":[],"palabras_clave":[],"listado_alfabetico":[],"acf":[],"_links":{"self":[{"href":"https:\/\/wizardly-davinci.82-223-8-23.plesk.page\/en\/wp-json\/wp\/v2\/product\/17675"}],"collection":[{"href":"https:\/\/wizardly-davinci.82-223-8-23.plesk.page\/en\/wp-json\/wp\/v2\/product"}],"about":[{"href":"https:\/\/wizardly-davinci.82-223-8-23.plesk.page\/en\/wp-json\/wp\/v2\/types\/product"}],"replies":[{"embeddable":true,"href":"https:\/\/wizardly-davinci.82-223-8-23.plesk.page\/en\/wp-json\/wp\/v2\/comments?post=17675"}],"wp:featuredmedia":[{"embeddable":true,"href":"https:\/\/wizardly-davinci.82-223-8-23.plesk.page\/en\/wp-json\/wp\/v2\/media\/17676"}],"wp:attachment":[{"href":"https:\/\/wizardly-davinci.82-223-8-23.plesk.page\/en\/wp-json\/wp\/v2\/media?parent=17675"}],"wp:term":[{"taxonomy":"product_cat","embeddable":true,"href":"https:\/\/wizardly-davinci.82-223-8-23.plesk.page\/en\/wp-json\/wp\/v2\/product_cat?post=17675"},{"taxonomy":"product_tag","embeddable":true,"href":"https:\/\/wizardly-davinci.82-223-8-23.plesk.page\/en\/wp-json\/wp\/v2\/product_tag?post=17675"},{"taxonomy":"edicion","embeddable":true,"href":"https:\/\/wizardly-davinci.82-223-8-23.plesk.page\/en\/wp-json\/wp\/v2\/edicion?post=17675"},{"taxonomy":"editoriales","embeddable":true,"href":"https:\/\/wizardly-davinci.82-223-8-23.plesk.page\/en\/wp-json\/wp\/v2\/editoriales?post=17675"},{"taxonomy":"tienda","embeddable":true,"href":"https:\/\/wizardly-davinci.82-223-8-23.plesk.page\/en\/wp-json\/wp\/v2\/tienda?post=17675"},{"taxonomy":"autor_id","embeddable":true,"href":"https:\/\/wizardly-davinci.82-223-8-23.plesk.page\/en\/wp-json\/wp\/v2\/autor_id?post=17675"},{"taxonomy":"universidades_coeditoras","embeddable":true,"href":"https:\/\/wizardly-davinci.82-223-8-23.plesk.page\/en\/wp-json\/wp\/v2\/universidades_coeditoras?post=17675"},{"taxonomy":"palabras_clave","embeddable":true,"href":"https:\/\/wizardly-davinci.82-223-8-23.plesk.page\/en\/wp-json\/wp\/v2\/palabras_clave?post=17675"},{"taxonomy":"listado_alfabetico","embeddable":true,"href":"https:\/\/wizardly-davinci.82-223-8-23.plesk.page\/en\/wp-json\/wp\/v2\/listado_alfabetico?post=17675"}],"curies":[{"name":"wp","href":"https:\/\/api.w.org\/{rel}","templated":true}]}}