{"id":17681,"date":"2019-04-09T22:51:59","date_gmt":"2019-04-09T22:51:59","guid":{"rendered":"https:\/\/octaedro.com\/producto\/tejidos-antologia\/"},"modified":"2023-04-20T13:08:00","modified_gmt":"2023-04-20T11:08:00","slug":"tejidos-antologia","status":"publish","type":"product","link":"https:\/\/wizardly-davinci.82-223-8-23.plesk.page\/en\/producto\/tejidos-antologia\/","title":{"rendered":"Tejidos"},"content":{"rendered":"<p>Eduardo Galeano (Montevideo, 1940), narrador, ensayista, periodista, nos ofrece una visi\u00f3n ins\u00f3lita y esperanzada del mundo a trav\u00e9s de una obra que propone \u201crevelar la peque\u00f1ez de lo grandote y la grandeza de lo peque\u00f1o\u201d.Tejidos es una selecci\u00f3n, realizada por el autor, de textos que provienen de sus libros m\u00e1s relevantes: Las venas abiertas de Am\u00e9rica Latina, Vagamundo, La canci\u00f3n de nosotros, Memorias del fuego, La escuela del mundo al rev\u00e9s&#8230;<\/p>\n","protected":false},"excerpt":{"rendered":"<p>Eduardo Galeano (Montevideo, 1940), narrador, ensayista, periodista, nos ofrece una visi\u00f3n ins\u00f3lita y esperanzada del mundo a trav\u00e9s de una obra que propone \u201crevelar la peque\u00f1ez de lo grandote y la grandeza de lo peque\u00f1o\u201d. Tejidos es una selecci\u00f3n, realizada por el autor, de textos que provienen de sus libros m\u00e1s relevantes: Las venas abiertas de Am\u00e9rica Latina, Vagamundo, La canci\u00f3n de nosotros, Memorias del fuego, La escuela del mundo al rev\u00e9s&#8230;<\/p>\n","protected":false},"featured_media":17682,"comment_status":"open","ping_status":"closed","template":"","meta":{"_et_pb_use_builder":"","_et_pb_old_content":"","_et_gb_content_width":""},"product_cat":[1512,6675],"product_tag":[2602],"edicion":[1083],"editoriales":[1160],"tienda":[],"autor_id":[5532],"universidades_coeditoras":[],"palabras_clave":[],"listado_alfabetico":[],"acf":[],"_links":{"self":[{"href":"https:\/\/wizardly-davinci.82-223-8-23.plesk.page\/en\/wp-json\/wp\/v2\/product\/17681"}],"collection":[{"href":"https:\/\/wizardly-davinci.82-223-8-23.plesk.page\/en\/wp-json\/wp\/v2\/product"}],"about":[{"href":"https:\/\/wizardly-davinci.82-223-8-23.plesk.page\/en\/wp-json\/wp\/v2\/types\/product"}],"replies":[{"embeddable":true,"href":"https:\/\/wizardly-davinci.82-223-8-23.plesk.page\/en\/wp-json\/wp\/v2\/comments?post=17681"}],"wp:featuredmedia":[{"embeddable":true,"href":"https:\/\/wizardly-davinci.82-223-8-23.plesk.page\/en\/wp-json\/wp\/v2\/media\/17682"}],"wp:attachment":[{"href":"https:\/\/wizardly-davinci.82-223-8-23.plesk.page\/en\/wp-json\/wp\/v2\/media?parent=17681"}],"wp:term":[{"taxonomy":"product_cat","embeddable":true,"href":"https:\/\/wizardly-davinci.82-223-8-23.plesk.page\/en\/wp-json\/wp\/v2\/product_cat?post=17681"},{"taxonomy":"product_tag","embeddable":true,"href":"https:\/\/wizardly-davinci.82-223-8-23.plesk.page\/en\/wp-json\/wp\/v2\/product_tag?post=17681"},{"taxonomy":"edicion","embeddable":true,"href":"https:\/\/wizardly-davinci.82-223-8-23.plesk.page\/en\/wp-json\/wp\/v2\/edicion?post=17681"},{"taxonomy":"editoriales","embeddable":true,"href":"https:\/\/wizardly-davinci.82-223-8-23.plesk.page\/en\/wp-json\/wp\/v2\/editoriales?post=17681"},{"taxonomy":"tienda","embeddable":true,"href":"https:\/\/wizardly-davinci.82-223-8-23.plesk.page\/en\/wp-json\/wp\/v2\/tienda?post=17681"},{"taxonomy":"autor_id","embeddable":true,"href":"https:\/\/wizardly-davinci.82-223-8-23.plesk.page\/en\/wp-json\/wp\/v2\/autor_id?post=17681"},{"taxonomy":"universidades_coeditoras","embeddable":true,"href":"https:\/\/wizardly-davinci.82-223-8-23.plesk.page\/en\/wp-json\/wp\/v2\/universidades_coeditoras?post=17681"},{"taxonomy":"palabras_clave","embeddable":true,"href":"https:\/\/wizardly-davinci.82-223-8-23.plesk.page\/en\/wp-json\/wp\/v2\/palabras_clave?post=17681"},{"taxonomy":"listado_alfabetico","embeddable":true,"href":"https:\/\/wizardly-davinci.82-223-8-23.plesk.page\/en\/wp-json\/wp\/v2\/listado_alfabetico?post=17681"}],"curies":[{"name":"wp","href":"https:\/\/api.w.org\/{rel}","templated":true}]}}