{"id":17685,"date":"2019-04-09T22:52:00","date_gmt":"2019-04-09T22:52:00","guid":{"rendered":"https:\/\/octaedro.com\/producto\/la-vida-del-buscon\/"},"modified":"2023-04-20T13:08:13","modified_gmt":"2023-04-20T11:08:13","slug":"la-vida-del-buscon","status":"publish","type":"product","link":"https:\/\/wizardly-davinci.82-223-8-23.plesk.page\/en\/producto\/la-vida-del-buscon\/","title":{"rendered":"La vida del Busc\u00f3n"},"content":{"rendered":"<p>En El Busc\u00f3n Quevedo consigue unir la descripci\u00f3n de la realidad a su transformaci\u00f3n en artificio verbal. S\u00f3lo que aqu\u00e9lla es una apariencia: su aut\u00e9ntica verdad est\u00e1 en el lenguaje. Con la palabra crea una pieza genial en la que el protagonista y el mundo que lo rodea se convierten en caricaturas grotescas, en excusas para la exhibici\u00f3n de un ingenio \u00e1cido, bronco, brillante y sorprendente.<\/p>\n","protected":false},"excerpt":{"rendered":"<p>En El Busc\u00f3n Quevedo consigue unir la descripci\u00f3n de la realidad a su transformaci\u00f3n en artificio verbal. S\u00f3lo que aqu\u00e9lla es una apariencia: su aut\u00e9ntica verdad est\u00e1 en el lenguaje. Con la palabra crea una pieza genial en la que el protagonista y el mundo que lo rodea se convierten en caricaturas grotescas, en excusas para la exhibici\u00f3n de un ingenio \u00e1cido, bronco, brillante y sorprendente.<\/p>\n","protected":false},"featured_media":17686,"comment_status":"open","ping_status":"closed","template":"","meta":{"_et_pb_use_builder":"","_et_pb_old_content":"","_et_gb_content_width":""},"product_cat":[1512],"product_tag":[2602],"edicion":[1083],"editoriales":[1160],"tienda":[],"autor_id":[6215],"universidades_coeditoras":[],"palabras_clave":[],"listado_alfabetico":[],"acf":[],"_links":{"self":[{"href":"https:\/\/wizardly-davinci.82-223-8-23.plesk.page\/en\/wp-json\/wp\/v2\/product\/17685"}],"collection":[{"href":"https:\/\/wizardly-davinci.82-223-8-23.plesk.page\/en\/wp-json\/wp\/v2\/product"}],"about":[{"href":"https:\/\/wizardly-davinci.82-223-8-23.plesk.page\/en\/wp-json\/wp\/v2\/types\/product"}],"replies":[{"embeddable":true,"href":"https:\/\/wizardly-davinci.82-223-8-23.plesk.page\/en\/wp-json\/wp\/v2\/comments?post=17685"}],"wp:featuredmedia":[{"embeddable":true,"href":"https:\/\/wizardly-davinci.82-223-8-23.plesk.page\/en\/wp-json\/wp\/v2\/media\/17686"}],"wp:attachment":[{"href":"https:\/\/wizardly-davinci.82-223-8-23.plesk.page\/en\/wp-json\/wp\/v2\/media?parent=17685"}],"wp:term":[{"taxonomy":"product_cat","embeddable":true,"href":"https:\/\/wizardly-davinci.82-223-8-23.plesk.page\/en\/wp-json\/wp\/v2\/product_cat?post=17685"},{"taxonomy":"product_tag","embeddable":true,"href":"https:\/\/wizardly-davinci.82-223-8-23.plesk.page\/en\/wp-json\/wp\/v2\/product_tag?post=17685"},{"taxonomy":"edicion","embeddable":true,"href":"https:\/\/wizardly-davinci.82-223-8-23.plesk.page\/en\/wp-json\/wp\/v2\/edicion?post=17685"},{"taxonomy":"editoriales","embeddable":true,"href":"https:\/\/wizardly-davinci.82-223-8-23.plesk.page\/en\/wp-json\/wp\/v2\/editoriales?post=17685"},{"taxonomy":"tienda","embeddable":true,"href":"https:\/\/wizardly-davinci.82-223-8-23.plesk.page\/en\/wp-json\/wp\/v2\/tienda?post=17685"},{"taxonomy":"autor_id","embeddable":true,"href":"https:\/\/wizardly-davinci.82-223-8-23.plesk.page\/en\/wp-json\/wp\/v2\/autor_id?post=17685"},{"taxonomy":"universidades_coeditoras","embeddable":true,"href":"https:\/\/wizardly-davinci.82-223-8-23.plesk.page\/en\/wp-json\/wp\/v2\/universidades_coeditoras?post=17685"},{"taxonomy":"palabras_clave","embeddable":true,"href":"https:\/\/wizardly-davinci.82-223-8-23.plesk.page\/en\/wp-json\/wp\/v2\/palabras_clave?post=17685"},{"taxonomy":"listado_alfabetico","embeddable":true,"href":"https:\/\/wizardly-davinci.82-223-8-23.plesk.page\/en\/wp-json\/wp\/v2\/listado_alfabetico?post=17685"}],"curies":[{"name":"wp","href":"https:\/\/api.w.org\/{rel}","templated":true}]}}