{"id":17687,"date":"2019-04-09T22:52:01","date_gmt":"2019-04-09T22:52:01","guid":{"rendered":"https:\/\/octaedro.com\/producto\/poesias-1840\/"},"modified":"2023-04-20T13:08:20","modified_gmt":"2023-04-20T11:08:20","slug":"poesias-1840","status":"publish","type":"product","link":"https:\/\/wizardly-davinci.82-223-8-23.plesk.page\/en\/producto\/poesias-1840\/","title":{"rendered":"Poes\u00edas (1840)"},"content":{"rendered":"<p>Jos\u00e9 de Espronceda es una de las figuras emblem\u00e1ticas del Romanticismo espa\u00f1ol. Su vida, irregular y aventurera, lo llev\u00f3 al exilio y la lucha contra el absolutismo de Fernando VII. Al regresar a Espa\u00f1a en 1833, trae consigo las ideas y las formas de la nueva literatura. La aparici\u00f3n de sus Poes\u00edas (1840), que incluye sus versos l\u00edricos y El estudiante de Salamanca, fue y sigue siendo un momento culminante de esa tendencia que, con su rebeld\u00eda y originalidad, marca el origen del arte contempor\u00e1neo.<\/p>\n","protected":false},"excerpt":{"rendered":"<p>Jos\u00e9 de Espronceda es una de las figuras emblem\u00e1ticas del Romanticismo espa\u00f1ol. Su vida, irregular y aventurera, lo llev\u00f3 al exilio y la lucha contra el absolutismo de Fernando VII. Al regresar a Espa\u00f1a en 1833, trae consigo las ideas y las formas de la nueva literatura. La aparici\u00f3n de sus Poes\u00edas (1840), que incluye sus versos l\u00edricos y El estudiante de Salamanca, fue y sigue siendo un momento culminante de esa tendencia que, con su rebeld\u00eda y originalidad, marca el origen del arte contempor\u00e1neo.<\/p>\n","protected":false},"featured_media":17688,"comment_status":"open","ping_status":"closed","template":"","meta":{"_et_pb_use_builder":"","_et_pb_old_content":"","_et_gb_content_width":""},"product_cat":[1512],"product_tag":[2602],"edicion":[1083],"editoriales":[1160],"tienda":[],"autor_id":[5437],"universidades_coeditoras":[],"palabras_clave":[],"listado_alfabetico":[],"acf":[],"_links":{"self":[{"href":"https:\/\/wizardly-davinci.82-223-8-23.plesk.page\/en\/wp-json\/wp\/v2\/product\/17687"}],"collection":[{"href":"https:\/\/wizardly-davinci.82-223-8-23.plesk.page\/en\/wp-json\/wp\/v2\/product"}],"about":[{"href":"https:\/\/wizardly-davinci.82-223-8-23.plesk.page\/en\/wp-json\/wp\/v2\/types\/product"}],"replies":[{"embeddable":true,"href":"https:\/\/wizardly-davinci.82-223-8-23.plesk.page\/en\/wp-json\/wp\/v2\/comments?post=17687"}],"wp:featuredmedia":[{"embeddable":true,"href":"https:\/\/wizardly-davinci.82-223-8-23.plesk.page\/en\/wp-json\/wp\/v2\/media\/17688"}],"wp:attachment":[{"href":"https:\/\/wizardly-davinci.82-223-8-23.plesk.page\/en\/wp-json\/wp\/v2\/media?parent=17687"}],"wp:term":[{"taxonomy":"product_cat","embeddable":true,"href":"https:\/\/wizardly-davinci.82-223-8-23.plesk.page\/en\/wp-json\/wp\/v2\/product_cat?post=17687"},{"taxonomy":"product_tag","embeddable":true,"href":"https:\/\/wizardly-davinci.82-223-8-23.plesk.page\/en\/wp-json\/wp\/v2\/product_tag?post=17687"},{"taxonomy":"edicion","embeddable":true,"href":"https:\/\/wizardly-davinci.82-223-8-23.plesk.page\/en\/wp-json\/wp\/v2\/edicion?post=17687"},{"taxonomy":"editoriales","embeddable":true,"href":"https:\/\/wizardly-davinci.82-223-8-23.plesk.page\/en\/wp-json\/wp\/v2\/editoriales?post=17687"},{"taxonomy":"tienda","embeddable":true,"href":"https:\/\/wizardly-davinci.82-223-8-23.plesk.page\/en\/wp-json\/wp\/v2\/tienda?post=17687"},{"taxonomy":"autor_id","embeddable":true,"href":"https:\/\/wizardly-davinci.82-223-8-23.plesk.page\/en\/wp-json\/wp\/v2\/autor_id?post=17687"},{"taxonomy":"universidades_coeditoras","embeddable":true,"href":"https:\/\/wizardly-davinci.82-223-8-23.plesk.page\/en\/wp-json\/wp\/v2\/universidades_coeditoras?post=17687"},{"taxonomy":"palabras_clave","embeddable":true,"href":"https:\/\/wizardly-davinci.82-223-8-23.plesk.page\/en\/wp-json\/wp\/v2\/palabras_clave?post=17687"},{"taxonomy":"listado_alfabetico","embeddable":true,"href":"https:\/\/wizardly-davinci.82-223-8-23.plesk.page\/en\/wp-json\/wp\/v2\/listado_alfabetico?post=17687"}],"curies":[{"name":"wp","href":"https:\/\/api.w.org\/{rel}","templated":true}]}}