{"id":17689,"date":"2019-04-09T22:52:01","date_gmt":"2019-04-09T22:52:01","guid":{"rendered":"https:\/\/octaedro.com\/producto\/greguerias-relatos-ensayos-y-otros-textos\/"},"modified":"2023-04-20T13:08:29","modified_gmt":"2023-04-20T11:08:29","slug":"greguerias-relatos-ensayos-y-otros-textos","status":"publish","type":"product","link":"https:\/\/wizardly-davinci.82-223-8-23.plesk.page\/en\/producto\/greguerias-relatos-ensayos-y-otros-textos\/","title":{"rendered":"Greguer\u00edas, relatos, ensayos y otros textos"},"content":{"rendered":"<p><em>Ram\u00f3n G\u00f3mez de la Serna <\/em>fue uno de los pont\u00edfices de las letras vanguardistas europeas, inventor de las greguer\u00edas y explorador infatigable en todos los g\u00e9neros literarios. Precursor y alma del vanguardismo espa\u00f1ol, su influjo en los poetas y prosistas de las generaciones posteriores fue inmenso.<br \/>\nEsta antolog\u00eda ofrece una muestra significativa de las diversas provincias de su ingente obra, inspirada en una concepci\u00f3n rebelde y l\u00fadica del arte: desde las greguer\u00edas a los microrrelatos, desde las novelas cortas a los ensayos, desde los cuentos a los textos autobiogr\u00e1ficos.Edici\u00f3n, introducci\u00f3n y notas La selecci\u00f3n, edici\u00f3n, introducci\u00f3n y notas de este libro ha sido a cargo de: <strong>Domingo R\u00f3denas de Moya, <\/strong> es profesor titular de la Universitat Pompeu Fabra de Barcelona. Especializado en la literatura espa\u00f1ola contempor\u00e1nea, ha publicado ensayos y antolog\u00edas sobre la prosa de vanguardia, la cr\u00edtica literaria y el ensayo espa\u00f1oles, ediciones del propio G\u00f3mez de la Serna, Unamuno, Azor\u00edn, Jarn\u00e9s, Delibes y Carmen Laforet, y numerosos art\u00edculos sobre estos temas.<\/p>\n","protected":false},"excerpt":{"rendered":"<p><em>Ram\u00f3n G\u00f3mez de la Serna <\/em>fue uno de los pont\u00edfices de las letras vanguardistas europeas, inventor de las greguer\u00edas y explorador infatigable en todos los g\u00e9neros literarios. Precursor y alma del vanguardismo espa\u00f1ol, su influjo en los poetas y prosistas de las generaciones posteriores fue inmenso.<br \/>\nEsta antolog\u00eda ofrece una muestra significativa de las diversas provincias de su ingente obra, inspirada en una concepci\u00f3n rebelde y l\u00fadica del arte: desde las greguer\u00edas a los microrrelatos, desde las novelas cortas a los ensayos, desde los cuentos a los textos autobiogr\u00e1ficos.Edici\u00f3n, introducci\u00f3n y notas La selecci\u00f3n, edici\u00f3n, introducci\u00f3n y notas de este libro ha sido a cargo de: <strong>Domingo R\u00f3denas de Moya, <\/strong> es profesor titular de la Universitat Pompeu Fabra de Barcelona. Especializado en la literatura espa\u00f1ola contempor\u00e1nea, ha publicado ensayos y antolog\u00edas sobre la prosa de vanguardia, la cr\u00edtica literaria y el ensayo espa\u00f1oles, ediciones del propio G\u00f3mez de la Serna, Unamuno, Azor\u00edn, Jarn\u00e9s, Delibes y Carmen Laforet, y numerosos art\u00edculos sobre estos temas.<\/p>\n","protected":false},"featured_media":17690,"comment_status":"open","ping_status":"closed","template":"","meta":{"_et_pb_use_builder":"","_et_pb_old_content":"","_et_gb_content_width":""},"product_cat":[1512],"product_tag":[2602],"edicion":[1083],"editoriales":[1160],"tienda":[],"autor_id":[5653,6329],"universidades_coeditoras":[],"palabras_clave":[],"listado_alfabetico":[],"acf":[],"_links":{"self":[{"href":"https:\/\/wizardly-davinci.82-223-8-23.plesk.page\/en\/wp-json\/wp\/v2\/product\/17689"}],"collection":[{"href":"https:\/\/wizardly-davinci.82-223-8-23.plesk.page\/en\/wp-json\/wp\/v2\/product"}],"about":[{"href":"https:\/\/wizardly-davinci.82-223-8-23.plesk.page\/en\/wp-json\/wp\/v2\/types\/product"}],"replies":[{"embeddable":true,"href":"https:\/\/wizardly-davinci.82-223-8-23.plesk.page\/en\/wp-json\/wp\/v2\/comments?post=17689"}],"wp:featuredmedia":[{"embeddable":true,"href":"https:\/\/wizardly-davinci.82-223-8-23.plesk.page\/en\/wp-json\/wp\/v2\/media\/17690"}],"wp:attachment":[{"href":"https:\/\/wizardly-davinci.82-223-8-23.plesk.page\/en\/wp-json\/wp\/v2\/media?parent=17689"}],"wp:term":[{"taxonomy":"product_cat","embeddable":true,"href":"https:\/\/wizardly-davinci.82-223-8-23.plesk.page\/en\/wp-json\/wp\/v2\/product_cat?post=17689"},{"taxonomy":"product_tag","embeddable":true,"href":"https:\/\/wizardly-davinci.82-223-8-23.plesk.page\/en\/wp-json\/wp\/v2\/product_tag?post=17689"},{"taxonomy":"edicion","embeddable":true,"href":"https:\/\/wizardly-davinci.82-223-8-23.plesk.page\/en\/wp-json\/wp\/v2\/edicion?post=17689"},{"taxonomy":"editoriales","embeddable":true,"href":"https:\/\/wizardly-davinci.82-223-8-23.plesk.page\/en\/wp-json\/wp\/v2\/editoriales?post=17689"},{"taxonomy":"tienda","embeddable":true,"href":"https:\/\/wizardly-davinci.82-223-8-23.plesk.page\/en\/wp-json\/wp\/v2\/tienda?post=17689"},{"taxonomy":"autor_id","embeddable":true,"href":"https:\/\/wizardly-davinci.82-223-8-23.plesk.page\/en\/wp-json\/wp\/v2\/autor_id?post=17689"},{"taxonomy":"universidades_coeditoras","embeddable":true,"href":"https:\/\/wizardly-davinci.82-223-8-23.plesk.page\/en\/wp-json\/wp\/v2\/universidades_coeditoras?post=17689"},{"taxonomy":"palabras_clave","embeddable":true,"href":"https:\/\/wizardly-davinci.82-223-8-23.plesk.page\/en\/wp-json\/wp\/v2\/palabras_clave?post=17689"},{"taxonomy":"listado_alfabetico","embeddable":true,"href":"https:\/\/wizardly-davinci.82-223-8-23.plesk.page\/en\/wp-json\/wp\/v2\/listado_alfabetico?post=17689"}],"curies":[{"name":"wp","href":"https:\/\/api.w.org\/{rel}","templated":true}]}}