{"id":17691,"date":"2019-04-09T22:52:01","date_gmt":"2019-04-09T22:52:01","guid":{"rendered":"https:\/\/octaedro.com\/producto\/la-vida-de-lazarillo-de-tormes\/"},"modified":"2023-04-20T13:08:36","modified_gmt":"2023-04-20T11:08:36","slug":"la-vida-de-lazarillo-de-tormes","status":"publish","type":"product","link":"https:\/\/wizardly-davinci.82-223-8-23.plesk.page\/en\/producto\/la-vida-de-lazarillo-de-tormes\/","title":{"rendered":"La vida de Lazarillo de Tormes, y de sus fortunas y adversidades"},"content":{"rendered":"<p>El Lazarillo de Tormes es una de las creaciones capitales de la literatura universal, obra singular y original\u00edsima que se public\u00f3 sin nombre de autor. En esta edici\u00f3n aparece por primera vez restituidla erasmista Alfonso de Vald\u00e9s, secretario del emperador Carlos V. En el documentado pr\u00f3logo, Rosa Navarro Dur\u00e1n aporta las razones que avalan esta atribuci\u00f3n, fija la fecha en que se compuso el genial relato y dilucida otros muchos aspectos relevantes. Milagros Rodr\u00edguez C\u00e1ceres ofrece una edici\u00f3n escrupulosa y ampliamente anotada que aclara cuantas dudas ofrece la rica y compleja prosa en que L\u00e1zaro de Tormes cuenta y justifica su vida.<\/p>\n","protected":false},"excerpt":{"rendered":"<p>El Lazarillo de Tormes es una de las creaciones capitales de la literatura universal, obra singular y original\u00edsima que se public\u00f3 sin nombre de autor. En esta edici\u00f3n aparece por primera vez restituidla erasmista Alfonso de Vald\u00e9s, secretario del emperador Carlos V. En el documentado pr\u00f3logo, Rosa Navarro Dur\u00e1n aporta las razones que avalan esta atribuci\u00f3n, fija la fecha en que se compuso el genial relato y dilucida otros muchos aspectos relevantes. Milagros Rodr\u00edguez C\u00e1ceres ofrece una edici\u00f3n escrupulosa y ampliamente anotada que aclara cuantas dudas ofrece la rica y compleja prosa en que L\u00e1zaro de Tormes cuenta y justifica su vida.<\/p>\n","protected":false},"featured_media":17692,"comment_status":"open","ping_status":"closed","template":"","meta":{"_et_pb_use_builder":"","_et_pb_old_content":"","_et_gb_content_width":""},"product_cat":[1512,6675],"product_tag":[2602],"edicion":[1083],"editoriales":[1160],"tienda":[],"autor_id":[6542],"universidades_coeditoras":[],"palabras_clave":[],"listado_alfabetico":[],"acf":[],"_links":{"self":[{"href":"https:\/\/wizardly-davinci.82-223-8-23.plesk.page\/en\/wp-json\/wp\/v2\/product\/17691"}],"collection":[{"href":"https:\/\/wizardly-davinci.82-223-8-23.plesk.page\/en\/wp-json\/wp\/v2\/product"}],"about":[{"href":"https:\/\/wizardly-davinci.82-223-8-23.plesk.page\/en\/wp-json\/wp\/v2\/types\/product"}],"replies":[{"embeddable":true,"href":"https:\/\/wizardly-davinci.82-223-8-23.plesk.page\/en\/wp-json\/wp\/v2\/comments?post=17691"}],"wp:featuredmedia":[{"embeddable":true,"href":"https:\/\/wizardly-davinci.82-223-8-23.plesk.page\/en\/wp-json\/wp\/v2\/media\/17692"}],"wp:attachment":[{"href":"https:\/\/wizardly-davinci.82-223-8-23.plesk.page\/en\/wp-json\/wp\/v2\/media?parent=17691"}],"wp:term":[{"taxonomy":"product_cat","embeddable":true,"href":"https:\/\/wizardly-davinci.82-223-8-23.plesk.page\/en\/wp-json\/wp\/v2\/product_cat?post=17691"},{"taxonomy":"product_tag","embeddable":true,"href":"https:\/\/wizardly-davinci.82-223-8-23.plesk.page\/en\/wp-json\/wp\/v2\/product_tag?post=17691"},{"taxonomy":"edicion","embeddable":true,"href":"https:\/\/wizardly-davinci.82-223-8-23.plesk.page\/en\/wp-json\/wp\/v2\/edicion?post=17691"},{"taxonomy":"editoriales","embeddable":true,"href":"https:\/\/wizardly-davinci.82-223-8-23.plesk.page\/en\/wp-json\/wp\/v2\/editoriales?post=17691"},{"taxonomy":"tienda","embeddable":true,"href":"https:\/\/wizardly-davinci.82-223-8-23.plesk.page\/en\/wp-json\/wp\/v2\/tienda?post=17691"},{"taxonomy":"autor_id","embeddable":true,"href":"https:\/\/wizardly-davinci.82-223-8-23.plesk.page\/en\/wp-json\/wp\/v2\/autor_id?post=17691"},{"taxonomy":"universidades_coeditoras","embeddable":true,"href":"https:\/\/wizardly-davinci.82-223-8-23.plesk.page\/en\/wp-json\/wp\/v2\/universidades_coeditoras?post=17691"},{"taxonomy":"palabras_clave","embeddable":true,"href":"https:\/\/wizardly-davinci.82-223-8-23.plesk.page\/en\/wp-json\/wp\/v2\/palabras_clave?post=17691"},{"taxonomy":"listado_alfabetico","embeddable":true,"href":"https:\/\/wizardly-davinci.82-223-8-23.plesk.page\/en\/wp-json\/wp\/v2\/listado_alfabetico?post=17691"}],"curies":[{"name":"wp","href":"https:\/\/api.w.org\/{rel}","templated":true}]}}