{"id":17693,"date":"2019-04-09T22:52:01","date_gmt":"2019-04-09T22:52:01","guid":{"rendered":"https:\/\/octaedro.com\/producto\/el-jardin-de-falerina\/"},"modified":"2023-04-20T13:08:43","modified_gmt":"2023-04-20T11:08:43","slug":"el-jardin-de-falerina","status":"publish","type":"product","link":"https:\/\/wizardly-davinci.82-223-8-23.plesk.page\/en\/producto\/el-jardin-de-falerina\/","title":{"rendered":"El jard\u00edn de Falerina"},"content":{"rendered":"<p>Aunque parezca incre\u00edble, <em>El jard\u00edn de Falerina<\/em>, comedia caballeresca, escrita en colaboraci\u00f3n por Pedro Calder\u00f3n de la Barca, Francisco de Rojas Zorrilla y Antonio Coello, ha permanecido in\u00e9dita desde su estreno en enero de 1636. Es el texto de uno de aquellos deslumbrantes espect\u00e1culos palaciegos a que tan aficionados fueron Felipe IV, Isabel de Borb\u00f3n y su corte. Las haza\u00f1as de los caballeros de Boiardo y Ariosto son recreadas en libertad por los dramatugos espa\u00f1oles con un derroche de fantas\u00eda y humor y distancia ir\u00f3nica y con un sorprendente aparato esc\u00e9nico, que el ingeniero florentino Cosimo Lotti cre\u00f3 para la ocasi\u00f3n.<\/p>\n<p>&nbsp;<\/p>\n","protected":false},"excerpt":{"rendered":"<p>Aunque parezca incre\u00edble, <em>El jard\u00edn de Falerina<\/em>, comedia caballeresca, escrita en colaboraci\u00f3n por Pedro Calder\u00f3n de la Barca, Francisco de Rojas Zorrilla y Antonio Coello, ha permanecido in\u00e9dita desde su estreno en enero de 1636. Es el texto de uno de aquellos deslumbrantes espect\u00e1culos palaciegos a que tan aficionados fueron Felipe IV, Isabel de Borb\u00f3n y su corte. Las haza\u00f1as de los caballeros de Boiardo y Ariosto son recreadas en libertad por los dramatugos espa\u00f1oles con un derroche de fantas\u00eda y humor y distancia ir\u00f3nica y con un sorprendente aparato esc\u00e9nico, que el ingeniero florentino Cosimo Lotti cre\u00f3 para la ocasi\u00f3n.<\/p>\n<p>&nbsp;<\/p>\n","protected":false},"featured_media":17694,"comment_status":"open","ping_status":"closed","template":"","meta":{"_et_pb_use_builder":"","_et_pb_old_content":"","_et_gb_content_width":""},"product_cat":[1512],"product_tag":[2602],"edicion":[1083],"editoriales":[1160],"tienda":[],"autor_id":[5221,5308,6134,6285],"universidades_coeditoras":[],"palabras_clave":[],"listado_alfabetico":[],"acf":[],"_links":{"self":[{"href":"https:\/\/wizardly-davinci.82-223-8-23.plesk.page\/en\/wp-json\/wp\/v2\/product\/17693"}],"collection":[{"href":"https:\/\/wizardly-davinci.82-223-8-23.plesk.page\/en\/wp-json\/wp\/v2\/product"}],"about":[{"href":"https:\/\/wizardly-davinci.82-223-8-23.plesk.page\/en\/wp-json\/wp\/v2\/types\/product"}],"replies":[{"embeddable":true,"href":"https:\/\/wizardly-davinci.82-223-8-23.plesk.page\/en\/wp-json\/wp\/v2\/comments?post=17693"}],"wp:featuredmedia":[{"embeddable":true,"href":"https:\/\/wizardly-davinci.82-223-8-23.plesk.page\/en\/wp-json\/wp\/v2\/media\/17694"}],"wp:attachment":[{"href":"https:\/\/wizardly-davinci.82-223-8-23.plesk.page\/en\/wp-json\/wp\/v2\/media?parent=17693"}],"wp:term":[{"taxonomy":"product_cat","embeddable":true,"href":"https:\/\/wizardly-davinci.82-223-8-23.plesk.page\/en\/wp-json\/wp\/v2\/product_cat?post=17693"},{"taxonomy":"product_tag","embeddable":true,"href":"https:\/\/wizardly-davinci.82-223-8-23.plesk.page\/en\/wp-json\/wp\/v2\/product_tag?post=17693"},{"taxonomy":"edicion","embeddable":true,"href":"https:\/\/wizardly-davinci.82-223-8-23.plesk.page\/en\/wp-json\/wp\/v2\/edicion?post=17693"},{"taxonomy":"editoriales","embeddable":true,"href":"https:\/\/wizardly-davinci.82-223-8-23.plesk.page\/en\/wp-json\/wp\/v2\/editoriales?post=17693"},{"taxonomy":"tienda","embeddable":true,"href":"https:\/\/wizardly-davinci.82-223-8-23.plesk.page\/en\/wp-json\/wp\/v2\/tienda?post=17693"},{"taxonomy":"autor_id","embeddable":true,"href":"https:\/\/wizardly-davinci.82-223-8-23.plesk.page\/en\/wp-json\/wp\/v2\/autor_id?post=17693"},{"taxonomy":"universidades_coeditoras","embeddable":true,"href":"https:\/\/wizardly-davinci.82-223-8-23.plesk.page\/en\/wp-json\/wp\/v2\/universidades_coeditoras?post=17693"},{"taxonomy":"palabras_clave","embeddable":true,"href":"https:\/\/wizardly-davinci.82-223-8-23.plesk.page\/en\/wp-json\/wp\/v2\/palabras_clave?post=17693"},{"taxonomy":"listado_alfabetico","embeddable":true,"href":"https:\/\/wizardly-davinci.82-223-8-23.plesk.page\/en\/wp-json\/wp\/v2\/listado_alfabetico?post=17693"}],"curies":[{"name":"wp","href":"https:\/\/api.w.org\/{rel}","templated":true}]}}