{"id":17703,"date":"2019-04-09T22:52:03","date_gmt":"2019-04-09T22:52:03","guid":{"rendered":"https:\/\/octaedro.com\/producto\/la-farsa-de-maese-pathelin\/"},"modified":"2023-04-20T13:09:15","modified_gmt":"2023-04-20T11:09:15","slug":"la-farsa-de-maese-pathelin","status":"publish","type":"product","link":"https:\/\/wizardly-davinci.82-223-8-23.plesk.page\/en\/producto\/la-farsa-de-maese-pathelin\/","title":{"rendered":"La farsa de Maese Pathelin"},"content":{"rendered":"<p>Maese Pathel\u00edn es una de las primeras farsas del teatro franc\u00e9s y se puede decir que la m\u00e1s interesante de todas ellas, as\u00ed como el teatro c\u00f3mico antes de Moliere en el siglo XVII. El an\u00f3nimo autor teje la acci\u00f3n con ingenio, huyendo de humoradas y bastonazos, para describir astucias, fingimientos y otras tretas similares. Como la mayor\u00eda de los t\u00edtulos de la colecci\u00f3n Biblioteca B\u00e1sica, pensada principalmente para estudiantes de secundaria, este libro incluye una breve presentaci\u00f3n de la \u00e9poca y de la obra, el texto de la farsa anotado y una propuesta de actividades para el aula.<\/p>\n","protected":false},"excerpt":{"rendered":"<p>Maese Pathel\u00edn es una de las primeras farsas del teatro franc\u00e9s y se puede decir que la m\u00e1s interesante de todas ellas, as\u00ed como el teatro c\u00f3mico antes de Moliere en el siglo XVII. El an\u00f3nimo autor teje la acci\u00f3n con ingenio, huyendo de humoradas y bastonazos, para describir astucias, fingimientos y otras tretas similares. Como la mayor\u00eda de los t\u00edtulos de la colecci\u00f3n Biblioteca B\u00e1sica, pensada principalmente para estudiantes de secundaria, este libro incluye una breve presentaci\u00f3n de la \u00e9poca y de la obra, el texto de la farsa anotado y una propuesta de actividades para el aula.<\/p>\n","protected":false},"featured_media":17704,"comment_status":"open","ping_status":"closed","template":"","meta":{"_et_pb_use_builder":"","_et_pb_old_content":"","_et_gb_content_width":""},"product_cat":[1512],"product_tag":[2602],"edicion":[1083],"editoriales":[1160],"tienda":[],"autor_id":[5050],"universidades_coeditoras":[],"palabras_clave":[],"listado_alfabetico":[],"acf":[],"_links":{"self":[{"href":"https:\/\/wizardly-davinci.82-223-8-23.plesk.page\/en\/wp-json\/wp\/v2\/product\/17703"}],"collection":[{"href":"https:\/\/wizardly-davinci.82-223-8-23.plesk.page\/en\/wp-json\/wp\/v2\/product"}],"about":[{"href":"https:\/\/wizardly-davinci.82-223-8-23.plesk.page\/en\/wp-json\/wp\/v2\/types\/product"}],"replies":[{"embeddable":true,"href":"https:\/\/wizardly-davinci.82-223-8-23.plesk.page\/en\/wp-json\/wp\/v2\/comments?post=17703"}],"wp:featuredmedia":[{"embeddable":true,"href":"https:\/\/wizardly-davinci.82-223-8-23.plesk.page\/en\/wp-json\/wp\/v2\/media\/17704"}],"wp:attachment":[{"href":"https:\/\/wizardly-davinci.82-223-8-23.plesk.page\/en\/wp-json\/wp\/v2\/media?parent=17703"}],"wp:term":[{"taxonomy":"product_cat","embeddable":true,"href":"https:\/\/wizardly-davinci.82-223-8-23.plesk.page\/en\/wp-json\/wp\/v2\/product_cat?post=17703"},{"taxonomy":"product_tag","embeddable":true,"href":"https:\/\/wizardly-davinci.82-223-8-23.plesk.page\/en\/wp-json\/wp\/v2\/product_tag?post=17703"},{"taxonomy":"edicion","embeddable":true,"href":"https:\/\/wizardly-davinci.82-223-8-23.plesk.page\/en\/wp-json\/wp\/v2\/edicion?post=17703"},{"taxonomy":"editoriales","embeddable":true,"href":"https:\/\/wizardly-davinci.82-223-8-23.plesk.page\/en\/wp-json\/wp\/v2\/editoriales?post=17703"},{"taxonomy":"tienda","embeddable":true,"href":"https:\/\/wizardly-davinci.82-223-8-23.plesk.page\/en\/wp-json\/wp\/v2\/tienda?post=17703"},{"taxonomy":"autor_id","embeddable":true,"href":"https:\/\/wizardly-davinci.82-223-8-23.plesk.page\/en\/wp-json\/wp\/v2\/autor_id?post=17703"},{"taxonomy":"universidades_coeditoras","embeddable":true,"href":"https:\/\/wizardly-davinci.82-223-8-23.plesk.page\/en\/wp-json\/wp\/v2\/universidades_coeditoras?post=17703"},{"taxonomy":"palabras_clave","embeddable":true,"href":"https:\/\/wizardly-davinci.82-223-8-23.plesk.page\/en\/wp-json\/wp\/v2\/palabras_clave?post=17703"},{"taxonomy":"listado_alfabetico","embeddable":true,"href":"https:\/\/wizardly-davinci.82-223-8-23.plesk.page\/en\/wp-json\/wp\/v2\/listado_alfabetico?post=17703"}],"curies":[{"name":"wp","href":"https:\/\/api.w.org\/{rel}","templated":true}]}}