{"id":17709,"date":"2019-04-09T22:52:04","date_gmt":"2019-04-09T22:52:04","guid":{"rendered":"https:\/\/octaedro.com\/producto\/el-diablo-de-la-botella\/"},"modified":"2023-04-20T13:09:38","modified_gmt":"2023-04-20T11:09:38","slug":"el-diablo-de-la-botella","status":"publish","type":"product","link":"https:\/\/wizardly-davinci.82-223-8-23.plesk.page\/en\/producto\/el-diablo-de-la-botella\/","title":{"rendered":"El diablo de la botella"},"content":{"rendered":"<p>Robert Louis Stevenson, escritor escoc\u00e9s de finales del siglo XIX conocido universalmente por La isla del tesoro, explora en El diablo de la Botella un mundo de magia y superstici\u00f3n con su habitual maestr\u00eda narrativa. Como la mayor\u00eda de los t\u00edtulos de la colecci\u00f3n Biblioteca B\u00e1sica, pensada principalmente para estudiantes de secundaria, este libro incluye una breve presentaci\u00f3n de la \u00e9poca y de la obra, el texto de la farsa anotado y una propuesta de actividades para el aula.<\/p>\n","protected":false},"excerpt":{"rendered":"<p>Robert Louis Stevenson, escritor escoc\u00e9s de finales del siglo XIX conocido universalmente por La isla del tesoro, explora en El diablo de la Botella un mundo de magia y superstici\u00f3n con su habitual maestr\u00eda narrativa. Como la mayor\u00eda de los t\u00edtulos de la colecci\u00f3n Biblioteca B\u00e1sica, pensada principalmente para estudiantes de secundaria, este libro incluye una breve presentaci\u00f3n de la \u00e9poca y de la obra, el texto de la farsa anotado y una propuesta de actividades para el aula.<\/p>\n","protected":false},"featured_media":17710,"comment_status":"open","ping_status":"closed","template":"","meta":{"_et_pb_use_builder":"","_et_pb_old_content":"","_et_gb_content_width":""},"product_cat":[1512,6675],"product_tag":[2602],"edicion":[1083],"editoriales":[1160],"tienda":[],"autor_id":[6442],"universidades_coeditoras":[],"palabras_clave":[],"listado_alfabetico":[],"acf":[],"_links":{"self":[{"href":"https:\/\/wizardly-davinci.82-223-8-23.plesk.page\/en\/wp-json\/wp\/v2\/product\/17709"}],"collection":[{"href":"https:\/\/wizardly-davinci.82-223-8-23.plesk.page\/en\/wp-json\/wp\/v2\/product"}],"about":[{"href":"https:\/\/wizardly-davinci.82-223-8-23.plesk.page\/en\/wp-json\/wp\/v2\/types\/product"}],"replies":[{"embeddable":true,"href":"https:\/\/wizardly-davinci.82-223-8-23.plesk.page\/en\/wp-json\/wp\/v2\/comments?post=17709"}],"wp:featuredmedia":[{"embeddable":true,"href":"https:\/\/wizardly-davinci.82-223-8-23.plesk.page\/en\/wp-json\/wp\/v2\/media\/17710"}],"wp:attachment":[{"href":"https:\/\/wizardly-davinci.82-223-8-23.plesk.page\/en\/wp-json\/wp\/v2\/media?parent=17709"}],"wp:term":[{"taxonomy":"product_cat","embeddable":true,"href":"https:\/\/wizardly-davinci.82-223-8-23.plesk.page\/en\/wp-json\/wp\/v2\/product_cat?post=17709"},{"taxonomy":"product_tag","embeddable":true,"href":"https:\/\/wizardly-davinci.82-223-8-23.plesk.page\/en\/wp-json\/wp\/v2\/product_tag?post=17709"},{"taxonomy":"edicion","embeddable":true,"href":"https:\/\/wizardly-davinci.82-223-8-23.plesk.page\/en\/wp-json\/wp\/v2\/edicion?post=17709"},{"taxonomy":"editoriales","embeddable":true,"href":"https:\/\/wizardly-davinci.82-223-8-23.plesk.page\/en\/wp-json\/wp\/v2\/editoriales?post=17709"},{"taxonomy":"tienda","embeddable":true,"href":"https:\/\/wizardly-davinci.82-223-8-23.plesk.page\/en\/wp-json\/wp\/v2\/tienda?post=17709"},{"taxonomy":"autor_id","embeddable":true,"href":"https:\/\/wizardly-davinci.82-223-8-23.plesk.page\/en\/wp-json\/wp\/v2\/autor_id?post=17709"},{"taxonomy":"universidades_coeditoras","embeddable":true,"href":"https:\/\/wizardly-davinci.82-223-8-23.plesk.page\/en\/wp-json\/wp\/v2\/universidades_coeditoras?post=17709"},{"taxonomy":"palabras_clave","embeddable":true,"href":"https:\/\/wizardly-davinci.82-223-8-23.plesk.page\/en\/wp-json\/wp\/v2\/palabras_clave?post=17709"},{"taxonomy":"listado_alfabetico","embeddable":true,"href":"https:\/\/wizardly-davinci.82-223-8-23.plesk.page\/en\/wp-json\/wp\/v2\/listado_alfabetico?post=17709"}],"curies":[{"name":"wp","href":"https:\/\/api.w.org\/{rel}","templated":true}]}}