{"id":17711,"date":"2019-04-09T22:52:04","date_gmt":"2019-04-09T22:52:04","guid":{"rendered":"https:\/\/octaedro.com\/producto\/poemas-y-canciones\/"},"modified":"2023-04-20T13:09:44","modified_gmt":"2023-04-20T11:09:44","slug":"poemas-y-canciones","status":"publish","type":"product","link":"https:\/\/wizardly-davinci.82-223-8-23.plesk.page\/en\/producto\/poemas-y-canciones\/","title":{"rendered":"Poemas y canciones"},"content":{"rendered":"<p><span class=\"destacat\">Miguel Hern\u00e1ndez<\/span> (1910-1942) es uno de los poetas m\u00e1s relevantes del mundo hisp\u00e1nico. Aqu\u00ed presentamos una breve selecci\u00f3n de poemas que ser\u00e1 sin duda una sugestiva introducci\u00f3n a su obra po\u00e9tica, para j\u00f3venes lectores.Como la mayor\u00eda de los t\u00edtulos de la colecci\u00f3n Biblioteca B\u00e1sica, pensada principalmente para estudiantes de secundaria, este libro incluye una breve presentaci\u00f3n de la \u00e9poca y de la obra, el texto de la farsa anotado y una propuesta de actividades para el aula.<\/p>\n","protected":false},"excerpt":{"rendered":"<p><span class=\"destacat\">Miguel Hern\u00e1ndez<\/span> (1910-1942) es uno de los poetas m\u00e1s relevantes del mundo hisp\u00e1nico. Aqu\u00ed presentamos una breve selecci\u00f3n de poemas que ser\u00e1 sin duda una sugestiva introducci\u00f3n a su obra po\u00e9tica, para j\u00f3venes lectores.Como la mayor\u00eda de los t\u00edtulos de la colecci\u00f3n Biblioteca B\u00e1sica, pensada principalmente para estudiantes de secundaria, este libro incluye una breve presentaci\u00f3n de la \u00e9poca y de la obra, el texto de la farsa anotado y una propuesta de actividades para el aula.<\/p>\n","protected":false},"featured_media":17712,"comment_status":"open","ping_status":"closed","template":"","meta":{"_et_pb_use_builder":"","_et_pb_old_content":"","_et_gb_content_width":""},"product_cat":[1512],"product_tag":[2602],"edicion":[1083],"editoriales":[1160],"tienda":[],"autor_id":[5678],"universidades_coeditoras":[],"palabras_clave":[],"listado_alfabetico":[],"acf":[],"_links":{"self":[{"href":"https:\/\/wizardly-davinci.82-223-8-23.plesk.page\/en\/wp-json\/wp\/v2\/product\/17711"}],"collection":[{"href":"https:\/\/wizardly-davinci.82-223-8-23.plesk.page\/en\/wp-json\/wp\/v2\/product"}],"about":[{"href":"https:\/\/wizardly-davinci.82-223-8-23.plesk.page\/en\/wp-json\/wp\/v2\/types\/product"}],"replies":[{"embeddable":true,"href":"https:\/\/wizardly-davinci.82-223-8-23.plesk.page\/en\/wp-json\/wp\/v2\/comments?post=17711"}],"wp:featuredmedia":[{"embeddable":true,"href":"https:\/\/wizardly-davinci.82-223-8-23.plesk.page\/en\/wp-json\/wp\/v2\/media\/17712"}],"wp:attachment":[{"href":"https:\/\/wizardly-davinci.82-223-8-23.plesk.page\/en\/wp-json\/wp\/v2\/media?parent=17711"}],"wp:term":[{"taxonomy":"product_cat","embeddable":true,"href":"https:\/\/wizardly-davinci.82-223-8-23.plesk.page\/en\/wp-json\/wp\/v2\/product_cat?post=17711"},{"taxonomy":"product_tag","embeddable":true,"href":"https:\/\/wizardly-davinci.82-223-8-23.plesk.page\/en\/wp-json\/wp\/v2\/product_tag?post=17711"},{"taxonomy":"edicion","embeddable":true,"href":"https:\/\/wizardly-davinci.82-223-8-23.plesk.page\/en\/wp-json\/wp\/v2\/edicion?post=17711"},{"taxonomy":"editoriales","embeddable":true,"href":"https:\/\/wizardly-davinci.82-223-8-23.plesk.page\/en\/wp-json\/wp\/v2\/editoriales?post=17711"},{"taxonomy":"tienda","embeddable":true,"href":"https:\/\/wizardly-davinci.82-223-8-23.plesk.page\/en\/wp-json\/wp\/v2\/tienda?post=17711"},{"taxonomy":"autor_id","embeddable":true,"href":"https:\/\/wizardly-davinci.82-223-8-23.plesk.page\/en\/wp-json\/wp\/v2\/autor_id?post=17711"},{"taxonomy":"universidades_coeditoras","embeddable":true,"href":"https:\/\/wizardly-davinci.82-223-8-23.plesk.page\/en\/wp-json\/wp\/v2\/universidades_coeditoras?post=17711"},{"taxonomy":"palabras_clave","embeddable":true,"href":"https:\/\/wizardly-davinci.82-223-8-23.plesk.page\/en\/wp-json\/wp\/v2\/palabras_clave?post=17711"},{"taxonomy":"listado_alfabetico","embeddable":true,"href":"https:\/\/wizardly-davinci.82-223-8-23.plesk.page\/en\/wp-json\/wp\/v2\/listado_alfabetico?post=17711"}],"curies":[{"name":"wp","href":"https:\/\/api.w.org\/{rel}","templated":true}]}}