{"id":17713,"date":"2019-04-09T22:52:04","date_gmt":"2019-04-09T22:52:04","guid":{"rendered":"https:\/\/octaedro.com\/producto\/poesia-del-renacimiento-y-del-siglo-de-oro\/"},"modified":"2023-04-20T13:09:51","modified_gmt":"2023-04-20T11:09:51","slug":"poesia-del-renacimiento-y-del-siglo-de-oro","status":"publish","type":"product","link":"https:\/\/wizardly-davinci.82-223-8-23.plesk.page\/en\/producto\/poesia-del-renacimiento-y-del-siglo-de-oro\/","title":{"rendered":"Poes\u00eda del Renacimiento y del Siglo de Oro"},"content":{"rendered":"<p>En esta selecci\u00f3n de Poes\u00eda del Renacimiento y del Siglo de Oro, pensada principalmente para estudiantes de secundaria, se incluyen poemas de Gracilazo de la Vega, Fray Luis de Le\u00f3n, San Juan de la Cruz, Luis de G\u00f3ngora, Lope de Vega y Francisco de Quevedo junto a una breve presentaci\u00f3n de cada autor.<br \/>\nLe precede una introducci\u00f3n general al Renacimiento y le sigue una propuesta de actividades de clase y una breve explicaci\u00f3n de los recursos literarios mencionados en esta edici\u00f3n.<\/p>\n","protected":false},"excerpt":{"rendered":"<p>En esta selecci\u00f3n de Poes\u00eda del Renacimiento y del Siglo de Oro, pensada principalmente para estudiantes de secundaria, se incluyen poemas de Gracilazo de la Vega, Fray Luis de Le\u00f3n, San Juan de la Cruz, Luis de G\u00f3ngora, Lope de Vega y Francisco de Quevedo junto a una breve presentaci\u00f3n de cada autor.<br \/>\nLe precede una introducci\u00f3n general al Renacimiento y le sigue una propuesta de actividades de clase y una breve explicaci\u00f3n de los recursos literarios mencionados en esta edici\u00f3n.<\/p>\n","protected":false},"featured_media":17714,"comment_status":"open","ping_status":"closed","template":"","meta":{"_et_pb_use_builder":"","_et_pb_old_content":"","_et_gb_content_width":""},"product_cat":[1512,6675],"product_tag":[2602],"edicion":[1083],"editoriales":[1160],"tienda":[],"autor_id":[6394],"universidades_coeditoras":[],"palabras_clave":[],"listado_alfabetico":[],"acf":[],"_links":{"self":[{"href":"https:\/\/wizardly-davinci.82-223-8-23.plesk.page\/en\/wp-json\/wp\/v2\/product\/17713"}],"collection":[{"href":"https:\/\/wizardly-davinci.82-223-8-23.plesk.page\/en\/wp-json\/wp\/v2\/product"}],"about":[{"href":"https:\/\/wizardly-davinci.82-223-8-23.plesk.page\/en\/wp-json\/wp\/v2\/types\/product"}],"replies":[{"embeddable":true,"href":"https:\/\/wizardly-davinci.82-223-8-23.plesk.page\/en\/wp-json\/wp\/v2\/comments?post=17713"}],"wp:featuredmedia":[{"embeddable":true,"href":"https:\/\/wizardly-davinci.82-223-8-23.plesk.page\/en\/wp-json\/wp\/v2\/media\/17714"}],"wp:attachment":[{"href":"https:\/\/wizardly-davinci.82-223-8-23.plesk.page\/en\/wp-json\/wp\/v2\/media?parent=17713"}],"wp:term":[{"taxonomy":"product_cat","embeddable":true,"href":"https:\/\/wizardly-davinci.82-223-8-23.plesk.page\/en\/wp-json\/wp\/v2\/product_cat?post=17713"},{"taxonomy":"product_tag","embeddable":true,"href":"https:\/\/wizardly-davinci.82-223-8-23.plesk.page\/en\/wp-json\/wp\/v2\/product_tag?post=17713"},{"taxonomy":"edicion","embeddable":true,"href":"https:\/\/wizardly-davinci.82-223-8-23.plesk.page\/en\/wp-json\/wp\/v2\/edicion?post=17713"},{"taxonomy":"editoriales","embeddable":true,"href":"https:\/\/wizardly-davinci.82-223-8-23.plesk.page\/en\/wp-json\/wp\/v2\/editoriales?post=17713"},{"taxonomy":"tienda","embeddable":true,"href":"https:\/\/wizardly-davinci.82-223-8-23.plesk.page\/en\/wp-json\/wp\/v2\/tienda?post=17713"},{"taxonomy":"autor_id","embeddable":true,"href":"https:\/\/wizardly-davinci.82-223-8-23.plesk.page\/en\/wp-json\/wp\/v2\/autor_id?post=17713"},{"taxonomy":"universidades_coeditoras","embeddable":true,"href":"https:\/\/wizardly-davinci.82-223-8-23.plesk.page\/en\/wp-json\/wp\/v2\/universidades_coeditoras?post=17713"},{"taxonomy":"palabras_clave","embeddable":true,"href":"https:\/\/wizardly-davinci.82-223-8-23.plesk.page\/en\/wp-json\/wp\/v2\/palabras_clave?post=17713"},{"taxonomy":"listado_alfabetico","embeddable":true,"href":"https:\/\/wizardly-davinci.82-223-8-23.plesk.page\/en\/wp-json\/wp\/v2\/listado_alfabetico?post=17713"}],"curies":[{"name":"wp","href":"https:\/\/api.w.org\/{rel}","templated":true}]}}