{"id":17715,"date":"2019-04-09T22:52:05","date_gmt":"2019-04-09T22:52:05","guid":{"rendered":"https:\/\/octaedro.com\/producto\/articulos\/"},"modified":"2023-04-20T13:09:57","modified_gmt":"2023-04-20T11:09:57","slug":"articulos","status":"publish","type":"product","link":"https:\/\/wizardly-davinci.82-223-8-23.plesk.page\/en\/producto\/articulos\/","title":{"rendered":"Art\u00edculos"},"content":{"rendered":"<p>Mariano Jos\u00e9 de Larra (1809-1837) cultiv\u00f3 de forma especial el g\u00e9nero period\u00edstico y escribi\u00f3 m\u00e1s de doscientos art\u00edculos, publicados en su d\u00eda bajo el t\u00edtulo Colecci\u00f3n de art\u00edculos dram\u00e1ticos, literarios, pol\u00edticos y de costumbres. Aqu\u00ed se ofrece una selecci\u00f3n de catorce art\u00edculos que acercar\u00e1 a este autor de la literatura hispana a los j\u00f3venes lectores.<\/p>\n","protected":false},"excerpt":{"rendered":"<p>Mariano Jos\u00e9 de Larra (1809-1837) cultiv\u00f3 de forma especial el g\u00e9nero period\u00edstico y escribi\u00f3 m\u00e1s de doscientos art\u00edculos, publicados en su d\u00eda bajo el t\u00edtulo Colecci\u00f3n de art\u00edculos dram\u00e1ticos, literarios, pol\u00edticos y de costumbres. Aqu\u00ed se ofrece una selecci\u00f3n de catorce art\u00edculos que acercar\u00e1 a este autor de la literatura hispana a los j\u00f3venes lectores.<\/p>\n","protected":false},"featured_media":17716,"comment_status":"open","ping_status":"closed","template":"","meta":{"_et_pb_use_builder":"","_et_pb_old_content":"","_et_gb_content_width":""},"product_cat":[1512],"product_tag":[2602],"edicion":[1083],"editoriales":[1160],"tienda":[],"autor_id":[5793],"universidades_coeditoras":[],"palabras_clave":[],"listado_alfabetico":[],"acf":[],"_links":{"self":[{"href":"https:\/\/wizardly-davinci.82-223-8-23.plesk.page\/en\/wp-json\/wp\/v2\/product\/17715"}],"collection":[{"href":"https:\/\/wizardly-davinci.82-223-8-23.plesk.page\/en\/wp-json\/wp\/v2\/product"}],"about":[{"href":"https:\/\/wizardly-davinci.82-223-8-23.plesk.page\/en\/wp-json\/wp\/v2\/types\/product"}],"replies":[{"embeddable":true,"href":"https:\/\/wizardly-davinci.82-223-8-23.plesk.page\/en\/wp-json\/wp\/v2\/comments?post=17715"}],"wp:featuredmedia":[{"embeddable":true,"href":"https:\/\/wizardly-davinci.82-223-8-23.plesk.page\/en\/wp-json\/wp\/v2\/media\/17716"}],"wp:attachment":[{"href":"https:\/\/wizardly-davinci.82-223-8-23.plesk.page\/en\/wp-json\/wp\/v2\/media?parent=17715"}],"wp:term":[{"taxonomy":"product_cat","embeddable":true,"href":"https:\/\/wizardly-davinci.82-223-8-23.plesk.page\/en\/wp-json\/wp\/v2\/product_cat?post=17715"},{"taxonomy":"product_tag","embeddable":true,"href":"https:\/\/wizardly-davinci.82-223-8-23.plesk.page\/en\/wp-json\/wp\/v2\/product_tag?post=17715"},{"taxonomy":"edicion","embeddable":true,"href":"https:\/\/wizardly-davinci.82-223-8-23.plesk.page\/en\/wp-json\/wp\/v2\/edicion?post=17715"},{"taxonomy":"editoriales","embeddable":true,"href":"https:\/\/wizardly-davinci.82-223-8-23.plesk.page\/en\/wp-json\/wp\/v2\/editoriales?post=17715"},{"taxonomy":"tienda","embeddable":true,"href":"https:\/\/wizardly-davinci.82-223-8-23.plesk.page\/en\/wp-json\/wp\/v2\/tienda?post=17715"},{"taxonomy":"autor_id","embeddable":true,"href":"https:\/\/wizardly-davinci.82-223-8-23.plesk.page\/en\/wp-json\/wp\/v2\/autor_id?post=17715"},{"taxonomy":"universidades_coeditoras","embeddable":true,"href":"https:\/\/wizardly-davinci.82-223-8-23.plesk.page\/en\/wp-json\/wp\/v2\/universidades_coeditoras?post=17715"},{"taxonomy":"palabras_clave","embeddable":true,"href":"https:\/\/wizardly-davinci.82-223-8-23.plesk.page\/en\/wp-json\/wp\/v2\/palabras_clave?post=17715"},{"taxonomy":"listado_alfabetico","embeddable":true,"href":"https:\/\/wizardly-davinci.82-223-8-23.plesk.page\/en\/wp-json\/wp\/v2\/listado_alfabetico?post=17715"}],"curies":[{"name":"wp","href":"https:\/\/api.w.org\/{rel}","templated":true}]}}