{"id":17717,"date":"2019-04-09T22:52:05","date_gmt":"2019-04-09T22:52:05","guid":{"rendered":"https:\/\/octaedro.com\/producto\/los-titeres-de-cachiporra\/"},"modified":"2023-04-20T13:10:04","modified_gmt":"2023-04-20T11:10:04","slug":"los-titeres-de-cachiporra","status":"publish","type":"product","link":"https:\/\/wizardly-davinci.82-223-8-23.plesk.page\/en\/producto\/los-titeres-de-cachiporra\/","title":{"rendered":"Los t\u00edteres de Cachiporra"},"content":{"rendered":"<p>Es la historia llamada <em>Tragicomedia de don Crist\u00f3bal y la se\u00f1\u00e1 Rosita<\/em> que coloca a los enamorados en lucha contra las exigencias del dinero y del poder, y muestra la debilidad real de quien intenta imponerse a los nobles sentimientos mediante la fuerza bruta. Con Crist\u00f3bal, sus principales personajes est\u00e1n extra\u00eddos de la tradici\u00f3n popular y de los teatritos ambulantes de mu\u00f1ecos.<\/p>\n","protected":false},"excerpt":{"rendered":"<p>Es la historia llamada <em>Tragicomedia de don Crist\u00f3bal y la se\u00f1\u00e1 Rosita<\/em> que coloca a los enamorados en lucha contra las exigencias del dinero y del poder, y muestra la debilidad real de quien intenta imponerse a los nobles sentimientos mediante la fuerza bruta. Con Crist\u00f3bal, sus principales personajes est\u00e1n extra\u00eddos de la tradici\u00f3n popular y de los teatritos ambulantes de mu\u00f1ecos.<\/p>\n","protected":false},"featured_media":17718,"comment_status":"open","ping_status":"closed","template":"","meta":{"_et_pb_use_builder":"","_et_pb_old_content":"","_et_gb_content_width":""},"product_cat":[1512,6675],"product_tag":[2602],"edicion":[1083],"editoriales":[1160],"tienda":[],"autor_id":[5546,6406],"universidades_coeditoras":[],"palabras_clave":[],"listado_alfabetico":[],"acf":[],"_links":{"self":[{"href":"https:\/\/wizardly-davinci.82-223-8-23.plesk.page\/en\/wp-json\/wp\/v2\/product\/17717"}],"collection":[{"href":"https:\/\/wizardly-davinci.82-223-8-23.plesk.page\/en\/wp-json\/wp\/v2\/product"}],"about":[{"href":"https:\/\/wizardly-davinci.82-223-8-23.plesk.page\/en\/wp-json\/wp\/v2\/types\/product"}],"replies":[{"embeddable":true,"href":"https:\/\/wizardly-davinci.82-223-8-23.plesk.page\/en\/wp-json\/wp\/v2\/comments?post=17717"}],"wp:featuredmedia":[{"embeddable":true,"href":"https:\/\/wizardly-davinci.82-223-8-23.plesk.page\/en\/wp-json\/wp\/v2\/media\/17718"}],"wp:attachment":[{"href":"https:\/\/wizardly-davinci.82-223-8-23.plesk.page\/en\/wp-json\/wp\/v2\/media?parent=17717"}],"wp:term":[{"taxonomy":"product_cat","embeddable":true,"href":"https:\/\/wizardly-davinci.82-223-8-23.plesk.page\/en\/wp-json\/wp\/v2\/product_cat?post=17717"},{"taxonomy":"product_tag","embeddable":true,"href":"https:\/\/wizardly-davinci.82-223-8-23.plesk.page\/en\/wp-json\/wp\/v2\/product_tag?post=17717"},{"taxonomy":"edicion","embeddable":true,"href":"https:\/\/wizardly-davinci.82-223-8-23.plesk.page\/en\/wp-json\/wp\/v2\/edicion?post=17717"},{"taxonomy":"editoriales","embeddable":true,"href":"https:\/\/wizardly-davinci.82-223-8-23.plesk.page\/en\/wp-json\/wp\/v2\/editoriales?post=17717"},{"taxonomy":"tienda","embeddable":true,"href":"https:\/\/wizardly-davinci.82-223-8-23.plesk.page\/en\/wp-json\/wp\/v2\/tienda?post=17717"},{"taxonomy":"autor_id","embeddable":true,"href":"https:\/\/wizardly-davinci.82-223-8-23.plesk.page\/en\/wp-json\/wp\/v2\/autor_id?post=17717"},{"taxonomy":"universidades_coeditoras","embeddable":true,"href":"https:\/\/wizardly-davinci.82-223-8-23.plesk.page\/en\/wp-json\/wp\/v2\/universidades_coeditoras?post=17717"},{"taxonomy":"palabras_clave","embeddable":true,"href":"https:\/\/wizardly-davinci.82-223-8-23.plesk.page\/en\/wp-json\/wp\/v2\/palabras_clave?post=17717"},{"taxonomy":"listado_alfabetico","embeddable":true,"href":"https:\/\/wizardly-davinci.82-223-8-23.plesk.page\/en\/wp-json\/wp\/v2\/listado_alfabetico?post=17717"}],"curies":[{"name":"wp","href":"https:\/\/api.w.org\/{rel}","templated":true}]}}