{"id":17719,"date":"2019-04-09T22:52:05","date_gmt":"2019-04-09T22:52:05","guid":{"rendered":"https:\/\/octaedro.com\/producto\/la-zapatera-prodigiosa\/"},"modified":"2023-04-20T13:10:10","modified_gmt":"2023-04-20T11:10:10","slug":"la-zapatera-prodigiosa","status":"publish","type":"product","link":"https:\/\/wizardly-davinci.82-223-8-23.plesk.page\/en\/producto\/la-zapatera-prodigiosa\/","title":{"rendered":"La zapatera prodigiosa"},"content":{"rendered":"<p><span class=\"destacat\">La zapatera prodigiosa<\/span> es un texto que encierra mucho m\u00e1s de lo que aparenta. Como pieza dram\u00e1tica posee una construcci\u00f3n precisa y un ritmo que dice mucho de la peripecia teatral de quien la escribi\u00f3; es tambi\u00e9n un ejemplo paradigm\u00e1tico de esa intenci\u00f3n que el autor pose\u00eda de hacer llegar el gran p\u00fablico un teatro de calidad; como obra literaria, el empleo de la lengua culta con apariencia popular y la mezcla arm\u00f3nica de lo l\u00edrico y lo dram\u00e1tico la elevan a la altura de su poes\u00eda l\u00edrica de ra\u00edces folcl\u00f3ricas. <span class=\"destacat\">Federico Garc\u00eda Lorca<\/span> conoc\u00eda los valores de esta humilde piececita cuando advert\u00eda: \u201cYa ver\u00e1n ustedes las cosas que suceder\u00e1n en \u201c<span class=\"destacat\">La zapatera prodigiosa<\/span>\u201d. Y cuando la defin\u00eda: \u201cPoes\u00eda es teatro\u201d.<\/p>\n","protected":false},"excerpt":{"rendered":"<p><span class=\"destacat\">La zapatera prodigiosa<\/span> es un texto que encierra mucho m\u00e1s de lo que aparenta. Como pieza dram\u00e1tica posee una construcci\u00f3n precisa y un ritmo que dice mucho de la peripecia teatral de quien la escribi\u00f3; es tambi\u00e9n un ejemplo paradigm\u00e1tico de esa intenci\u00f3n que el autor pose\u00eda de hacer llegar el gran p\u00fablico un teatro de calidad; como obra literaria, el empleo de la lengua culta con apariencia popular y la mezcla arm\u00f3nica de lo l\u00edrico y lo dram\u00e1tico la elevan a la altura de su poes\u00eda l\u00edrica de ra\u00edces folcl\u00f3ricas. <span class=\"destacat\">Federico Garc\u00eda Lorca<\/span> conoc\u00eda los valores de esta humilde piececita cuando advert\u00eda: \u201cYa ver\u00e1n ustedes las cosas que suceder\u00e1n en \u201c<span class=\"destacat\">La zapatera prodigiosa<\/span>\u201d. Y cuando la defin\u00eda: \u201cPoes\u00eda es teatro\u201d.<\/p>\n","protected":false},"featured_media":43050,"comment_status":"open","ping_status":"closed","template":"","meta":{"_et_pb_use_builder":"","_et_pb_old_content":"","_et_gb_content_width":""},"product_cat":[1512,6675],"product_tag":[2602],"edicion":[1083],"editoriales":[1160],"tienda":[],"autor_id":[5546,6406],"universidades_coeditoras":[],"palabras_clave":[],"listado_alfabetico":[],"acf":[],"_links":{"self":[{"href":"https:\/\/wizardly-davinci.82-223-8-23.plesk.page\/en\/wp-json\/wp\/v2\/product\/17719"}],"collection":[{"href":"https:\/\/wizardly-davinci.82-223-8-23.plesk.page\/en\/wp-json\/wp\/v2\/product"}],"about":[{"href":"https:\/\/wizardly-davinci.82-223-8-23.plesk.page\/en\/wp-json\/wp\/v2\/types\/product"}],"replies":[{"embeddable":true,"href":"https:\/\/wizardly-davinci.82-223-8-23.plesk.page\/en\/wp-json\/wp\/v2\/comments?post=17719"}],"wp:featuredmedia":[{"embeddable":true,"href":"https:\/\/wizardly-davinci.82-223-8-23.plesk.page\/en\/wp-json\/wp\/v2\/media\/43050"}],"wp:attachment":[{"href":"https:\/\/wizardly-davinci.82-223-8-23.plesk.page\/en\/wp-json\/wp\/v2\/media?parent=17719"}],"wp:term":[{"taxonomy":"product_cat","embeddable":true,"href":"https:\/\/wizardly-davinci.82-223-8-23.plesk.page\/en\/wp-json\/wp\/v2\/product_cat?post=17719"},{"taxonomy":"product_tag","embeddable":true,"href":"https:\/\/wizardly-davinci.82-223-8-23.plesk.page\/en\/wp-json\/wp\/v2\/product_tag?post=17719"},{"taxonomy":"edicion","embeddable":true,"href":"https:\/\/wizardly-davinci.82-223-8-23.plesk.page\/en\/wp-json\/wp\/v2\/edicion?post=17719"},{"taxonomy":"editoriales","embeddable":true,"href":"https:\/\/wizardly-davinci.82-223-8-23.plesk.page\/en\/wp-json\/wp\/v2\/editoriales?post=17719"},{"taxonomy":"tienda","embeddable":true,"href":"https:\/\/wizardly-davinci.82-223-8-23.plesk.page\/en\/wp-json\/wp\/v2\/tienda?post=17719"},{"taxonomy":"autor_id","embeddable":true,"href":"https:\/\/wizardly-davinci.82-223-8-23.plesk.page\/en\/wp-json\/wp\/v2\/autor_id?post=17719"},{"taxonomy":"universidades_coeditoras","embeddable":true,"href":"https:\/\/wizardly-davinci.82-223-8-23.plesk.page\/en\/wp-json\/wp\/v2\/universidades_coeditoras?post=17719"},{"taxonomy":"palabras_clave","embeddable":true,"href":"https:\/\/wizardly-davinci.82-223-8-23.plesk.page\/en\/wp-json\/wp\/v2\/palabras_clave?post=17719"},{"taxonomy":"listado_alfabetico","embeddable":true,"href":"https:\/\/wizardly-davinci.82-223-8-23.plesk.page\/en\/wp-json\/wp\/v2\/listado_alfabetico?post=17719"}],"curies":[{"name":"wp","href":"https:\/\/api.w.org\/{rel}","templated":true}]}}