{"id":17723,"date":"2019-04-09T22:52:07","date_gmt":"2019-04-09T22:52:07","guid":{"rendered":"https:\/\/octaedro.com\/producto\/don-quijote-de-la-mancha\/"},"modified":"2023-04-20T13:10:35","modified_gmt":"2023-04-20T11:10:35","slug":"don-quijote-de-la-mancha","status":"publish","type":"product","link":"https:\/\/wizardly-davinci.82-223-8-23.plesk.page\/en\/producto\/don-quijote-de-la-mancha\/","title":{"rendered":"Don Quijote de la Mancha"},"content":{"rendered":"<p>Con esta edici\u00f3n de la primera parte de <span class=\"destacat\">Don Quijote de la Mancha<\/span>, iniciamos, dentro de la Biblioteca b\u00e1sica, una serie de versiones originales abreviadas de grandes cl\u00e1sicos de la literatura universal. Pensada para facilitar el trabajo en el aula, viene acompa\u00f1ada de notas relevantes e ilustraciones precisas para la comprensi\u00f3n de los t\u00e9rminos menos comunes, adem\u00e1s de algunos de los famosos grabados de Gustavo Dor\u00e9.<\/p>\n","protected":false},"excerpt":{"rendered":"<p>Con esta edici\u00f3n de la primera parte de <span class=\"destacat\">Don Quijote de la Mancha<\/span>, iniciamos, dentro de la Biblioteca b\u00e1sica, una serie de versiones originales abreviadas de grandes cl\u00e1sicos de la literatura universal. Pensada para facilitar el trabajo en el aula, viene acompa\u00f1ada de notas relevantes e ilustraciones precisas para la comprensi\u00f3n de los t\u00e9rminos menos comunes, adem\u00e1s de algunos de los famosos grabados de Gustavo Dor\u00e9.<\/p>\n","protected":false},"featured_media":17724,"comment_status":"open","ping_status":"closed","template":"","meta":{"_et_pb_use_builder":"","_et_pb_old_content":"","_et_gb_content_width":""},"product_cat":[1512],"product_tag":[2602],"edicion":[1083],"editoriales":[1160],"tienda":[],"autor_id":[5282],"universidades_coeditoras":[],"palabras_clave":[],"listado_alfabetico":[],"acf":[],"_links":{"self":[{"href":"https:\/\/wizardly-davinci.82-223-8-23.plesk.page\/en\/wp-json\/wp\/v2\/product\/17723"}],"collection":[{"href":"https:\/\/wizardly-davinci.82-223-8-23.plesk.page\/en\/wp-json\/wp\/v2\/product"}],"about":[{"href":"https:\/\/wizardly-davinci.82-223-8-23.plesk.page\/en\/wp-json\/wp\/v2\/types\/product"}],"replies":[{"embeddable":true,"href":"https:\/\/wizardly-davinci.82-223-8-23.plesk.page\/en\/wp-json\/wp\/v2\/comments?post=17723"}],"wp:featuredmedia":[{"embeddable":true,"href":"https:\/\/wizardly-davinci.82-223-8-23.plesk.page\/en\/wp-json\/wp\/v2\/media\/17724"}],"wp:attachment":[{"href":"https:\/\/wizardly-davinci.82-223-8-23.plesk.page\/en\/wp-json\/wp\/v2\/media?parent=17723"}],"wp:term":[{"taxonomy":"product_cat","embeddable":true,"href":"https:\/\/wizardly-davinci.82-223-8-23.plesk.page\/en\/wp-json\/wp\/v2\/product_cat?post=17723"},{"taxonomy":"product_tag","embeddable":true,"href":"https:\/\/wizardly-davinci.82-223-8-23.plesk.page\/en\/wp-json\/wp\/v2\/product_tag?post=17723"},{"taxonomy":"edicion","embeddable":true,"href":"https:\/\/wizardly-davinci.82-223-8-23.plesk.page\/en\/wp-json\/wp\/v2\/edicion?post=17723"},{"taxonomy":"editoriales","embeddable":true,"href":"https:\/\/wizardly-davinci.82-223-8-23.plesk.page\/en\/wp-json\/wp\/v2\/editoriales?post=17723"},{"taxonomy":"tienda","embeddable":true,"href":"https:\/\/wizardly-davinci.82-223-8-23.plesk.page\/en\/wp-json\/wp\/v2\/tienda?post=17723"},{"taxonomy":"autor_id","embeddable":true,"href":"https:\/\/wizardly-davinci.82-223-8-23.plesk.page\/en\/wp-json\/wp\/v2\/autor_id?post=17723"},{"taxonomy":"universidades_coeditoras","embeddable":true,"href":"https:\/\/wizardly-davinci.82-223-8-23.plesk.page\/en\/wp-json\/wp\/v2\/universidades_coeditoras?post=17723"},{"taxonomy":"palabras_clave","embeddable":true,"href":"https:\/\/wizardly-davinci.82-223-8-23.plesk.page\/en\/wp-json\/wp\/v2\/palabras_clave?post=17723"},{"taxonomy":"listado_alfabetico","embeddable":true,"href":"https:\/\/wizardly-davinci.82-223-8-23.plesk.page\/en\/wp-json\/wp\/v2\/listado_alfabetico?post=17723"}],"curies":[{"name":"wp","href":"https:\/\/api.w.org\/{rel}","templated":true}]}}