{"id":17725,"date":"2019-04-09T22:52:08","date_gmt":"2019-04-09T22:52:08","guid":{"rendered":"https:\/\/octaedro.com\/producto\/don-quijote-de-la-mancha-2\/"},"modified":"2023-04-20T13:10:41","modified_gmt":"2023-04-20T11:10:41","slug":"don-quijote-de-la-mancha-2","status":"publish","type":"product","link":"https:\/\/wizardly-davinci.82-223-8-23.plesk.page\/en\/producto\/don-quijote-de-la-mancha-2\/","title":{"rendered":"Don Quijote de la Mancha"},"content":{"rendered":"<p>Esta edici\u00f3n de la segunda parte de <span class=\"destacat\">Don Quijote de la Mancha<\/span>, pensada para facilitar el trabajo en el aula, viene acompa\u00f1ada de notas relevantes e ilustraciones precisas para la comprensi\u00f3n de los t\u00e9rminos menos comunes, adem\u00e1s de algunos de los famosos grabados de Gustavo Dor\u00e9. Existe, en la colecci\u00f3n Biblioteca b\u00e1sica, la primera parte de esta obra, tambi\u00e9n en su versi\u00f3n abreviada.<\/p>\n","protected":false},"excerpt":{"rendered":"<p>Esta edici\u00f3n de la segunda parte de <span class=\"destacat\">Don Quijote de la Mancha<\/span>, pensada para facilitar el trabajo en el aula, viene acompa\u00f1ada de notas relevantes e ilustraciones precisas para la comprensi\u00f3n de los t\u00e9rminos menos comunes, adem\u00e1s de algunos de los famosos grabados de Gustavo Dor\u00e9. Existe, en la colecci\u00f3n Biblioteca b\u00e1sica, la primera parte de esta obra, tambi\u00e9n en su versi\u00f3n abreviada.<\/p>\n","protected":false},"featured_media":17726,"comment_status":"open","ping_status":"closed","template":"","meta":{"_et_pb_use_builder":"","_et_pb_old_content":"","_et_gb_content_width":""},"product_cat":[1512],"product_tag":[2602],"edicion":[1083],"editoriales":[1160],"tienda":[],"autor_id":[5282],"universidades_coeditoras":[],"palabras_clave":[],"listado_alfabetico":[],"acf":[],"_links":{"self":[{"href":"https:\/\/wizardly-davinci.82-223-8-23.plesk.page\/en\/wp-json\/wp\/v2\/product\/17725"}],"collection":[{"href":"https:\/\/wizardly-davinci.82-223-8-23.plesk.page\/en\/wp-json\/wp\/v2\/product"}],"about":[{"href":"https:\/\/wizardly-davinci.82-223-8-23.plesk.page\/en\/wp-json\/wp\/v2\/types\/product"}],"replies":[{"embeddable":true,"href":"https:\/\/wizardly-davinci.82-223-8-23.plesk.page\/en\/wp-json\/wp\/v2\/comments?post=17725"}],"wp:featuredmedia":[{"embeddable":true,"href":"https:\/\/wizardly-davinci.82-223-8-23.plesk.page\/en\/wp-json\/wp\/v2\/media\/17726"}],"wp:attachment":[{"href":"https:\/\/wizardly-davinci.82-223-8-23.plesk.page\/en\/wp-json\/wp\/v2\/media?parent=17725"}],"wp:term":[{"taxonomy":"product_cat","embeddable":true,"href":"https:\/\/wizardly-davinci.82-223-8-23.plesk.page\/en\/wp-json\/wp\/v2\/product_cat?post=17725"},{"taxonomy":"product_tag","embeddable":true,"href":"https:\/\/wizardly-davinci.82-223-8-23.plesk.page\/en\/wp-json\/wp\/v2\/product_tag?post=17725"},{"taxonomy":"edicion","embeddable":true,"href":"https:\/\/wizardly-davinci.82-223-8-23.plesk.page\/en\/wp-json\/wp\/v2\/edicion?post=17725"},{"taxonomy":"editoriales","embeddable":true,"href":"https:\/\/wizardly-davinci.82-223-8-23.plesk.page\/en\/wp-json\/wp\/v2\/editoriales?post=17725"},{"taxonomy":"tienda","embeddable":true,"href":"https:\/\/wizardly-davinci.82-223-8-23.plesk.page\/en\/wp-json\/wp\/v2\/tienda?post=17725"},{"taxonomy":"autor_id","embeddable":true,"href":"https:\/\/wizardly-davinci.82-223-8-23.plesk.page\/en\/wp-json\/wp\/v2\/autor_id?post=17725"},{"taxonomy":"universidades_coeditoras","embeddable":true,"href":"https:\/\/wizardly-davinci.82-223-8-23.plesk.page\/en\/wp-json\/wp\/v2\/universidades_coeditoras?post=17725"},{"taxonomy":"palabras_clave","embeddable":true,"href":"https:\/\/wizardly-davinci.82-223-8-23.plesk.page\/en\/wp-json\/wp\/v2\/palabras_clave?post=17725"},{"taxonomy":"listado_alfabetico","embeddable":true,"href":"https:\/\/wizardly-davinci.82-223-8-23.plesk.page\/en\/wp-json\/wp\/v2\/listado_alfabetico?post=17725"}],"curies":[{"name":"wp","href":"https:\/\/api.w.org\/{rel}","templated":true}]}}