{"id":17731,"date":"2019-04-09T22:52:08","date_gmt":"2019-04-09T22:52:08","guid":{"rendered":"https:\/\/octaedro.com\/producto\/yerma\/"},"modified":"2023-04-24T12:37:25","modified_gmt":"2023-04-24T10:37:25","slug":"yerma","status":"publish","type":"product","link":"https:\/\/wizardly-davinci.82-223-8-23.plesk.page\/en\/producto\/yerma\/","title":{"rendered":"Yerma"},"content":{"rendered":"<p><span class=\"destacat\">Yerma<\/span>, constituye un ejemplo del modelo de tragedia contempor\u00e1nea. <span class=\"destacat\">Yerma<\/span>, nombre propio de la protagonista, exterioriza, desde el propio t\u00edtulo, el valor simb\u00f3lico que ella y su historia poseen. Lorca lo descifra cuando dice que es: \u201cLa imagen de la fecundidad castigada a la esterilidad. Un alma en la que se ceb\u00f3 el Destino se\u00f1al\u00e1ndola para v\u00edctima de lo infecundo.\u201d El elemento tem\u00e1tico sobre el que se articula el conflicto de la hero\u00edna es el de no poder lograr lo que anhela y la presencia de un <em>fatum<\/em> capaz de guiar desde su alto designio el proceso vital de la protagonista, la acci\u00f3n rebelde de \u00e9sta y su desastroso final son componentes que tipifican tambi\u00e9n el g\u00e9nero desde los griegos.<\/p>\n","protected":false},"excerpt":{"rendered":"<p><span class=\"destacat\">Yerma<\/span>, constituye un ejemplo del modelo de tragedia contempor\u00e1nea. <span class=\"destacat\">Yerma<\/span>, nombre propio de la protagonista, exterioriza, desde el propio t\u00edtulo, el valor simb\u00f3lico que ella y su historia poseen. Lorca lo descifra cuando dice que es: \u201cLa imagen de la fecundidad castigada a la esterilidad. Un alma en la que se ceb\u00f3 el Destino se\u00f1al\u00e1ndola para v\u00edctima de lo infecundo.\u201d El elemento tem\u00e1tico sobre el que se articula el conflicto de la hero\u00edna es el de no poder lograr lo que anhela y la presencia de un <em>fatum<\/em> capaz de guiar desde su alto designio el proceso vital de la protagonista, la acci\u00f3n rebelde de \u00e9sta y su desastroso final son componentes que tipifican tambi\u00e9n el g\u00e9nero desde los griegos.<\/p>\n","protected":false},"featured_media":17732,"comment_status":"open","ping_status":"closed","template":"","meta":{"_et_pb_use_builder":"","_et_pb_old_content":"","_et_gb_content_width":""},"product_cat":[1512],"product_tag":[2602],"edicion":[1083],"editoriales":[1160],"tienda":[],"autor_id":[5546],"universidades_coeditoras":[],"palabras_clave":[],"listado_alfabetico":[],"acf":[],"_links":{"self":[{"href":"https:\/\/wizardly-davinci.82-223-8-23.plesk.page\/en\/wp-json\/wp\/v2\/product\/17731"}],"collection":[{"href":"https:\/\/wizardly-davinci.82-223-8-23.plesk.page\/en\/wp-json\/wp\/v2\/product"}],"about":[{"href":"https:\/\/wizardly-davinci.82-223-8-23.plesk.page\/en\/wp-json\/wp\/v2\/types\/product"}],"replies":[{"embeddable":true,"href":"https:\/\/wizardly-davinci.82-223-8-23.plesk.page\/en\/wp-json\/wp\/v2\/comments?post=17731"}],"wp:featuredmedia":[{"embeddable":true,"href":"https:\/\/wizardly-davinci.82-223-8-23.plesk.page\/en\/wp-json\/wp\/v2\/media\/17732"}],"wp:attachment":[{"href":"https:\/\/wizardly-davinci.82-223-8-23.plesk.page\/en\/wp-json\/wp\/v2\/media?parent=17731"}],"wp:term":[{"taxonomy":"product_cat","embeddable":true,"href":"https:\/\/wizardly-davinci.82-223-8-23.plesk.page\/en\/wp-json\/wp\/v2\/product_cat?post=17731"},{"taxonomy":"product_tag","embeddable":true,"href":"https:\/\/wizardly-davinci.82-223-8-23.plesk.page\/en\/wp-json\/wp\/v2\/product_tag?post=17731"},{"taxonomy":"edicion","embeddable":true,"href":"https:\/\/wizardly-davinci.82-223-8-23.plesk.page\/en\/wp-json\/wp\/v2\/edicion?post=17731"},{"taxonomy":"editoriales","embeddable":true,"href":"https:\/\/wizardly-davinci.82-223-8-23.plesk.page\/en\/wp-json\/wp\/v2\/editoriales?post=17731"},{"taxonomy":"tienda","embeddable":true,"href":"https:\/\/wizardly-davinci.82-223-8-23.plesk.page\/en\/wp-json\/wp\/v2\/tienda?post=17731"},{"taxonomy":"autor_id","embeddable":true,"href":"https:\/\/wizardly-davinci.82-223-8-23.plesk.page\/en\/wp-json\/wp\/v2\/autor_id?post=17731"},{"taxonomy":"universidades_coeditoras","embeddable":true,"href":"https:\/\/wizardly-davinci.82-223-8-23.plesk.page\/en\/wp-json\/wp\/v2\/universidades_coeditoras?post=17731"},{"taxonomy":"palabras_clave","embeddable":true,"href":"https:\/\/wizardly-davinci.82-223-8-23.plesk.page\/en\/wp-json\/wp\/v2\/palabras_clave?post=17731"},{"taxonomy":"listado_alfabetico","embeddable":true,"href":"https:\/\/wizardly-davinci.82-223-8-23.plesk.page\/en\/wp-json\/wp\/v2\/listado_alfabetico?post=17731"}],"curies":[{"name":"wp","href":"https:\/\/api.w.org\/{rel}","templated":true}]}}