{"id":17733,"date":"2019-04-09T22:52:09","date_gmt":"2019-04-09T22:52:09","guid":{"rendered":"https:\/\/octaedro.com\/producto\/mariana-pineda\/"},"modified":"2023-04-24T12:37:32","modified_gmt":"2023-04-24T10:37:32","slug":"mariana-pineda","status":"publish","type":"product","link":"https:\/\/wizardly-davinci.82-223-8-23.plesk.page\/en\/producto\/mariana-pineda\/","title":{"rendered":"Mariana Pineda"},"content":{"rendered":"<p>En esta obra <em>Mariana Pineda, <\/em> lo principal es la pasi\u00f3n que siente la protagonista por Pedro de Sotomayor y la actividad revolucionaria de \u00e9ste es la que conduce a bordar la bandera constitucional; permanece asimismo la cercan\u00eda local expresada en la ubicaci\u00f3n del drama y en el vestuario de algunos personajes.\u00a1Amor, amor, amor, y eternas soledades!. Son, por eso, las \u00faltimas palabras de Mariana Pineda, la hero\u00edna que para <strong>Federico Garc\u00eda Lorca<\/strong> constituy\u00f3 \u201cuna de las m\u00e1s grandes emociones de la infancia\u201d.<\/p>\n","protected":false},"excerpt":{"rendered":"<p>En esta obra <em>Mariana Pineda, <\/em> lo principal es la pasi\u00f3n que siente la protagonista por Pedro de Sotomayor y la actividad revolucionaria de \u00e9ste es la que conduce a bordar la bandera constitucional; permanece asimismo la cercan\u00eda local expresada en la ubicaci\u00f3n del drama y en el vestuario de algunos personajes.\u00a1Amor, amor, amor, y eternas soledades!. Son, por eso, las \u00faltimas palabras de Mariana Pineda, la hero\u00edna que para <strong>Federico Garc\u00eda Lorca<\/strong> constituy\u00f3 \u201cuna de las m\u00e1s grandes emociones de la infancia\u201d.<\/p>\n","protected":false},"featured_media":17734,"comment_status":"open","ping_status":"closed","template":"","meta":{"_et_pb_use_builder":"","_et_pb_old_content":"","_et_gb_content_width":""},"product_cat":[1512,6675],"product_tag":[2602],"edicion":[1083],"editoriales":[1160],"tienda":[],"autor_id":[5546],"universidades_coeditoras":[],"palabras_clave":[],"listado_alfabetico":[],"acf":[],"_links":{"self":[{"href":"https:\/\/wizardly-davinci.82-223-8-23.plesk.page\/en\/wp-json\/wp\/v2\/product\/17733"}],"collection":[{"href":"https:\/\/wizardly-davinci.82-223-8-23.plesk.page\/en\/wp-json\/wp\/v2\/product"}],"about":[{"href":"https:\/\/wizardly-davinci.82-223-8-23.plesk.page\/en\/wp-json\/wp\/v2\/types\/product"}],"replies":[{"embeddable":true,"href":"https:\/\/wizardly-davinci.82-223-8-23.plesk.page\/en\/wp-json\/wp\/v2\/comments?post=17733"}],"wp:featuredmedia":[{"embeddable":true,"href":"https:\/\/wizardly-davinci.82-223-8-23.plesk.page\/en\/wp-json\/wp\/v2\/media\/17734"}],"wp:attachment":[{"href":"https:\/\/wizardly-davinci.82-223-8-23.plesk.page\/en\/wp-json\/wp\/v2\/media?parent=17733"}],"wp:term":[{"taxonomy":"product_cat","embeddable":true,"href":"https:\/\/wizardly-davinci.82-223-8-23.plesk.page\/en\/wp-json\/wp\/v2\/product_cat?post=17733"},{"taxonomy":"product_tag","embeddable":true,"href":"https:\/\/wizardly-davinci.82-223-8-23.plesk.page\/en\/wp-json\/wp\/v2\/product_tag?post=17733"},{"taxonomy":"edicion","embeddable":true,"href":"https:\/\/wizardly-davinci.82-223-8-23.plesk.page\/en\/wp-json\/wp\/v2\/edicion?post=17733"},{"taxonomy":"editoriales","embeddable":true,"href":"https:\/\/wizardly-davinci.82-223-8-23.plesk.page\/en\/wp-json\/wp\/v2\/editoriales?post=17733"},{"taxonomy":"tienda","embeddable":true,"href":"https:\/\/wizardly-davinci.82-223-8-23.plesk.page\/en\/wp-json\/wp\/v2\/tienda?post=17733"},{"taxonomy":"autor_id","embeddable":true,"href":"https:\/\/wizardly-davinci.82-223-8-23.plesk.page\/en\/wp-json\/wp\/v2\/autor_id?post=17733"},{"taxonomy":"universidades_coeditoras","embeddable":true,"href":"https:\/\/wizardly-davinci.82-223-8-23.plesk.page\/en\/wp-json\/wp\/v2\/universidades_coeditoras?post=17733"},{"taxonomy":"palabras_clave","embeddable":true,"href":"https:\/\/wizardly-davinci.82-223-8-23.plesk.page\/en\/wp-json\/wp\/v2\/palabras_clave?post=17733"},{"taxonomy":"listado_alfabetico","embeddable":true,"href":"https:\/\/wizardly-davinci.82-223-8-23.plesk.page\/en\/wp-json\/wp\/v2\/listado_alfabetico?post=17733"}],"curies":[{"name":"wp","href":"https:\/\/api.w.org\/{rel}","templated":true}]}}