{"id":17735,"date":"2019-04-09T22:52:09","date_gmt":"2019-04-09T22:52:09","guid":{"rendered":"https:\/\/octaedro.com\/producto\/canciones-de-nana-y-desvelo\/"},"modified":"2023-04-24T12:37:39","modified_gmt":"2023-04-24T10:37:39","slug":"canciones-de-nana-y-desvelo","status":"publish","type":"product","link":"https:\/\/wizardly-davinci.82-223-8-23.plesk.page\/en\/producto\/canciones-de-nana-y-desvelo\/","title":{"rendered":"Canciones de nana y desvelo"},"content":{"rendered":"<p>Un libro de poes\u00eda que ella prepar\u00f3 para lectores j\u00f3venes. Incluy\u00f3 en \u00e9l algunos poemas de sus primeras obras, escritas cuando ten\u00eda unos veinte a\u00f1os, m\u00e1s otros que publicaba por primera vez. Todos tienen como elemento com\u00fan a los ni\u00f1os, por quienes sinti\u00f3 un inmenso y sincero amor; pero a lo largo de su intensa vida y de su abundante producci\u00f3n po\u00e9tica se sinti\u00f3 interesada por otros muchos temas (las amistades de ni\u00f1a, los amores de juventud, la p\u00e9rdida d seres queridos, las atrocidades de la guerra, el paso del tiempo y la llegada de la vejez, la preocupaci\u00f3n por la muerte, etc.).<\/p>\n","protected":false},"excerpt":{"rendered":"<p>Un libro de poes\u00eda que ella prepar\u00f3 para lectores j\u00f3venes. Incluy\u00f3 en \u00e9l algunos poemas de sus primeras obras, escritas cuando ten\u00eda unos veinte a\u00f1os, m\u00e1s otros que publicaba por primera vez. Todos tienen como elemento com\u00fan a los ni\u00f1os, por quienes sinti\u00f3 un inmenso y sincero amor; pero a lo largo de su intensa vida y de su abundante producci\u00f3n po\u00e9tica se sinti\u00f3 interesada por otros muchos temas (las amistades de ni\u00f1a, los amores de juventud, la p\u00e9rdida d seres queridos, las atrocidades de la guerra, el paso del tiempo y la llegada de la vejez, la preocupaci\u00f3n por la muerte, etc.).<\/p>\n","protected":false},"featured_media":17736,"comment_status":"open","ping_status":"closed","template":"","meta":{"_et_pb_use_builder":"","_et_pb_old_content":"","_et_gb_content_width":""},"product_cat":[1512],"product_tag":[2602],"edicion":[1083],"editoriales":[1160],"tienda":[],"autor_id":[5322],"universidades_coeditoras":[],"palabras_clave":[],"listado_alfabetico":[],"acf":[],"_links":{"self":[{"href":"https:\/\/wizardly-davinci.82-223-8-23.plesk.page\/en\/wp-json\/wp\/v2\/product\/17735"}],"collection":[{"href":"https:\/\/wizardly-davinci.82-223-8-23.plesk.page\/en\/wp-json\/wp\/v2\/product"}],"about":[{"href":"https:\/\/wizardly-davinci.82-223-8-23.plesk.page\/en\/wp-json\/wp\/v2\/types\/product"}],"replies":[{"embeddable":true,"href":"https:\/\/wizardly-davinci.82-223-8-23.plesk.page\/en\/wp-json\/wp\/v2\/comments?post=17735"}],"wp:featuredmedia":[{"embeddable":true,"href":"https:\/\/wizardly-davinci.82-223-8-23.plesk.page\/en\/wp-json\/wp\/v2\/media\/17736"}],"wp:attachment":[{"href":"https:\/\/wizardly-davinci.82-223-8-23.plesk.page\/en\/wp-json\/wp\/v2\/media?parent=17735"}],"wp:term":[{"taxonomy":"product_cat","embeddable":true,"href":"https:\/\/wizardly-davinci.82-223-8-23.plesk.page\/en\/wp-json\/wp\/v2\/product_cat?post=17735"},{"taxonomy":"product_tag","embeddable":true,"href":"https:\/\/wizardly-davinci.82-223-8-23.plesk.page\/en\/wp-json\/wp\/v2\/product_tag?post=17735"},{"taxonomy":"edicion","embeddable":true,"href":"https:\/\/wizardly-davinci.82-223-8-23.plesk.page\/en\/wp-json\/wp\/v2\/edicion?post=17735"},{"taxonomy":"editoriales","embeddable":true,"href":"https:\/\/wizardly-davinci.82-223-8-23.plesk.page\/en\/wp-json\/wp\/v2\/editoriales?post=17735"},{"taxonomy":"tienda","embeddable":true,"href":"https:\/\/wizardly-davinci.82-223-8-23.plesk.page\/en\/wp-json\/wp\/v2\/tienda?post=17735"},{"taxonomy":"autor_id","embeddable":true,"href":"https:\/\/wizardly-davinci.82-223-8-23.plesk.page\/en\/wp-json\/wp\/v2\/autor_id?post=17735"},{"taxonomy":"universidades_coeditoras","embeddable":true,"href":"https:\/\/wizardly-davinci.82-223-8-23.plesk.page\/en\/wp-json\/wp\/v2\/universidades_coeditoras?post=17735"},{"taxonomy":"palabras_clave","embeddable":true,"href":"https:\/\/wizardly-davinci.82-223-8-23.plesk.page\/en\/wp-json\/wp\/v2\/palabras_clave?post=17735"},{"taxonomy":"listado_alfabetico","embeddable":true,"href":"https:\/\/wizardly-davinci.82-223-8-23.plesk.page\/en\/wp-json\/wp\/v2\/listado_alfabetico?post=17735"}],"curies":[{"name":"wp","href":"https:\/\/api.w.org\/{rel}","templated":true}]}}