{"id":17737,"date":"2019-04-09T22:52:09","date_gmt":"2019-04-09T22:52:09","guid":{"rendered":"https:\/\/octaedro.com\/producto\/asamblea-general\/"},"modified":"2023-04-24T12:37:46","modified_gmt":"2023-04-24T10:37:46","slug":"asamblea-general","status":"publish","type":"product","link":"https:\/\/wizardly-davinci.82-223-8-23.plesk.page\/en\/producto\/asamblea-general\/","title":{"rendered":"Asamblea general"},"content":{"rendered":"<p>Una de las cinco piezas de los autores que tuvo mayor consistencia. Los autores aprovecharon el argumento de una f\u00e1bula del escritor franc\u00e9s La Fontaine, para denunciar \u201clas injusticias de la justicia\u201d, que protege al culpable, cuando es poderoso, y se ense\u00f1a con el d\u00e9bil, aunque sea inocente. Esta peque\u00f1a pieza dram\u00e1tica destaca por su lenguaje, en el que abundan los juegos de palabras, las frases hechas y las expresiones coloquiales, con una finalidad humor\u00edstica o cr\u00edtica.<\/p>\n","protected":false},"excerpt":{"rendered":"<p>Una de las cinco piezas de los autores que tuvo mayor consistencia. Los autores aprovecharon el argumento de una f\u00e1bula del escritor franc\u00e9s La Fontaine, para denunciar \u201clas injusticias de la justicia\u201d, que protege al culpable, cuando es poderoso, y se ense\u00f1a con el d\u00e9bil, aunque sea inocente. Esta peque\u00f1a pieza dram\u00e1tica destaca por su lenguaje, en el que abundan los juegos de palabras, las frases hechas y las expresiones coloquiales, con una finalidad humor\u00edstica o cr\u00edtica.<\/p>\n","protected":false},"featured_media":17738,"comment_status":"open","ping_status":"closed","template":"","meta":{"_et_pb_use_builder":"","_et_pb_old_content":"","_et_gb_content_width":""},"product_cat":[1512,6675],"product_tag":[2602],"edicion":[1083],"editoriales":[1160],"tienda":[],"autor_id":[5417,6081],"universidades_coeditoras":[],"palabras_clave":[],"listado_alfabetico":[],"acf":[],"_links":{"self":[{"href":"https:\/\/wizardly-davinci.82-223-8-23.plesk.page\/en\/wp-json\/wp\/v2\/product\/17737"}],"collection":[{"href":"https:\/\/wizardly-davinci.82-223-8-23.plesk.page\/en\/wp-json\/wp\/v2\/product"}],"about":[{"href":"https:\/\/wizardly-davinci.82-223-8-23.plesk.page\/en\/wp-json\/wp\/v2\/types\/product"}],"replies":[{"embeddable":true,"href":"https:\/\/wizardly-davinci.82-223-8-23.plesk.page\/en\/wp-json\/wp\/v2\/comments?post=17737"}],"wp:featuredmedia":[{"embeddable":true,"href":"https:\/\/wizardly-davinci.82-223-8-23.plesk.page\/en\/wp-json\/wp\/v2\/media\/17738"}],"wp:attachment":[{"href":"https:\/\/wizardly-davinci.82-223-8-23.plesk.page\/en\/wp-json\/wp\/v2\/media?parent=17737"}],"wp:term":[{"taxonomy":"product_cat","embeddable":true,"href":"https:\/\/wizardly-davinci.82-223-8-23.plesk.page\/en\/wp-json\/wp\/v2\/product_cat?post=17737"},{"taxonomy":"product_tag","embeddable":true,"href":"https:\/\/wizardly-davinci.82-223-8-23.plesk.page\/en\/wp-json\/wp\/v2\/product_tag?post=17737"},{"taxonomy":"edicion","embeddable":true,"href":"https:\/\/wizardly-davinci.82-223-8-23.plesk.page\/en\/wp-json\/wp\/v2\/edicion?post=17737"},{"taxonomy":"editoriales","embeddable":true,"href":"https:\/\/wizardly-davinci.82-223-8-23.plesk.page\/en\/wp-json\/wp\/v2\/editoriales?post=17737"},{"taxonomy":"tienda","embeddable":true,"href":"https:\/\/wizardly-davinci.82-223-8-23.plesk.page\/en\/wp-json\/wp\/v2\/tienda?post=17737"},{"taxonomy":"autor_id","embeddable":true,"href":"https:\/\/wizardly-davinci.82-223-8-23.plesk.page\/en\/wp-json\/wp\/v2\/autor_id?post=17737"},{"taxonomy":"universidades_coeditoras","embeddable":true,"href":"https:\/\/wizardly-davinci.82-223-8-23.plesk.page\/en\/wp-json\/wp\/v2\/universidades_coeditoras?post=17737"},{"taxonomy":"palabras_clave","embeddable":true,"href":"https:\/\/wizardly-davinci.82-223-8-23.plesk.page\/en\/wp-json\/wp\/v2\/palabras_clave?post=17737"},{"taxonomy":"listado_alfabetico","embeddable":true,"href":"https:\/\/wizardly-davinci.82-223-8-23.plesk.page\/en\/wp-json\/wp\/v2\/listado_alfabetico?post=17737"}],"curies":[{"name":"wp","href":"https:\/\/api.w.org\/{rel}","templated":true}]}}