{"id":17739,"date":"2019-04-09T22:52:10","date_gmt":"2019-04-09T22:52:10","guid":{"rendered":"https:\/\/octaedro.com\/producto\/el-primer-quijote\/"},"modified":"2023-04-24T12:37:52","modified_gmt":"2023-04-24T10:37:52","slug":"el-primer-quijote","status":"publish","type":"product","link":"https:\/\/wizardly-davinci.82-223-8-23.plesk.page\/en\/producto\/el-primer-quijote\/","title":{"rendered":"El primer Quijote"},"content":{"rendered":"<p>Esta obra breve, <span class=\"destacat\">El primer Quijote<\/span>, muestra de la extraordinaria capacidad de compendio de sus editores Jos\u00e9 Calero y <span class=\"destacat\">Jos\u00e9 Qui\u00f1onero<\/span>, pretende acercarte a la archiconocida obra cervantina y transmitir su esp\u00edritu de entretenimiento, fin principal con que <span class=\"destacat\">Miguel de Cervantes<\/span> la compuso.<br \/>\nLas anotaciones permitir\u00e1n agilizar tu lectura; y con las actividades propuestas comprender\u00e1s mejor y te implicar\u00e1s con \u00e1nimo en las aventuras y desventuras de aquel ingenioso hidalgo espa\u00f1ol del siglo XVII.<\/p>\n","protected":false},"excerpt":{"rendered":"<p>Esta obra breve, <span class=\"destacat\">El primer Quijote<\/span>, muestra de la extraordinaria capacidad de compendio de sus editores Jos\u00e9 Calero y <span class=\"destacat\">Jos\u00e9 Qui\u00f1onero<\/span>, pretende acercarte a la archiconocida obra cervantina y transmitir su esp\u00edritu de entretenimiento, fin principal con que <span class=\"destacat\">Miguel de Cervantes<\/span> la compuso.<br \/>\nLas anotaciones permitir\u00e1n agilizar tu lectura; y con las actividades propuestas comprender\u00e1s mejor y te implicar\u00e1s con \u00e1nimo en las aventuras y desventuras de aquel ingenioso hidalgo espa\u00f1ol del siglo XVII.<\/p>\n","protected":false},"featured_media":17740,"comment_status":"open","ping_status":"closed","template":"","meta":{"_et_pb_use_builder":"","_et_pb_old_content":"","_et_gb_content_width":""},"product_cat":[1512,6675],"product_tag":[2602],"edicion":[1083],"editoriales":[1160],"tienda":[],"autor_id":[5282],"universidades_coeditoras":[],"palabras_clave":[],"listado_alfabetico":[],"acf":[],"_links":{"self":[{"href":"https:\/\/wizardly-davinci.82-223-8-23.plesk.page\/en\/wp-json\/wp\/v2\/product\/17739"}],"collection":[{"href":"https:\/\/wizardly-davinci.82-223-8-23.plesk.page\/en\/wp-json\/wp\/v2\/product"}],"about":[{"href":"https:\/\/wizardly-davinci.82-223-8-23.plesk.page\/en\/wp-json\/wp\/v2\/types\/product"}],"replies":[{"embeddable":true,"href":"https:\/\/wizardly-davinci.82-223-8-23.plesk.page\/en\/wp-json\/wp\/v2\/comments?post=17739"}],"wp:featuredmedia":[{"embeddable":true,"href":"https:\/\/wizardly-davinci.82-223-8-23.plesk.page\/en\/wp-json\/wp\/v2\/media\/17740"}],"wp:attachment":[{"href":"https:\/\/wizardly-davinci.82-223-8-23.plesk.page\/en\/wp-json\/wp\/v2\/media?parent=17739"}],"wp:term":[{"taxonomy":"product_cat","embeddable":true,"href":"https:\/\/wizardly-davinci.82-223-8-23.plesk.page\/en\/wp-json\/wp\/v2\/product_cat?post=17739"},{"taxonomy":"product_tag","embeddable":true,"href":"https:\/\/wizardly-davinci.82-223-8-23.plesk.page\/en\/wp-json\/wp\/v2\/product_tag?post=17739"},{"taxonomy":"edicion","embeddable":true,"href":"https:\/\/wizardly-davinci.82-223-8-23.plesk.page\/en\/wp-json\/wp\/v2\/edicion?post=17739"},{"taxonomy":"editoriales","embeddable":true,"href":"https:\/\/wizardly-davinci.82-223-8-23.plesk.page\/en\/wp-json\/wp\/v2\/editoriales?post=17739"},{"taxonomy":"tienda","embeddable":true,"href":"https:\/\/wizardly-davinci.82-223-8-23.plesk.page\/en\/wp-json\/wp\/v2\/tienda?post=17739"},{"taxonomy":"autor_id","embeddable":true,"href":"https:\/\/wizardly-davinci.82-223-8-23.plesk.page\/en\/wp-json\/wp\/v2\/autor_id?post=17739"},{"taxonomy":"universidades_coeditoras","embeddable":true,"href":"https:\/\/wizardly-davinci.82-223-8-23.plesk.page\/en\/wp-json\/wp\/v2\/universidades_coeditoras?post=17739"},{"taxonomy":"palabras_clave","embeddable":true,"href":"https:\/\/wizardly-davinci.82-223-8-23.plesk.page\/en\/wp-json\/wp\/v2\/palabras_clave?post=17739"},{"taxonomy":"listado_alfabetico","embeddable":true,"href":"https:\/\/wizardly-davinci.82-223-8-23.plesk.page\/en\/wp-json\/wp\/v2\/listado_alfabetico?post=17739"}],"curies":[{"name":"wp","href":"https:\/\/api.w.org\/{rel}","templated":true}]}}