{"id":17741,"date":"2019-04-09T22:52:10","date_gmt":"2019-04-09T22:52:10","guid":{"rendered":"https:\/\/octaedro.com\/producto\/bodas-de-sangre\/"},"modified":"2023-04-24T12:37:59","modified_gmt":"2023-04-24T10:37:59","slug":"bodas-de-sangre","status":"publish","type":"product","link":"https:\/\/wizardly-davinci.82-223-8-23.plesk.page\/en\/producto\/bodas-de-sangre\/","title":{"rendered":"Bodas de sangre"},"content":{"rendered":"<p><span class=\"destacat\">Federico Garc\u00eda Lorca<\/span> envuelve en un halo po\u00e9tico los aciagos acontecimientos reales ocurridos en un cortijo de Najar (all\u00e1 por 1928) y compone una obra teatral desgarradora: <span class=\"destacat\">Bodas de sangre<\/span>. El drama se eleva a tragedia; el \u00e1mbito rural alcanza lo universal. Y los j\u00f3venes estudiantes de hoy disfrutar\u00e1n y sentir\u00e1n, con un ritmo y un lenguaje bell\u00edsimos, los latidos del alma lorquiana.<\/p>\n","protected":false},"excerpt":{"rendered":"<p><span class=\"destacat\">Federico Garc\u00eda Lorca<\/span> envuelve en un halo po\u00e9tico los aciagos acontecimientos reales ocurridos en un cortijo de Najar (all\u00e1 por 1928) y compone una obra teatral desgarradora: <span class=\"destacat\">Bodas de sangre<\/span>. El drama se eleva a tragedia; el \u00e1mbito rural alcanza lo universal. Y los j\u00f3venes estudiantes de hoy disfrutar\u00e1n y sentir\u00e1n, con un ritmo y un lenguaje bell\u00edsimos, los latidos del alma lorquiana.<\/p>\n","protected":false},"featured_media":17742,"comment_status":"open","ping_status":"closed","template":"","meta":{"_et_pb_use_builder":"","_et_pb_old_content":"","_et_gb_content_width":""},"product_cat":[1512],"product_tag":[2602],"edicion":[],"editoriales":[1160],"tienda":[],"autor_id":[5546],"universidades_coeditoras":[],"palabras_clave":[],"listado_alfabetico":[],"acf":[],"_links":{"self":[{"href":"https:\/\/wizardly-davinci.82-223-8-23.plesk.page\/en\/wp-json\/wp\/v2\/product\/17741"}],"collection":[{"href":"https:\/\/wizardly-davinci.82-223-8-23.plesk.page\/en\/wp-json\/wp\/v2\/product"}],"about":[{"href":"https:\/\/wizardly-davinci.82-223-8-23.plesk.page\/en\/wp-json\/wp\/v2\/types\/product"}],"replies":[{"embeddable":true,"href":"https:\/\/wizardly-davinci.82-223-8-23.plesk.page\/en\/wp-json\/wp\/v2\/comments?post=17741"}],"wp:featuredmedia":[{"embeddable":true,"href":"https:\/\/wizardly-davinci.82-223-8-23.plesk.page\/en\/wp-json\/wp\/v2\/media\/17742"}],"wp:attachment":[{"href":"https:\/\/wizardly-davinci.82-223-8-23.plesk.page\/en\/wp-json\/wp\/v2\/media?parent=17741"}],"wp:term":[{"taxonomy":"product_cat","embeddable":true,"href":"https:\/\/wizardly-davinci.82-223-8-23.plesk.page\/en\/wp-json\/wp\/v2\/product_cat?post=17741"},{"taxonomy":"product_tag","embeddable":true,"href":"https:\/\/wizardly-davinci.82-223-8-23.plesk.page\/en\/wp-json\/wp\/v2\/product_tag?post=17741"},{"taxonomy":"edicion","embeddable":true,"href":"https:\/\/wizardly-davinci.82-223-8-23.plesk.page\/en\/wp-json\/wp\/v2\/edicion?post=17741"},{"taxonomy":"editoriales","embeddable":true,"href":"https:\/\/wizardly-davinci.82-223-8-23.plesk.page\/en\/wp-json\/wp\/v2\/editoriales?post=17741"},{"taxonomy":"tienda","embeddable":true,"href":"https:\/\/wizardly-davinci.82-223-8-23.plesk.page\/en\/wp-json\/wp\/v2\/tienda?post=17741"},{"taxonomy":"autor_id","embeddable":true,"href":"https:\/\/wizardly-davinci.82-223-8-23.plesk.page\/en\/wp-json\/wp\/v2\/autor_id?post=17741"},{"taxonomy":"universidades_coeditoras","embeddable":true,"href":"https:\/\/wizardly-davinci.82-223-8-23.plesk.page\/en\/wp-json\/wp\/v2\/universidades_coeditoras?post=17741"},{"taxonomy":"palabras_clave","embeddable":true,"href":"https:\/\/wizardly-davinci.82-223-8-23.plesk.page\/en\/wp-json\/wp\/v2\/palabras_clave?post=17741"},{"taxonomy":"listado_alfabetico","embeddable":true,"href":"https:\/\/wizardly-davinci.82-223-8-23.plesk.page\/en\/wp-json\/wp\/v2\/listado_alfabetico?post=17741"}],"curies":[{"name":"wp","href":"https:\/\/api.w.org\/{rel}","templated":true}]}}