{"id":17745,"date":"2019-04-09T22:52:10","date_gmt":"2019-04-09T22:52:10","guid":{"rendered":"https:\/\/octaedro.com\/producto\/la-leyenda-del-rey-rodrigo\/"},"modified":"2023-04-24T12:38:12","modified_gmt":"2023-04-24T10:38:12","slug":"la-leyenda-del-rey-rodrigo","status":"publish","type":"product","link":"https:\/\/wizardly-davinci.82-223-8-23.plesk.page\/en\/producto\/la-leyenda-del-rey-rodrigo\/","title":{"rendered":"La leyenda del rey Rodrigo"},"content":{"rendered":"<p>Adaptaci\u00f3n de la leyenda del Rey don Rodrigo a partir de la versi\u00f3n que aparece en la Cr\u00f3nica General de Espa\u00f1a de 1344. Cuenta c\u00f3mo don Rodrigo, acusado de la violaci\u00f3n de la hija del conde don Juli\u00e1n, es derrotado por los \u00e1rabes (que han contado con la ayuda del conde) en la batalla de Guadalete. Don Rodrigo ser\u00e1 el \u00faltimo rey godo. Espa\u00f1a empezaba a ser musulmana.<\/p>\n","protected":false},"excerpt":{"rendered":"<p>Adaptaci\u00f3n de la leyenda del Rey don Rodrigo a partir de la versi\u00f3n que aparece en la Cr\u00f3nica General de Espa\u00f1a de 1344. Cuenta c\u00f3mo don Rodrigo, acusado de la violaci\u00f3n de la hija del conde don Juli\u00e1n, es derrotado por los \u00e1rabes (que han contado con la ayuda del conde) en la batalla de Guadalete. Don Rodrigo ser\u00e1 el \u00faltimo rey godo. Espa\u00f1a empezaba a ser musulmana.<\/p>\n","protected":false},"featured_media":17746,"comment_status":"open","ping_status":"closed","template":"","meta":{"_et_pb_use_builder":"","_et_pb_old_content":"","_et_gb_content_width":""},"product_cat":[1512],"product_tag":[2602],"edicion":[1083],"editoriales":[1160],"tienda":[],"autor_id":[6112,6203],"universidades_coeditoras":[],"palabras_clave":[],"listado_alfabetico":[],"acf":[],"_links":{"self":[{"href":"https:\/\/wizardly-davinci.82-223-8-23.plesk.page\/en\/wp-json\/wp\/v2\/product\/17745"}],"collection":[{"href":"https:\/\/wizardly-davinci.82-223-8-23.plesk.page\/en\/wp-json\/wp\/v2\/product"}],"about":[{"href":"https:\/\/wizardly-davinci.82-223-8-23.plesk.page\/en\/wp-json\/wp\/v2\/types\/product"}],"replies":[{"embeddable":true,"href":"https:\/\/wizardly-davinci.82-223-8-23.plesk.page\/en\/wp-json\/wp\/v2\/comments?post=17745"}],"wp:featuredmedia":[{"embeddable":true,"href":"https:\/\/wizardly-davinci.82-223-8-23.plesk.page\/en\/wp-json\/wp\/v2\/media\/17746"}],"wp:attachment":[{"href":"https:\/\/wizardly-davinci.82-223-8-23.plesk.page\/en\/wp-json\/wp\/v2\/media?parent=17745"}],"wp:term":[{"taxonomy":"product_cat","embeddable":true,"href":"https:\/\/wizardly-davinci.82-223-8-23.plesk.page\/en\/wp-json\/wp\/v2\/product_cat?post=17745"},{"taxonomy":"product_tag","embeddable":true,"href":"https:\/\/wizardly-davinci.82-223-8-23.plesk.page\/en\/wp-json\/wp\/v2\/product_tag?post=17745"},{"taxonomy":"edicion","embeddable":true,"href":"https:\/\/wizardly-davinci.82-223-8-23.plesk.page\/en\/wp-json\/wp\/v2\/edicion?post=17745"},{"taxonomy":"editoriales","embeddable":true,"href":"https:\/\/wizardly-davinci.82-223-8-23.plesk.page\/en\/wp-json\/wp\/v2\/editoriales?post=17745"},{"taxonomy":"tienda","embeddable":true,"href":"https:\/\/wizardly-davinci.82-223-8-23.plesk.page\/en\/wp-json\/wp\/v2\/tienda?post=17745"},{"taxonomy":"autor_id","embeddable":true,"href":"https:\/\/wizardly-davinci.82-223-8-23.plesk.page\/en\/wp-json\/wp\/v2\/autor_id?post=17745"},{"taxonomy":"universidades_coeditoras","embeddable":true,"href":"https:\/\/wizardly-davinci.82-223-8-23.plesk.page\/en\/wp-json\/wp\/v2\/universidades_coeditoras?post=17745"},{"taxonomy":"palabras_clave","embeddable":true,"href":"https:\/\/wizardly-davinci.82-223-8-23.plesk.page\/en\/wp-json\/wp\/v2\/palabras_clave?post=17745"},{"taxonomy":"listado_alfabetico","embeddable":true,"href":"https:\/\/wizardly-davinci.82-223-8-23.plesk.page\/en\/wp-json\/wp\/v2\/listado_alfabetico?post=17745"}],"curies":[{"name":"wp","href":"https:\/\/api.w.org\/{rel}","templated":true}]}}