{"id":17753,"date":"2019-04-09T22:52:12","date_gmt":"2019-04-09T22:52:12","guid":{"rendered":"https:\/\/octaedro.com\/producto\/antologia-poetica-del-siglo-de-oro\/"},"modified":"2023-04-24T12:38:41","modified_gmt":"2023-04-24T10:38:41","slug":"antologia-poetica-del-siglo-de-oro","status":"publish","type":"product","link":"https:\/\/wizardly-davinci.82-223-8-23.plesk.page\/en\/producto\/antologia-poetica-del-siglo-de-oro\/","title":{"rendered":"Antolog\u00eda po\u00e9tica del Siglo de Oro"},"content":{"rendered":"<p>En esta <span class=\"destacat\">Antolog\u00eda po\u00e9tica del Siglo de Oro<\/span>, pensada principalmente para estudiantes de Bachillerato, se incluyen poemas de Garcilaso de la Vega, Fray Luis de Le\u00f3n, San Juan de la Cruz, Luis de G\u00f3ngora, Lope de Vega y Francisco de Quevedo junto a una breve presentaci\u00f3n de cada autor.<br \/>\nLe precede una introducci\u00f3n general al Renacimiento y al Barroco y le sigue una propuesta de actividades de clase y una breve explicaci\u00f3n de los recursos literarios mencionados en esta edici\u00f3n<\/p>\n","protected":false},"excerpt":{"rendered":"<p>En esta <span class=\"destacat\">Antolog\u00eda po\u00e9tica del Siglo de Oro<\/span>, pensada principalmente para estudiantes de Bachillerato, se incluyen poemas de Garcilaso de la Vega, Fray Luis de Le\u00f3n, San Juan de la Cruz, Luis de G\u00f3ngora, Lope de Vega y Francisco de Quevedo junto a una breve presentaci\u00f3n de cada autor.<br \/>\nLe precede una introducci\u00f3n general al Renacimiento y al Barroco y le sigue una propuesta de actividades de clase y una breve explicaci\u00f3n de los recursos literarios mencionados en esta edici\u00f3n<\/p>\n","protected":false},"featured_media":17754,"comment_status":"open","ping_status":"closed","template":"","meta":{"_et_pb_use_builder":"","_et_pb_old_content":"","_et_gb_content_width":""},"product_cat":[1512],"product_tag":[2602],"edicion":[1083],"editoriales":[1160],"tienda":[],"autor_id":[6115,6433],"universidades_coeditoras":[],"palabras_clave":[],"listado_alfabetico":[],"acf":[],"_links":{"self":[{"href":"https:\/\/wizardly-davinci.82-223-8-23.plesk.page\/en\/wp-json\/wp\/v2\/product\/17753"}],"collection":[{"href":"https:\/\/wizardly-davinci.82-223-8-23.plesk.page\/en\/wp-json\/wp\/v2\/product"}],"about":[{"href":"https:\/\/wizardly-davinci.82-223-8-23.plesk.page\/en\/wp-json\/wp\/v2\/types\/product"}],"replies":[{"embeddable":true,"href":"https:\/\/wizardly-davinci.82-223-8-23.plesk.page\/en\/wp-json\/wp\/v2\/comments?post=17753"}],"wp:featuredmedia":[{"embeddable":true,"href":"https:\/\/wizardly-davinci.82-223-8-23.plesk.page\/en\/wp-json\/wp\/v2\/media\/17754"}],"wp:attachment":[{"href":"https:\/\/wizardly-davinci.82-223-8-23.plesk.page\/en\/wp-json\/wp\/v2\/media?parent=17753"}],"wp:term":[{"taxonomy":"product_cat","embeddable":true,"href":"https:\/\/wizardly-davinci.82-223-8-23.plesk.page\/en\/wp-json\/wp\/v2\/product_cat?post=17753"},{"taxonomy":"product_tag","embeddable":true,"href":"https:\/\/wizardly-davinci.82-223-8-23.plesk.page\/en\/wp-json\/wp\/v2\/product_tag?post=17753"},{"taxonomy":"edicion","embeddable":true,"href":"https:\/\/wizardly-davinci.82-223-8-23.plesk.page\/en\/wp-json\/wp\/v2\/edicion?post=17753"},{"taxonomy":"editoriales","embeddable":true,"href":"https:\/\/wizardly-davinci.82-223-8-23.plesk.page\/en\/wp-json\/wp\/v2\/editoriales?post=17753"},{"taxonomy":"tienda","embeddable":true,"href":"https:\/\/wizardly-davinci.82-223-8-23.plesk.page\/en\/wp-json\/wp\/v2\/tienda?post=17753"},{"taxonomy":"autor_id","embeddable":true,"href":"https:\/\/wizardly-davinci.82-223-8-23.plesk.page\/en\/wp-json\/wp\/v2\/autor_id?post=17753"},{"taxonomy":"universidades_coeditoras","embeddable":true,"href":"https:\/\/wizardly-davinci.82-223-8-23.plesk.page\/en\/wp-json\/wp\/v2\/universidades_coeditoras?post=17753"},{"taxonomy":"palabras_clave","embeddable":true,"href":"https:\/\/wizardly-davinci.82-223-8-23.plesk.page\/en\/wp-json\/wp\/v2\/palabras_clave?post=17753"},{"taxonomy":"listado_alfabetico","embeddable":true,"href":"https:\/\/wizardly-davinci.82-223-8-23.plesk.page\/en\/wp-json\/wp\/v2\/listado_alfabetico?post=17753"}],"curies":[{"name":"wp","href":"https:\/\/api.w.org\/{rel}","templated":true}]}}