{"id":17757,"date":"2019-04-09T22:52:12","date_gmt":"2019-04-09T22:52:12","guid":{"rendered":"https:\/\/octaedro.com\/producto\/la-diana\/"},"modified":"2023-04-24T12:38:56","modified_gmt":"2023-04-24T10:38:56","slug":"la-diana","status":"publish","type":"product","link":"https:\/\/wizardly-davinci.82-223-8-23.plesk.page\/en\/producto\/la-diana\/","title":{"rendered":"La Diana"},"content":{"rendered":"<p>Las penas y devaneos amorosos entre la pastora Diana y el pastor Sireno en las riberas del r\u00edo Esla, en la ciudad de Le\u00f3n, sirven de fondo a una de las mejores novelas espa\u00f1olas y europeas, la primera del g\u00e9nero pastoril, escrita por <span class=\"destacat\">Jorge de Montemayor<\/span> en una \u00e9poca clave para la historia de la Reforma del catolicismo en Espa\u00f1a (1543-1560).<\/p>\n<p>Este libro incluye:<\/p>\n<p>&#8211; Una breve presentaci\u00f3n del autor y de las tendencias narrativas del siglo XVI.<br \/>\n&#8211; Un estudio pormenorizado de la obra: argumento, estructura, rasgos de los personajes&#8230;<br \/>\n&#8211; Una propuesta de actividades para el aula.<\/p>\n","protected":false},"excerpt":{"rendered":"<p>Las penas y devaneos amorosos entre la pastora Diana y el pastor Sireno en las riberas del r\u00edo Esla, en la ciudad de Le\u00f3n, sirven de fondo a una de las mejores novelas espa\u00f1olas y europeas, la primera del g\u00e9nero pastoril, escrita por <span class=\"destacat\">Jorge de Montemayor<\/span> en una \u00e9poca clave para la historia de la Reforma del catolicismo en Espa\u00f1a (1543-1560).<\/p>\n<p>Este libro incluye:<\/p>\n<p>&#8211; Una breve presentaci\u00f3n del autor y de las tendencias narrativas del siglo XVI.<br \/>\n&#8211; Un estudio pormenorizado de la obra: argumento, estructura, rasgos de los personajes&#8230;<br \/>\n&#8211; Una propuesta de actividades para el aula.<\/p>\n","protected":false},"featured_media":17758,"comment_status":"open","ping_status":"closed","template":"","meta":{"_et_pb_use_builder":"","_et_pb_old_content":"","_et_gb_content_width":""},"product_cat":[1512],"product_tag":[2602],"edicion":[1083],"editoriales":[1160],"tienda":[],"autor_id":[5441,5993],"universidades_coeditoras":[],"palabras_clave":[],"listado_alfabetico":[],"acf":[],"_links":{"self":[{"href":"https:\/\/wizardly-davinci.82-223-8-23.plesk.page\/en\/wp-json\/wp\/v2\/product\/17757"}],"collection":[{"href":"https:\/\/wizardly-davinci.82-223-8-23.plesk.page\/en\/wp-json\/wp\/v2\/product"}],"about":[{"href":"https:\/\/wizardly-davinci.82-223-8-23.plesk.page\/en\/wp-json\/wp\/v2\/types\/product"}],"replies":[{"embeddable":true,"href":"https:\/\/wizardly-davinci.82-223-8-23.plesk.page\/en\/wp-json\/wp\/v2\/comments?post=17757"}],"wp:featuredmedia":[{"embeddable":true,"href":"https:\/\/wizardly-davinci.82-223-8-23.plesk.page\/en\/wp-json\/wp\/v2\/media\/17758"}],"wp:attachment":[{"href":"https:\/\/wizardly-davinci.82-223-8-23.plesk.page\/en\/wp-json\/wp\/v2\/media?parent=17757"}],"wp:term":[{"taxonomy":"product_cat","embeddable":true,"href":"https:\/\/wizardly-davinci.82-223-8-23.plesk.page\/en\/wp-json\/wp\/v2\/product_cat?post=17757"},{"taxonomy":"product_tag","embeddable":true,"href":"https:\/\/wizardly-davinci.82-223-8-23.plesk.page\/en\/wp-json\/wp\/v2\/product_tag?post=17757"},{"taxonomy":"edicion","embeddable":true,"href":"https:\/\/wizardly-davinci.82-223-8-23.plesk.page\/en\/wp-json\/wp\/v2\/edicion?post=17757"},{"taxonomy":"editoriales","embeddable":true,"href":"https:\/\/wizardly-davinci.82-223-8-23.plesk.page\/en\/wp-json\/wp\/v2\/editoriales?post=17757"},{"taxonomy":"tienda","embeddable":true,"href":"https:\/\/wizardly-davinci.82-223-8-23.plesk.page\/en\/wp-json\/wp\/v2\/tienda?post=17757"},{"taxonomy":"autor_id","embeddable":true,"href":"https:\/\/wizardly-davinci.82-223-8-23.plesk.page\/en\/wp-json\/wp\/v2\/autor_id?post=17757"},{"taxonomy":"universidades_coeditoras","embeddable":true,"href":"https:\/\/wizardly-davinci.82-223-8-23.plesk.page\/en\/wp-json\/wp\/v2\/universidades_coeditoras?post=17757"},{"taxonomy":"palabras_clave","embeddable":true,"href":"https:\/\/wizardly-davinci.82-223-8-23.plesk.page\/en\/wp-json\/wp\/v2\/palabras_clave?post=17757"},{"taxonomy":"listado_alfabetico","embeddable":true,"href":"https:\/\/wizardly-davinci.82-223-8-23.plesk.page\/en\/wp-json\/wp\/v2\/listado_alfabetico?post=17757"}],"curies":[{"name":"wp","href":"https:\/\/api.w.org\/{rel}","templated":true}]}}