{"id":17759,"date":"2019-04-09T22:52:13","date_gmt":"2019-04-09T22:52:13","guid":{"rendered":"https:\/\/octaedro.com\/producto\/cuentos-extraordinarios\/"},"modified":"2023-04-24T12:39:03","modified_gmt":"2023-04-24T10:39:03","slug":"cuentos-extraordinarios","status":"publish","type":"product","link":"https:\/\/wizardly-davinci.82-223-8-23.plesk.page\/en\/producto\/cuentos-extraordinarios\/","title":{"rendered":"Cuentos extraordinarios"},"content":{"rendered":"<p>En su vida de escritor, Poe hace un viaje m\u00e1gico al reino de la imaginaci\u00f3n. Lo sublime, lo misterioso, un abismo oscuro e insondable se ciernen en sus mejores relatos. Se recogen aqu\u00ed nueve t\u00edtulos que vislumbran lo mejor de este escritor decimon\u00f3nico que busca la armon\u00eda complementaria entre la observaci\u00f3n emp\u00edrica y cient\u00edfica propia de un detective, por una parte, y el libre vuelo de la fantas\u00eda, por la otra. Es su manera de acercarse al mundo.<\/p>\n","protected":false},"excerpt":{"rendered":"<p>En su vida de escritor, Poe hace un viaje m\u00e1gico al reino de la imaginaci\u00f3n. Lo sublime, lo misterioso, un abismo oscuro e insondable se ciernen en sus mejores relatos. Se recogen aqu\u00ed nueve t\u00edtulos que vislumbran lo mejor de este escritor decimon\u00f3nico que busca la armon\u00eda complementaria entre la observaci\u00f3n emp\u00edrica y cient\u00edfica propia de un detective, por una parte, y el libre vuelo de la fantas\u00eda, por la otra. Es su manera de acercarse al mundo.<\/p>\n","protected":false},"featured_media":17760,"comment_status":"open","ping_status":"closed","template":"","meta":{"_et_pb_use_builder":"","_et_pb_old_content":"","_et_gb_content_width":""},"product_cat":[2606,1512,6674,6675],"product_tag":[2608],"edicion":[1085,1083],"editoriales":[1160],"tienda":[],"autor_id":[5851,6165],"universidades_coeditoras":[],"palabras_clave":[],"listado_alfabetico":[],"acf":[],"_links":{"self":[{"href":"https:\/\/wizardly-davinci.82-223-8-23.plesk.page\/en\/wp-json\/wp\/v2\/product\/17759"}],"collection":[{"href":"https:\/\/wizardly-davinci.82-223-8-23.plesk.page\/en\/wp-json\/wp\/v2\/product"}],"about":[{"href":"https:\/\/wizardly-davinci.82-223-8-23.plesk.page\/en\/wp-json\/wp\/v2\/types\/product"}],"replies":[{"embeddable":true,"href":"https:\/\/wizardly-davinci.82-223-8-23.plesk.page\/en\/wp-json\/wp\/v2\/comments?post=17759"}],"wp:featuredmedia":[{"embeddable":true,"href":"https:\/\/wizardly-davinci.82-223-8-23.plesk.page\/en\/wp-json\/wp\/v2\/media\/17760"}],"wp:attachment":[{"href":"https:\/\/wizardly-davinci.82-223-8-23.plesk.page\/en\/wp-json\/wp\/v2\/media?parent=17759"}],"wp:term":[{"taxonomy":"product_cat","embeddable":true,"href":"https:\/\/wizardly-davinci.82-223-8-23.plesk.page\/en\/wp-json\/wp\/v2\/product_cat?post=17759"},{"taxonomy":"product_tag","embeddable":true,"href":"https:\/\/wizardly-davinci.82-223-8-23.plesk.page\/en\/wp-json\/wp\/v2\/product_tag?post=17759"},{"taxonomy":"edicion","embeddable":true,"href":"https:\/\/wizardly-davinci.82-223-8-23.plesk.page\/en\/wp-json\/wp\/v2\/edicion?post=17759"},{"taxonomy":"editoriales","embeddable":true,"href":"https:\/\/wizardly-davinci.82-223-8-23.plesk.page\/en\/wp-json\/wp\/v2\/editoriales?post=17759"},{"taxonomy":"tienda","embeddable":true,"href":"https:\/\/wizardly-davinci.82-223-8-23.plesk.page\/en\/wp-json\/wp\/v2\/tienda?post=17759"},{"taxonomy":"autor_id","embeddable":true,"href":"https:\/\/wizardly-davinci.82-223-8-23.plesk.page\/en\/wp-json\/wp\/v2\/autor_id?post=17759"},{"taxonomy":"universidades_coeditoras","embeddable":true,"href":"https:\/\/wizardly-davinci.82-223-8-23.plesk.page\/en\/wp-json\/wp\/v2\/universidades_coeditoras?post=17759"},{"taxonomy":"palabras_clave","embeddable":true,"href":"https:\/\/wizardly-davinci.82-223-8-23.plesk.page\/en\/wp-json\/wp\/v2\/palabras_clave?post=17759"},{"taxonomy":"listado_alfabetico","embeddable":true,"href":"https:\/\/wizardly-davinci.82-223-8-23.plesk.page\/en\/wp-json\/wp\/v2\/listado_alfabetico?post=17759"}],"curies":[{"name":"wp","href":"https:\/\/api.w.org\/{rel}","templated":true}]}}