{"id":17761,"date":"2019-04-09T22:52:13","date_gmt":"2019-04-09T22:52:13","guid":{"rendered":"https:\/\/octaedro.com\/producto\/la-metamorfosis\/"},"modified":"2023-04-24T12:46:58","modified_gmt":"2023-04-24T10:46:58","slug":"la-metamorfosis","status":"publish","type":"product","link":"https:\/\/wizardly-davinci.82-223-8-23.plesk.page\/en\/producto\/la-metamorfosis\/","title":{"rendered":"La metamorfosis"},"content":{"rendered":"<p>\u00abCuando Gregor Samsa despert\u00f3 una ma\u00f1ana de una noche llena de sue\u00f1os inquietos, se encontr\u00f3 en su cama, convertido en un bicho monstruoso\u2026\u00bb Este es uno de los principios de relato m\u00e1s famosos de la literatura universal, el del libro que viene a continuaci\u00f3n: <span class=\"destacat\">La metamorfosis<\/span>.<br \/>\nPara quien sepa leerla, <span class=\"destacat\">La metamorfosis<\/span> es una lecci\u00f3n sobre lo que hay que hacer, contado desde el punto de vista de lo que no hay que hacer. Es una lecci\u00f3n sobre nuestros miedos y nuestra dificultad para superarlos, y un grito de amor desesperado. Somos los lectores los que tenemos que o\u00edr ese grito.<\/p>\n","protected":false},"excerpt":{"rendered":"<p>\u00abCuando Gregor Samsa despert\u00f3 una ma\u00f1ana de una noche llena de sue\u00f1os inquietos, se encontr\u00f3 en su cama, convertido en un bicho monstruoso\u2026\u00bb Este es uno de los principios de relato m\u00e1s famosos de la literatura universal, el del libro que viene a continuaci\u00f3n: <span class=\"destacat\">La metamorfosis<\/span>.<br \/>\nPara quien sepa leerla, <span class=\"destacat\">La metamorfosis<\/span> es una lecci\u00f3n sobre lo que hay que hacer, contado desde el punto de vista de lo que no hay que hacer. Es una lecci\u00f3n sobre nuestros miedos y nuestra dificultad para superarlos, y un grito de amor desesperado. Somos los lectores los que tenemos que o\u00edr ese grito.<\/p>\n","protected":false},"featured_media":17762,"comment_status":"open","ping_status":"closed","template":"","meta":{"_et_pb_use_builder":"","_et_pb_old_content":"","_et_gb_content_width":""},"product_cat":[2606,1512,6674,6675,6673],"product_tag":[2609],"edicion":[1085,1084,1083],"editoriales":[1160],"tienda":[],"autor_id":[5763],"universidades_coeditoras":[],"palabras_clave":[],"listado_alfabetico":[],"acf":[],"_links":{"self":[{"href":"https:\/\/wizardly-davinci.82-223-8-23.plesk.page\/en\/wp-json\/wp\/v2\/product\/17761"}],"collection":[{"href":"https:\/\/wizardly-davinci.82-223-8-23.plesk.page\/en\/wp-json\/wp\/v2\/product"}],"about":[{"href":"https:\/\/wizardly-davinci.82-223-8-23.plesk.page\/en\/wp-json\/wp\/v2\/types\/product"}],"replies":[{"embeddable":true,"href":"https:\/\/wizardly-davinci.82-223-8-23.plesk.page\/en\/wp-json\/wp\/v2\/comments?post=17761"}],"wp:featuredmedia":[{"embeddable":true,"href":"https:\/\/wizardly-davinci.82-223-8-23.plesk.page\/en\/wp-json\/wp\/v2\/media\/17762"}],"wp:attachment":[{"href":"https:\/\/wizardly-davinci.82-223-8-23.plesk.page\/en\/wp-json\/wp\/v2\/media?parent=17761"}],"wp:term":[{"taxonomy":"product_cat","embeddable":true,"href":"https:\/\/wizardly-davinci.82-223-8-23.plesk.page\/en\/wp-json\/wp\/v2\/product_cat?post=17761"},{"taxonomy":"product_tag","embeddable":true,"href":"https:\/\/wizardly-davinci.82-223-8-23.plesk.page\/en\/wp-json\/wp\/v2\/product_tag?post=17761"},{"taxonomy":"edicion","embeddable":true,"href":"https:\/\/wizardly-davinci.82-223-8-23.plesk.page\/en\/wp-json\/wp\/v2\/edicion?post=17761"},{"taxonomy":"editoriales","embeddable":true,"href":"https:\/\/wizardly-davinci.82-223-8-23.plesk.page\/en\/wp-json\/wp\/v2\/editoriales?post=17761"},{"taxonomy":"tienda","embeddable":true,"href":"https:\/\/wizardly-davinci.82-223-8-23.plesk.page\/en\/wp-json\/wp\/v2\/tienda?post=17761"},{"taxonomy":"autor_id","embeddable":true,"href":"https:\/\/wizardly-davinci.82-223-8-23.plesk.page\/en\/wp-json\/wp\/v2\/autor_id?post=17761"},{"taxonomy":"universidades_coeditoras","embeddable":true,"href":"https:\/\/wizardly-davinci.82-223-8-23.plesk.page\/en\/wp-json\/wp\/v2\/universidades_coeditoras?post=17761"},{"taxonomy":"palabras_clave","embeddable":true,"href":"https:\/\/wizardly-davinci.82-223-8-23.plesk.page\/en\/wp-json\/wp\/v2\/palabras_clave?post=17761"},{"taxonomy":"listado_alfabetico","embeddable":true,"href":"https:\/\/wizardly-davinci.82-223-8-23.plesk.page\/en\/wp-json\/wp\/v2\/listado_alfabetico?post=17761"}],"curies":[{"name":"wp","href":"https:\/\/api.w.org\/{rel}","templated":true}]}}