{"id":17763,"date":"2019-04-09T22:52:15","date_gmt":"2019-04-09T22:52:15","guid":{"rendered":"https:\/\/octaedro.com\/producto\/el-gato-negro\/"},"modified":"2023-04-24T12:47:06","modified_gmt":"2023-04-24T10:47:06","slug":"el-gato-negro","status":"publish","type":"product","link":"https:\/\/wizardly-davinci.82-223-8-23.plesk.page\/en\/producto\/el-gato-negro\/","title":{"rendered":"El gato negro"},"content":{"rendered":"<p>El relato \u00abEl gato negro\u00bb se public\u00f3 por vez primera en el peri\u00f3dico United States Saturday Post, en 1843.<br \/>\nEl gato como s\u00edmbolo del mal tiene una larga tradici\u00f3n en Occidente. En la supersticiosa Edad Media lleg\u00f3 incluso a representar a Satan\u00e1s al visitar la tierra; era el animal de compa\u00f1\u00eda de las brujas. En el romanticismo se puso de moda como animal literario por excelencia, por su aire misterioso, sus ojos relucientes y su aparente serenidad. El propio autor del relato, <span class=\"destacat\">Edgar Allan Poe<\/span>, tuvo en casa ese animal dom\u00e9stico. Pero en realidad, el gato es aqu\u00ed la v\u00edctima de los desvar\u00edos y alucinaciones, por no hablar de los instintos criminales del narrador.<br \/>\nCon el relato <span class=\"destacat\">El gato negro<\/span>, tenemos de nuevo el tema del \u00abcrimen perfecto\u00bb planeado fr\u00edamente por un asesino inteligente y calculador. En su interior, el propio narrador lucha contra sus insatisfacciones y frustraciones acrecentadas por el alcoholismo, y trama una venganza inmolando al inocente animal, por el que sent\u00eda gran afecto. El gato es el ojo acusador, su propia conciencia, capaz de examinar su psique desviada y enloquecida. Su maldad psicop\u00e1tica lleva al protagonista al asesinato.<\/p>\n","protected":false},"excerpt":{"rendered":"<p>El relato \u00abEl gato negro\u00bb se public\u00f3 por vez primera en el peri\u00f3dico United States Saturday Post, en 1843.<br \/>\nEl gato como s\u00edmbolo del mal tiene una larga tradici\u00f3n en Occidente. En la supersticiosa Edad Media lleg\u00f3 incluso a representar a Satan\u00e1s al visitar la tierra; era el animal de compa\u00f1\u00eda de las brujas. En el romanticismo se puso de moda como animal literario por excelencia, por su aire misterioso, sus ojos relucientes y su aparente serenidad. El propio autor del relato, <span class=\"destacat\">Edgar Allan Poe<\/span>, tuvo en casa ese animal dom\u00e9stico. Pero en realidad, el gato es aqu\u00ed la v\u00edctima de los desvar\u00edos y alucinaciones, por no hablar de los instintos criminales del narrador.<br \/>\nCon el relato <span class=\"destacat\">El gato negro<\/span>, tenemos de nuevo el tema del \u00abcrimen perfecto\u00bb planeado fr\u00edamente por un asesino inteligente y calculador. En su interior, el propio narrador lucha contra sus insatisfacciones y frustraciones acrecentadas por el alcoholismo, y trama una venganza inmolando al inocente animal, por el que sent\u00eda gran afecto. El gato es el ojo acusador, su propia conciencia, capaz de examinar su psique desviada y enloquecida. Su maldad psicop\u00e1tica lleva al protagonista al asesinato.<\/p>\n","protected":false},"featured_media":17764,"comment_status":"open","ping_status":"closed","template":"","meta":{"_et_pb_use_builder":"","_et_pb_old_content":"","_et_gb_content_width":""},"product_cat":[2606,1512,6674,6675,6673],"product_tag":[2609],"edicion":[1085,1083],"editoriales":[1160],"tienda":[],"autor_id":[5851,6165],"universidades_coeditoras":[],"palabras_clave":[],"listado_alfabetico":[],"acf":[],"_links":{"self":[{"href":"https:\/\/wizardly-davinci.82-223-8-23.plesk.page\/en\/wp-json\/wp\/v2\/product\/17763"}],"collection":[{"href":"https:\/\/wizardly-davinci.82-223-8-23.plesk.page\/en\/wp-json\/wp\/v2\/product"}],"about":[{"href":"https:\/\/wizardly-davinci.82-223-8-23.plesk.page\/en\/wp-json\/wp\/v2\/types\/product"}],"replies":[{"embeddable":true,"href":"https:\/\/wizardly-davinci.82-223-8-23.plesk.page\/en\/wp-json\/wp\/v2\/comments?post=17763"}],"wp:featuredmedia":[{"embeddable":true,"href":"https:\/\/wizardly-davinci.82-223-8-23.plesk.page\/en\/wp-json\/wp\/v2\/media\/17764"}],"wp:attachment":[{"href":"https:\/\/wizardly-davinci.82-223-8-23.plesk.page\/en\/wp-json\/wp\/v2\/media?parent=17763"}],"wp:term":[{"taxonomy":"product_cat","embeddable":true,"href":"https:\/\/wizardly-davinci.82-223-8-23.plesk.page\/en\/wp-json\/wp\/v2\/product_cat?post=17763"},{"taxonomy":"product_tag","embeddable":true,"href":"https:\/\/wizardly-davinci.82-223-8-23.plesk.page\/en\/wp-json\/wp\/v2\/product_tag?post=17763"},{"taxonomy":"edicion","embeddable":true,"href":"https:\/\/wizardly-davinci.82-223-8-23.plesk.page\/en\/wp-json\/wp\/v2\/edicion?post=17763"},{"taxonomy":"editoriales","embeddable":true,"href":"https:\/\/wizardly-davinci.82-223-8-23.plesk.page\/en\/wp-json\/wp\/v2\/editoriales?post=17763"},{"taxonomy":"tienda","embeddable":true,"href":"https:\/\/wizardly-davinci.82-223-8-23.plesk.page\/en\/wp-json\/wp\/v2\/tienda?post=17763"},{"taxonomy":"autor_id","embeddable":true,"href":"https:\/\/wizardly-davinci.82-223-8-23.plesk.page\/en\/wp-json\/wp\/v2\/autor_id?post=17763"},{"taxonomy":"universidades_coeditoras","embeddable":true,"href":"https:\/\/wizardly-davinci.82-223-8-23.plesk.page\/en\/wp-json\/wp\/v2\/universidades_coeditoras?post=17763"},{"taxonomy":"palabras_clave","embeddable":true,"href":"https:\/\/wizardly-davinci.82-223-8-23.plesk.page\/en\/wp-json\/wp\/v2\/palabras_clave?post=17763"},{"taxonomy":"listado_alfabetico","embeddable":true,"href":"https:\/\/wizardly-davinci.82-223-8-23.plesk.page\/en\/wp-json\/wp\/v2\/listado_alfabetico?post=17763"}],"curies":[{"name":"wp","href":"https:\/\/api.w.org\/{rel}","templated":true}]}}