{"id":17765,"date":"2019-04-09T22:52:15","date_gmt":"2019-04-09T22:52:15","guid":{"rendered":"https:\/\/octaedro.com\/producto\/la-isla-del-tesoro\/"},"modified":"2023-04-24T12:47:12","modified_gmt":"2023-04-24T10:47:12","slug":"la-isla-del-tesoro","status":"publish","type":"product","link":"https:\/\/wizardly-davinci.82-223-8-23.plesk.page\/en\/producto\/la-isla-del-tesoro\/","title":{"rendered":"La isla del tesoro"},"content":{"rendered":"<p>Con esta novela, Stevenson lleg\u00f3 a la imaginaci\u00f3n de todos los lectores, no solo a la de los m\u00e1s j\u00f3venes. El abanico de personajes que desfilan por esas p\u00e1ginas y poseen al tiempo cualidades loables y deleznables, son (al contrario que los salidos de la pluma de muchos coet\u00e1neos suyos m\u00e1s proclives a la lecci\u00f3n moralizante) figuras humanas de ricas aristas morales que van m\u00e1s all\u00e1 de una concepci\u00f3n demasiado simplista de la psicolog\u00eda humana.<\/p>\n","protected":false},"excerpt":{"rendered":"<p>Con esta novela, Stevenson lleg\u00f3 a la imaginaci\u00f3n de todos los lectores, no solo a la de los m\u00e1s j\u00f3venes. El abanico de personajes que desfilan por esas p\u00e1ginas y poseen al tiempo cualidades loables y deleznables, son (al contrario que los salidos de la pluma de muchos coet\u00e1neos suyos m\u00e1s proclives a la lecci\u00f3n moralizante) figuras humanas de ricas aristas morales que van m\u00e1s all\u00e1 de una concepci\u00f3n demasiado simplista de la psicolog\u00eda humana.<\/p>\n","protected":false},"featured_media":17766,"comment_status":"open","ping_status":"closed","template":"","meta":{"_et_pb_use_builder":"","_et_pb_old_content":"","_et_gb_content_width":""},"product_cat":[2606,1512,6674,6675,6673],"product_tag":[2609],"edicion":[1085,1084,1083],"editoriales":[1160],"tienda":[],"autor_id":[5851,6442],"universidades_coeditoras":[],"palabras_clave":[],"listado_alfabetico":[],"acf":[],"_links":{"self":[{"href":"https:\/\/wizardly-davinci.82-223-8-23.plesk.page\/en\/wp-json\/wp\/v2\/product\/17765"}],"collection":[{"href":"https:\/\/wizardly-davinci.82-223-8-23.plesk.page\/en\/wp-json\/wp\/v2\/product"}],"about":[{"href":"https:\/\/wizardly-davinci.82-223-8-23.plesk.page\/en\/wp-json\/wp\/v2\/types\/product"}],"replies":[{"embeddable":true,"href":"https:\/\/wizardly-davinci.82-223-8-23.plesk.page\/en\/wp-json\/wp\/v2\/comments?post=17765"}],"wp:featuredmedia":[{"embeddable":true,"href":"https:\/\/wizardly-davinci.82-223-8-23.plesk.page\/en\/wp-json\/wp\/v2\/media\/17766"}],"wp:attachment":[{"href":"https:\/\/wizardly-davinci.82-223-8-23.plesk.page\/en\/wp-json\/wp\/v2\/media?parent=17765"}],"wp:term":[{"taxonomy":"product_cat","embeddable":true,"href":"https:\/\/wizardly-davinci.82-223-8-23.plesk.page\/en\/wp-json\/wp\/v2\/product_cat?post=17765"},{"taxonomy":"product_tag","embeddable":true,"href":"https:\/\/wizardly-davinci.82-223-8-23.plesk.page\/en\/wp-json\/wp\/v2\/product_tag?post=17765"},{"taxonomy":"edicion","embeddable":true,"href":"https:\/\/wizardly-davinci.82-223-8-23.plesk.page\/en\/wp-json\/wp\/v2\/edicion?post=17765"},{"taxonomy":"editoriales","embeddable":true,"href":"https:\/\/wizardly-davinci.82-223-8-23.plesk.page\/en\/wp-json\/wp\/v2\/editoriales?post=17765"},{"taxonomy":"tienda","embeddable":true,"href":"https:\/\/wizardly-davinci.82-223-8-23.plesk.page\/en\/wp-json\/wp\/v2\/tienda?post=17765"},{"taxonomy":"autor_id","embeddable":true,"href":"https:\/\/wizardly-davinci.82-223-8-23.plesk.page\/en\/wp-json\/wp\/v2\/autor_id?post=17765"},{"taxonomy":"universidades_coeditoras","embeddable":true,"href":"https:\/\/wizardly-davinci.82-223-8-23.plesk.page\/en\/wp-json\/wp\/v2\/universidades_coeditoras?post=17765"},{"taxonomy":"palabras_clave","embeddable":true,"href":"https:\/\/wizardly-davinci.82-223-8-23.plesk.page\/en\/wp-json\/wp\/v2\/palabras_clave?post=17765"},{"taxonomy":"listado_alfabetico","embeddable":true,"href":"https:\/\/wizardly-davinci.82-223-8-23.plesk.page\/en\/wp-json\/wp\/v2\/listado_alfabetico?post=17765"}],"curies":[{"name":"wp","href":"https:\/\/api.w.org\/{rel}","templated":true}]}}