{"id":17771,"date":"2019-04-09T22:52:16","date_gmt":"2019-04-09T22:52:16","guid":{"rendered":"https:\/\/octaedro.com\/producto\/literatura-espanola-historia-y-textos-2-el-barroco\/"},"modified":"2023-04-24T12:47:32","modified_gmt":"2023-04-24T10:47:32","slug":"literatura-espanola-historia-y-textos-2-el-barroco","status":"publish","type":"product","link":"https:\/\/wizardly-davinci.82-223-8-23.plesk.page\/en\/producto\/literatura-espanola-historia-y-textos-2-el-barroco\/","title":{"rendered":"Literatura espa\u00f1ola. Historia y textos 2. El Barroco"},"content":{"rendered":"<p>En esta Literatura espa\u00f1ola: historia y textos se ha querido ofrecer a los estudiantes y a los estudiosos una breve s\u00edntesis de una parte esencial de nuestro patrimonio cultural y art\u00edstico. En ella se combina la descripci\u00f3n de los fen\u00f3menos hist\u00f3ricos, la evoluci\u00f3n de los g\u00e9neros y la sucesi\u00f3n de los autores con una antolog\u00eda que permite acceder directamente a los textos. Es una v\u00eda de iniciaci\u00f3n para acercar la literatura al que a\u00fan no la conoce y un instrumento para que el aficionado y el entendido rememoren, relean piezas admirables sin necesidad de acudir a cientos de vol\u00famenes.<\/p>\n","protected":false},"excerpt":{"rendered":"<p>En esta Literatura espa\u00f1ola: historia y textos se ha querido ofrecer a los estudiantes y a los estudiosos una breve s\u00edntesis de una parte esencial de nuestro patrimonio cultural y art\u00edstico. En ella se combina la descripci\u00f3n de los fen\u00f3menos hist\u00f3ricos, la evoluci\u00f3n de los g\u00e9neros y la sucesi\u00f3n de los autores con una antolog\u00eda que permite acceder directamente a los textos. Es una v\u00eda de iniciaci\u00f3n para acercar la literatura al que a\u00fan no la conoce y un instrumento para que el aficionado y el entendido rememoren, relean piezas admirables sin necesidad de acudir a cientos de vol\u00famenes.<\/p>\n","protected":false},"featured_media":17772,"comment_status":"open","ping_status":"closed","template":"","meta":{"_et_pb_use_builder":"","_et_pb_old_content":"","_et_gb_content_width":""},"product_cat":[1512],"product_tag":[2602],"edicion":[1083],"editoriales":[1160],"tienda":[],"autor_id":[6134,6264],"universidades_coeditoras":[],"palabras_clave":[],"listado_alfabetico":[],"acf":[],"_links":{"self":[{"href":"https:\/\/wizardly-davinci.82-223-8-23.plesk.page\/en\/wp-json\/wp\/v2\/product\/17771"}],"collection":[{"href":"https:\/\/wizardly-davinci.82-223-8-23.plesk.page\/en\/wp-json\/wp\/v2\/product"}],"about":[{"href":"https:\/\/wizardly-davinci.82-223-8-23.plesk.page\/en\/wp-json\/wp\/v2\/types\/product"}],"replies":[{"embeddable":true,"href":"https:\/\/wizardly-davinci.82-223-8-23.plesk.page\/en\/wp-json\/wp\/v2\/comments?post=17771"}],"wp:featuredmedia":[{"embeddable":true,"href":"https:\/\/wizardly-davinci.82-223-8-23.plesk.page\/en\/wp-json\/wp\/v2\/media\/17772"}],"wp:attachment":[{"href":"https:\/\/wizardly-davinci.82-223-8-23.plesk.page\/en\/wp-json\/wp\/v2\/media?parent=17771"}],"wp:term":[{"taxonomy":"product_cat","embeddable":true,"href":"https:\/\/wizardly-davinci.82-223-8-23.plesk.page\/en\/wp-json\/wp\/v2\/product_cat?post=17771"},{"taxonomy":"product_tag","embeddable":true,"href":"https:\/\/wizardly-davinci.82-223-8-23.plesk.page\/en\/wp-json\/wp\/v2\/product_tag?post=17771"},{"taxonomy":"edicion","embeddable":true,"href":"https:\/\/wizardly-davinci.82-223-8-23.plesk.page\/en\/wp-json\/wp\/v2\/edicion?post=17771"},{"taxonomy":"editoriales","embeddable":true,"href":"https:\/\/wizardly-davinci.82-223-8-23.plesk.page\/en\/wp-json\/wp\/v2\/editoriales?post=17771"},{"taxonomy":"tienda","embeddable":true,"href":"https:\/\/wizardly-davinci.82-223-8-23.plesk.page\/en\/wp-json\/wp\/v2\/tienda?post=17771"},{"taxonomy":"autor_id","embeddable":true,"href":"https:\/\/wizardly-davinci.82-223-8-23.plesk.page\/en\/wp-json\/wp\/v2\/autor_id?post=17771"},{"taxonomy":"universidades_coeditoras","embeddable":true,"href":"https:\/\/wizardly-davinci.82-223-8-23.plesk.page\/en\/wp-json\/wp\/v2\/universidades_coeditoras?post=17771"},{"taxonomy":"palabras_clave","embeddable":true,"href":"https:\/\/wizardly-davinci.82-223-8-23.plesk.page\/en\/wp-json\/wp\/v2\/palabras_clave?post=17771"},{"taxonomy":"listado_alfabetico","embeddable":true,"href":"https:\/\/wizardly-davinci.82-223-8-23.plesk.page\/en\/wp-json\/wp\/v2\/listado_alfabetico?post=17771"}],"curies":[{"name":"wp","href":"https:\/\/api.w.org\/{rel}","templated":true}]}}