{"id":17775,"date":"2019-04-09T22:52:18","date_gmt":"2019-04-09T22:52:18","guid":{"rendered":"https:\/\/octaedro.com\/producto\/escritos-dispersos-1893-1936\/"},"modified":"2023-04-24T12:47:45","modified_gmt":"2023-04-24T10:47:45","slug":"escritos-dispersos-1893-1936","status":"publish","type":"product","link":"https:\/\/wizardly-davinci.82-223-8-23.plesk.page\/en\/producto\/escritos-dispersos-1893-1936\/","title":{"rendered":"Escritos dispersos (1893-1936)"},"content":{"rendered":"<p>Esta edici\u00f3n re\u00fane todos los escritos dispersos de Antonio Machado hasta el inicio de la guerra civil en 1936: art\u00edculos en peri\u00f3dicos y revistas, pr\u00f3logos, alocuciones y discursos, conferencias, entrevistas\u2026 En total, 110 escritos, algunos de los cuales se recogen ahora por primera vez. La ordenaci\u00f3n de los escritos es rigurosamente cronol\u00f3gica, de manera que el lector tiene en sus manos una especie de \u201cdiario\u201d del quehacer intelectual de Antonio Machado, de sus preocupaciones y ocupaciones a lo largo del tiempo, su \u201crespuesta animada\u201d a los acontecimientos de todo tipo \u2013sociales, culturas, pol\u00edticos\u2026- que agitaron Espa\u00f1a durante el primer tercio del siglo XX.Todos los escritos han sido cotejados con sus originales y se acompa\u00f1an de una abundante y \u00fatil anotaci\u00f3n.<\/p>\n","protected":false},"excerpt":{"rendered":"<p>Esta edici\u00f3n re\u00fane todos los escritos dispersos de Antonio Machado hasta el inicio de la guerra civil en 1936: art\u00edculos en peri\u00f3dicos y revistas, pr\u00f3logos, alocuciones y discursos, conferencias, entrevistas\u2026 En total, 110 escritos, algunos de los cuales se recogen ahora por primera vez. La ordenaci\u00f3n de los escritos es rigurosamente cronol\u00f3gica, de manera que el lector tiene en sus manos una especie de \u201cdiario\u201d del quehacer intelectual de Antonio Machado, de sus preocupaciones y ocupaciones a lo largo del tiempo, su \u201crespuesta animada\u201d a los acontecimientos de todo tipo \u2013sociales, culturas, pol\u00edticos\u2026- que agitaron Espa\u00f1a durante el primer tercio del siglo XX.Todos los escritos han sido cotejados con sus originales y se acompa\u00f1an de una abundante y \u00fatil anotaci\u00f3n.<\/p>\n","protected":false},"featured_media":17776,"comment_status":"open","ping_status":"closed","template":"","meta":{"_et_pb_use_builder":"","_et_pb_old_content":"","_et_gb_content_width":""},"product_cat":[1512],"product_tag":[2602],"edicion":[1083],"editoriales":[1160],"tienda":[],"autor_id":[5377,5870],"universidades_coeditoras":[],"palabras_clave":[],"listado_alfabetico":[],"acf":[],"_links":{"self":[{"href":"https:\/\/wizardly-davinci.82-223-8-23.plesk.page\/en\/wp-json\/wp\/v2\/product\/17775"}],"collection":[{"href":"https:\/\/wizardly-davinci.82-223-8-23.plesk.page\/en\/wp-json\/wp\/v2\/product"}],"about":[{"href":"https:\/\/wizardly-davinci.82-223-8-23.plesk.page\/en\/wp-json\/wp\/v2\/types\/product"}],"replies":[{"embeddable":true,"href":"https:\/\/wizardly-davinci.82-223-8-23.plesk.page\/en\/wp-json\/wp\/v2\/comments?post=17775"}],"wp:featuredmedia":[{"embeddable":true,"href":"https:\/\/wizardly-davinci.82-223-8-23.plesk.page\/en\/wp-json\/wp\/v2\/media\/17776"}],"wp:attachment":[{"href":"https:\/\/wizardly-davinci.82-223-8-23.plesk.page\/en\/wp-json\/wp\/v2\/media?parent=17775"}],"wp:term":[{"taxonomy":"product_cat","embeddable":true,"href":"https:\/\/wizardly-davinci.82-223-8-23.plesk.page\/en\/wp-json\/wp\/v2\/product_cat?post=17775"},{"taxonomy":"product_tag","embeddable":true,"href":"https:\/\/wizardly-davinci.82-223-8-23.plesk.page\/en\/wp-json\/wp\/v2\/product_tag?post=17775"},{"taxonomy":"edicion","embeddable":true,"href":"https:\/\/wizardly-davinci.82-223-8-23.plesk.page\/en\/wp-json\/wp\/v2\/edicion?post=17775"},{"taxonomy":"editoriales","embeddable":true,"href":"https:\/\/wizardly-davinci.82-223-8-23.plesk.page\/en\/wp-json\/wp\/v2\/editoriales?post=17775"},{"taxonomy":"tienda","embeddable":true,"href":"https:\/\/wizardly-davinci.82-223-8-23.plesk.page\/en\/wp-json\/wp\/v2\/tienda?post=17775"},{"taxonomy":"autor_id","embeddable":true,"href":"https:\/\/wizardly-davinci.82-223-8-23.plesk.page\/en\/wp-json\/wp\/v2\/autor_id?post=17775"},{"taxonomy":"universidades_coeditoras","embeddable":true,"href":"https:\/\/wizardly-davinci.82-223-8-23.plesk.page\/en\/wp-json\/wp\/v2\/universidades_coeditoras?post=17775"},{"taxonomy":"palabras_clave","embeddable":true,"href":"https:\/\/wizardly-davinci.82-223-8-23.plesk.page\/en\/wp-json\/wp\/v2\/palabras_clave?post=17775"},{"taxonomy":"listado_alfabetico","embeddable":true,"href":"https:\/\/wizardly-davinci.82-223-8-23.plesk.page\/en\/wp-json\/wp\/v2\/listado_alfabetico?post=17775"}],"curies":[{"name":"wp","href":"https:\/\/api.w.org\/{rel}","templated":true}]}}