{"id":17777,"date":"2019-04-09T22:52:18","date_gmt":"2019-04-09T22:52:18","guid":{"rendered":"https:\/\/octaedro.com\/producto\/epistolario\/"},"modified":"2023-04-24T12:47:53","modified_gmt":"2023-04-24T10:47:53","slug":"epistolario","status":"publish","type":"product","link":"https:\/\/wizardly-davinci.82-223-8-23.plesk.page\/en\/producto\/epistolario\/","title":{"rendered":"Epistolario"},"content":{"rendered":"<p>Esta edici\u00f3n recoge todas las cartas conocidas de Antonio Machado. En total son 221 cartas, muchas de las cuales se publican ahora por primera vez. Entre los corresponsales de Antonio Machado destacan Miguel de Unamuno, Rub\u00e9n Dar\u00edo, Juan Ram\u00f3n Jim\u00e9nez, Jos\u00e9 Ortega y Gasset, y ya en los a\u00f1os veinte Gerardo Diego y otros escritores de la generaci\u00f3n del 27. En un anexo se publican anotadas las 36 cartas dirigidas a su amor tard\u00edo Pilar de Valderrama entre los a\u00f1os 1939-1932. La recopilaci\u00f3n se completa con el importante grupo de 39 cartas de los a\u00f1os de la guerra civil de 1936-1939.<br \/>\nTodas las cartas han sido cuidadosamente transcritas de sus originales, y se acompa\u00f1an de una abundante y \u00fatil anotaci\u00f3n. Encabeza la edici\u00f3n una introducci\u00f3n del profesor Carlos Blanco Aguinaga (Universidad de California-San Diego).<\/p>\n","protected":false},"excerpt":{"rendered":"<p>Esta edici\u00f3n recoge todas las cartas conocidas de Antonio Machado. En total son 221 cartas, muchas de las cuales se publican ahora por primera vez. Entre los corresponsales de Antonio Machado destacan Miguel de Unamuno, Rub\u00e9n Dar\u00edo, Juan Ram\u00f3n Jim\u00e9nez, Jos\u00e9 Ortega y Gasset, y ya en los a\u00f1os veinte Gerardo Diego y otros escritores de la generaci\u00f3n del 27. En un anexo se publican anotadas las 36 cartas dirigidas a su amor tard\u00edo Pilar de Valderrama entre los a\u00f1os 1939-1932. La recopilaci\u00f3n se completa con el importante grupo de 39 cartas de los a\u00f1os de la guerra civil de 1936-1939.<br \/>\nTodas las cartas han sido cuidadosamente transcritas de sus originales, y se acompa\u00f1an de una abundante y \u00fatil anotaci\u00f3n. Encabeza la edici\u00f3n una introducci\u00f3n del profesor Carlos Blanco Aguinaga (Universidad de California-San Diego).<\/p>\n","protected":false},"featured_media":17778,"comment_status":"open","ping_status":"closed","template":"","meta":{"_et_pb_use_builder":"","_et_pb_old_content":"","_et_gb_content_width":""},"product_cat":[1512],"product_tag":[2602],"edicion":[1083],"editoriales":[1160],"tienda":[],"autor_id":[5159,5377,5870],"universidades_coeditoras":[],"palabras_clave":[],"listado_alfabetico":[],"acf":[],"_links":{"self":[{"href":"https:\/\/wizardly-davinci.82-223-8-23.plesk.page\/en\/wp-json\/wp\/v2\/product\/17777"}],"collection":[{"href":"https:\/\/wizardly-davinci.82-223-8-23.plesk.page\/en\/wp-json\/wp\/v2\/product"}],"about":[{"href":"https:\/\/wizardly-davinci.82-223-8-23.plesk.page\/en\/wp-json\/wp\/v2\/types\/product"}],"replies":[{"embeddable":true,"href":"https:\/\/wizardly-davinci.82-223-8-23.plesk.page\/en\/wp-json\/wp\/v2\/comments?post=17777"}],"wp:featuredmedia":[{"embeddable":true,"href":"https:\/\/wizardly-davinci.82-223-8-23.plesk.page\/en\/wp-json\/wp\/v2\/media\/17778"}],"wp:attachment":[{"href":"https:\/\/wizardly-davinci.82-223-8-23.plesk.page\/en\/wp-json\/wp\/v2\/media?parent=17777"}],"wp:term":[{"taxonomy":"product_cat","embeddable":true,"href":"https:\/\/wizardly-davinci.82-223-8-23.plesk.page\/en\/wp-json\/wp\/v2\/product_cat?post=17777"},{"taxonomy":"product_tag","embeddable":true,"href":"https:\/\/wizardly-davinci.82-223-8-23.plesk.page\/en\/wp-json\/wp\/v2\/product_tag?post=17777"},{"taxonomy":"edicion","embeddable":true,"href":"https:\/\/wizardly-davinci.82-223-8-23.plesk.page\/en\/wp-json\/wp\/v2\/edicion?post=17777"},{"taxonomy":"editoriales","embeddable":true,"href":"https:\/\/wizardly-davinci.82-223-8-23.plesk.page\/en\/wp-json\/wp\/v2\/editoriales?post=17777"},{"taxonomy":"tienda","embeddable":true,"href":"https:\/\/wizardly-davinci.82-223-8-23.plesk.page\/en\/wp-json\/wp\/v2\/tienda?post=17777"},{"taxonomy":"autor_id","embeddable":true,"href":"https:\/\/wizardly-davinci.82-223-8-23.plesk.page\/en\/wp-json\/wp\/v2\/autor_id?post=17777"},{"taxonomy":"universidades_coeditoras","embeddable":true,"href":"https:\/\/wizardly-davinci.82-223-8-23.plesk.page\/en\/wp-json\/wp\/v2\/universidades_coeditoras?post=17777"},{"taxonomy":"palabras_clave","embeddable":true,"href":"https:\/\/wizardly-davinci.82-223-8-23.plesk.page\/en\/wp-json\/wp\/v2\/palabras_clave?post=17777"},{"taxonomy":"listado_alfabetico","embeddable":true,"href":"https:\/\/wizardly-davinci.82-223-8-23.plesk.page\/en\/wp-json\/wp\/v2\/listado_alfabetico?post=17777"}],"curies":[{"name":"wp","href":"https:\/\/api.w.org\/{rel}","templated":true}]}}