{"id":17781,"date":"2019-04-09T22:52:19","date_gmt":"2019-04-09T22:52:19","guid":{"rendered":"https:\/\/octaedro.com\/producto\/conozco-tu-secreto\/"},"modified":"2023-04-24T12:48:07","modified_gmt":"2023-04-24T10:48:07","slug":"conozco-tu-secreto","status":"publish","type":"product","link":"https:\/\/wizardly-davinci.82-223-8-23.plesk.page\/en\/producto\/conozco-tu-secreto\/","title":{"rendered":"Conozco tu secreto"},"content":{"rendered":"<p>Fred se escap\u00f3 de su casa porque no soportaba que su padre le maltratara.<br \/>\nUn d\u00eda se present\u00f3 ante P\u00e9rfida, la bruja.<br \/>\n\u2013Z\u00e1mpame si te apatece \u2013le dijo. Mi vida es un fastidio.<br \/>\nEste libro te ayudar\u00e1 a reflexionar sobre las consecuencias de la violencia dom\u00e9stica. M. Luisa Pen\u00edn (Barcelona, 1967) es Doctora en Ciencias de la Educaci\u00f3n, escritora, guionista e ilustradora.<br \/>\nN\u00faria Pen\u00edn (Barcelona, 1972) es Diplomada en Ciencias Empresariales y especialista en ilustrado digital y programaci\u00f3n con Actino Script.<\/p>\n","protected":false},"excerpt":{"rendered":"<p>Fred se escap\u00f3 de su casa porque no soportaba que su padre le maltratara.<br \/>\nUn d\u00eda se present\u00f3 ante P\u00e9rfida, la bruja.<br \/>\n\u2013Z\u00e1mpame si te apatece \u2013le dijo. Mi vida es un fastidio.<br \/>\nEste libro te ayudar\u00e1 a reflexionar sobre las consecuencias de la violencia dom\u00e9stica. M. Luisa Pen\u00edn (Barcelona, 1967) es Doctora en Ciencias de la Educaci\u00f3n, escritora, guionista e ilustradora.<br \/>\nN\u00faria Pen\u00edn (Barcelona, 1972) es Diplomada en Ciencias Empresariales y especialista en ilustrado digital y programaci\u00f3n con Actino Script.<\/p>\n","protected":false},"featured_media":17782,"comment_status":"open","ping_status":"closed","template":"","meta":{"_et_pb_use_builder":"","_et_pb_old_content":"","_et_gb_content_width":""},"product_cat":[1512],"product_tag":[],"edicion":[],"editoriales":[1160],"tienda":[],"autor_id":[6144,6142],"universidades_coeditoras":[],"palabras_clave":[],"listado_alfabetico":[],"acf":[],"_links":{"self":[{"href":"https:\/\/wizardly-davinci.82-223-8-23.plesk.page\/en\/wp-json\/wp\/v2\/product\/17781"}],"collection":[{"href":"https:\/\/wizardly-davinci.82-223-8-23.plesk.page\/en\/wp-json\/wp\/v2\/product"}],"about":[{"href":"https:\/\/wizardly-davinci.82-223-8-23.plesk.page\/en\/wp-json\/wp\/v2\/types\/product"}],"replies":[{"embeddable":true,"href":"https:\/\/wizardly-davinci.82-223-8-23.plesk.page\/en\/wp-json\/wp\/v2\/comments?post=17781"}],"wp:featuredmedia":[{"embeddable":true,"href":"https:\/\/wizardly-davinci.82-223-8-23.plesk.page\/en\/wp-json\/wp\/v2\/media\/17782"}],"wp:attachment":[{"href":"https:\/\/wizardly-davinci.82-223-8-23.plesk.page\/en\/wp-json\/wp\/v2\/media?parent=17781"}],"wp:term":[{"taxonomy":"product_cat","embeddable":true,"href":"https:\/\/wizardly-davinci.82-223-8-23.plesk.page\/en\/wp-json\/wp\/v2\/product_cat?post=17781"},{"taxonomy":"product_tag","embeddable":true,"href":"https:\/\/wizardly-davinci.82-223-8-23.plesk.page\/en\/wp-json\/wp\/v2\/product_tag?post=17781"},{"taxonomy":"edicion","embeddable":true,"href":"https:\/\/wizardly-davinci.82-223-8-23.plesk.page\/en\/wp-json\/wp\/v2\/edicion?post=17781"},{"taxonomy":"editoriales","embeddable":true,"href":"https:\/\/wizardly-davinci.82-223-8-23.plesk.page\/en\/wp-json\/wp\/v2\/editoriales?post=17781"},{"taxonomy":"tienda","embeddable":true,"href":"https:\/\/wizardly-davinci.82-223-8-23.plesk.page\/en\/wp-json\/wp\/v2\/tienda?post=17781"},{"taxonomy":"autor_id","embeddable":true,"href":"https:\/\/wizardly-davinci.82-223-8-23.plesk.page\/en\/wp-json\/wp\/v2\/autor_id?post=17781"},{"taxonomy":"universidades_coeditoras","embeddable":true,"href":"https:\/\/wizardly-davinci.82-223-8-23.plesk.page\/en\/wp-json\/wp\/v2\/universidades_coeditoras?post=17781"},{"taxonomy":"palabras_clave","embeddable":true,"href":"https:\/\/wizardly-davinci.82-223-8-23.plesk.page\/en\/wp-json\/wp\/v2\/palabras_clave?post=17781"},{"taxonomy":"listado_alfabetico","embeddable":true,"href":"https:\/\/wizardly-davinci.82-223-8-23.plesk.page\/en\/wp-json\/wp\/v2\/listado_alfabetico?post=17781"}],"curies":[{"name":"wp","href":"https:\/\/api.w.org\/{rel}","templated":true}]}}