{"id":17785,"date":"2019-04-09T22:52:19","date_gmt":"2019-04-09T22:52:19","guid":{"rendered":"https:\/\/octaedro.com\/producto\/que-no-se-pasen-contigo\/"},"modified":"2023-04-24T12:48:21","modified_gmt":"2023-04-24T10:48:21","slug":"que-no-se-pasen-contigo","status":"publish","type":"product","link":"https:\/\/wizardly-davinci.82-223-8-23.plesk.page\/en\/producto\/que-no-se-pasen-contigo\/","title":{"rendered":"\u00a1Que no se pasen contigo!"},"content":{"rendered":"<p>Las estad\u00edsticas demuestran que, en el seno de nuestra sociedad, el abuso sexual infantil va en aumento. Por este motivo, conviene que los padres aprendamos a detectar situaciones de riesgo, con el fin de proteger a nuestros hijos de las graves secuelas que provocan estas agresiones.<br \/>\nEn un tono cercano y c\u00f3mplice, la autora propone juegos y situaciones simuladas que ayudan a los padres a conversar con sus hijos sobre estas cuestiones delicadas. De una manera l\u00fadica y tranquilizadora, los ni\u00f1os aprender\u00e1n a detectar situaciones arriesgadas, sabr\u00e1n c\u00f3mo evitarlas y, en caso necesario, las afrontar\u00e1n.<br \/>\nEste libro constituye una ayuda eficaz para que, padres e hijos, construyamos juntos una pantalla de protecci\u00f3n. Una protecci\u00f3n poderosa fundamentada en el conocimiento y en la prudencia.<\/p>\n","protected":false},"excerpt":{"rendered":"<p>Las estad\u00edsticas demuestran que, en el seno de nuestra sociedad, el abuso sexual infantil va en aumento. Por este motivo, conviene que los padres aprendamos a detectar situaciones de riesgo, con el fin de proteger a nuestros hijos de las graves secuelas que provocan estas agresiones.<br \/>\nEn un tono cercano y c\u00f3mplice, la autora propone juegos y situaciones simuladas que ayudan a los padres a conversar con sus hijos sobre estas cuestiones delicadas. De una manera l\u00fadica y tranquilizadora, los ni\u00f1os aprender\u00e1n a detectar situaciones arriesgadas, sabr\u00e1n c\u00f3mo evitarlas y, en caso necesario, las afrontar\u00e1n.<br \/>\nEste libro constituye una ayuda eficaz para que, padres e hijos, construyamos juntos una pantalla de protecci\u00f3n. Una protecci\u00f3n poderosa fundamentada en el conocimiento y en la prudencia.<\/p>\n","protected":false},"featured_media":17786,"comment_status":"open","ping_status":"closed","template":"","meta":{"_et_pb_use_builder":"","_et_pb_old_content":"","_et_gb_content_width":""},"product_cat":[1512],"product_tag":[],"edicion":[1083],"editoriales":[1160],"tienda":[],"autor_id":[6254],"universidades_coeditoras":[],"palabras_clave":[],"listado_alfabetico":[],"acf":[],"_links":{"self":[{"href":"https:\/\/wizardly-davinci.82-223-8-23.plesk.page\/en\/wp-json\/wp\/v2\/product\/17785"}],"collection":[{"href":"https:\/\/wizardly-davinci.82-223-8-23.plesk.page\/en\/wp-json\/wp\/v2\/product"}],"about":[{"href":"https:\/\/wizardly-davinci.82-223-8-23.plesk.page\/en\/wp-json\/wp\/v2\/types\/product"}],"replies":[{"embeddable":true,"href":"https:\/\/wizardly-davinci.82-223-8-23.plesk.page\/en\/wp-json\/wp\/v2\/comments?post=17785"}],"wp:featuredmedia":[{"embeddable":true,"href":"https:\/\/wizardly-davinci.82-223-8-23.plesk.page\/en\/wp-json\/wp\/v2\/media\/17786"}],"wp:attachment":[{"href":"https:\/\/wizardly-davinci.82-223-8-23.plesk.page\/en\/wp-json\/wp\/v2\/media?parent=17785"}],"wp:term":[{"taxonomy":"product_cat","embeddable":true,"href":"https:\/\/wizardly-davinci.82-223-8-23.plesk.page\/en\/wp-json\/wp\/v2\/product_cat?post=17785"},{"taxonomy":"product_tag","embeddable":true,"href":"https:\/\/wizardly-davinci.82-223-8-23.plesk.page\/en\/wp-json\/wp\/v2\/product_tag?post=17785"},{"taxonomy":"edicion","embeddable":true,"href":"https:\/\/wizardly-davinci.82-223-8-23.plesk.page\/en\/wp-json\/wp\/v2\/edicion?post=17785"},{"taxonomy":"editoriales","embeddable":true,"href":"https:\/\/wizardly-davinci.82-223-8-23.plesk.page\/en\/wp-json\/wp\/v2\/editoriales?post=17785"},{"taxonomy":"tienda","embeddable":true,"href":"https:\/\/wizardly-davinci.82-223-8-23.plesk.page\/en\/wp-json\/wp\/v2\/tienda?post=17785"},{"taxonomy":"autor_id","embeddable":true,"href":"https:\/\/wizardly-davinci.82-223-8-23.plesk.page\/en\/wp-json\/wp\/v2\/autor_id?post=17785"},{"taxonomy":"universidades_coeditoras","embeddable":true,"href":"https:\/\/wizardly-davinci.82-223-8-23.plesk.page\/en\/wp-json\/wp\/v2\/universidades_coeditoras?post=17785"},{"taxonomy":"palabras_clave","embeddable":true,"href":"https:\/\/wizardly-davinci.82-223-8-23.plesk.page\/en\/wp-json\/wp\/v2\/palabras_clave?post=17785"},{"taxonomy":"listado_alfabetico","embeddable":true,"href":"https:\/\/wizardly-davinci.82-223-8-23.plesk.page\/en\/wp-json\/wp\/v2\/listado_alfabetico?post=17785"}],"curies":[{"name":"wp","href":"https:\/\/api.w.org\/{rel}","templated":true}]}}