{"id":17787,"date":"2019-04-09T22:52:20","date_gmt":"2019-04-09T22:52:20","guid":{"rendered":"https:\/\/octaedro.com\/producto\/los-colores-de-la-infamia\/"},"modified":"2023-04-24T12:48:27","modified_gmt":"2023-04-24T10:48:27","slug":"los-colores-de-la-infamia","status":"publish","type":"product","link":"https:\/\/wizardly-davinci.82-223-8-23.plesk.page\/en\/producto\/los-colores-de-la-infamia\/","title":{"rendered":"Los colores de la infamia"},"content":{"rendered":"<p><em>Los colores de la infamia<\/em>, sin principio ni fin, es la continuaci\u00f3n del \u00fanico libro que <span class=destacat>Albert Cossery<\/span>, en ocho entregas distintas, ha escrito. Ocho novelas en sesenta a\u00f1os, una frase por d\u00eda al ritmo de un escritor que mira desde la pereza las absurdidades de un mundo del cual se desinteresa. Con pluma sagaz recrea otro universo, el de los mendigos orgullosos y marginados que pasean por las calle de El Cairo su noble miseria y que con su irrisi\u00f3n desnudan la infamia del poder. Ossama, ladr\u00f3n que viste de pr\u00edncipe en <em>Los colores de la infamia<\/em>, configura con Rafik, Gohar, Heykel, Samantar, el cuadro de personajes que representan a uno solo: <span class=destacat>Albert Cossery<\/span>.<\/p>\n","protected":false},"excerpt":{"rendered":"<p><em>Los colores de la infamia<\/em>, sin principio ni fin, es la continuaci\u00f3n del \u00fanico libro que <span class=destacat>Albert Cossery<\/span>, en ocho entregas distintas, ha escrito. Ocho novelas en sesenta a\u00f1os, una frase por d\u00eda al ritmo de un escritor que mira desde la pereza las absurdidades de un mundo del cual se desinteresa. Con pluma sagaz recrea otro universo, el de los mendigos orgullosos y marginados que pasean por las calle de El Cairo su noble miseria y que con su irrisi\u00f3n desnudan la infamia del poder. Ossama, ladr\u00f3n que viste de pr\u00edncipe en <em>Los colores de la infamia<\/em>, configura con Rafik, Gohar, Heykel, Samantar, el cuadro de personajes que representan a uno solo: <span class=destacat>Albert Cossery<\/span>.<\/p>\n","protected":false},"featured_media":17788,"comment_status":"open","ping_status":"closed","template":"","meta":{"_et_pb_use_builder":"","_et_pb_old_content":"","_et_gb_content_width":""},"product_cat":[1512],"product_tag":[],"edicion":[],"editoriales":[],"tienda":[],"autor_id":[5340],"universidades_coeditoras":[],"palabras_clave":[],"listado_alfabetico":[],"acf":[],"_links":{"self":[{"href":"https:\/\/wizardly-davinci.82-223-8-23.plesk.page\/en\/wp-json\/wp\/v2\/product\/17787"}],"collection":[{"href":"https:\/\/wizardly-davinci.82-223-8-23.plesk.page\/en\/wp-json\/wp\/v2\/product"}],"about":[{"href":"https:\/\/wizardly-davinci.82-223-8-23.plesk.page\/en\/wp-json\/wp\/v2\/types\/product"}],"replies":[{"embeddable":true,"href":"https:\/\/wizardly-davinci.82-223-8-23.plesk.page\/en\/wp-json\/wp\/v2\/comments?post=17787"}],"wp:featuredmedia":[{"embeddable":true,"href":"https:\/\/wizardly-davinci.82-223-8-23.plesk.page\/en\/wp-json\/wp\/v2\/media\/17788"}],"wp:attachment":[{"href":"https:\/\/wizardly-davinci.82-223-8-23.plesk.page\/en\/wp-json\/wp\/v2\/media?parent=17787"}],"wp:term":[{"taxonomy":"product_cat","embeddable":true,"href":"https:\/\/wizardly-davinci.82-223-8-23.plesk.page\/en\/wp-json\/wp\/v2\/product_cat?post=17787"},{"taxonomy":"product_tag","embeddable":true,"href":"https:\/\/wizardly-davinci.82-223-8-23.plesk.page\/en\/wp-json\/wp\/v2\/product_tag?post=17787"},{"taxonomy":"edicion","embeddable":true,"href":"https:\/\/wizardly-davinci.82-223-8-23.plesk.page\/en\/wp-json\/wp\/v2\/edicion?post=17787"},{"taxonomy":"editoriales","embeddable":true,"href":"https:\/\/wizardly-davinci.82-223-8-23.plesk.page\/en\/wp-json\/wp\/v2\/editoriales?post=17787"},{"taxonomy":"tienda","embeddable":true,"href":"https:\/\/wizardly-davinci.82-223-8-23.plesk.page\/en\/wp-json\/wp\/v2\/tienda?post=17787"},{"taxonomy":"autor_id","embeddable":true,"href":"https:\/\/wizardly-davinci.82-223-8-23.plesk.page\/en\/wp-json\/wp\/v2\/autor_id?post=17787"},{"taxonomy":"universidades_coeditoras","embeddable":true,"href":"https:\/\/wizardly-davinci.82-223-8-23.plesk.page\/en\/wp-json\/wp\/v2\/universidades_coeditoras?post=17787"},{"taxonomy":"palabras_clave","embeddable":true,"href":"https:\/\/wizardly-davinci.82-223-8-23.plesk.page\/en\/wp-json\/wp\/v2\/palabras_clave?post=17787"},{"taxonomy":"listado_alfabetico","embeddable":true,"href":"https:\/\/wizardly-davinci.82-223-8-23.plesk.page\/en\/wp-json\/wp\/v2\/listado_alfabetico?post=17787"}],"curies":[{"name":"wp","href":"https:\/\/api.w.org\/{rel}","templated":true}]}}