{"id":17801,"date":"2019-04-09T22:52:22","date_gmt":"2019-04-09T22:52:22","guid":{"rendered":"https:\/\/octaedro.com\/producto\/escritos-1940-1948\/"},"modified":"2023-04-24T12:58:19","modified_gmt":"2023-04-24T10:58:19","slug":"escritos-1940-1948","status":"publish","type":"product","link":"https:\/\/wizardly-davinci.82-223-8-23.plesk.page\/en\/producto\/escritos-1940-1948\/","title":{"rendered":"Escritos (1940-1948)"},"content":{"rendered":"<p>Esta colecci\u00f3n de escritos de <span class=destacat>George Orwell<\/span> se organiza en torno a lo que fue su obsesi\u00f3n: la literatura y la pol\u00edtica. Como escritor y periodista intentar\u00e1 precisar sus ideas al filo de los acontecimientos. La guerra civil espa\u00f1ola le har\u00e1 descubrir al mismo tiempo la revoluci\u00f3n social igualitaria y el totalitarismo stalinista. Desde 1937, cada l\u00ednea que escribe es una denuncia del totalitarismo, de la mentira stalinista y de la bajeza intelectual a ella proclive.<\/p>\n","protected":false},"excerpt":{"rendered":"<p>Esta colecci\u00f3n de escritos de <span class=destacat>George Orwell<\/span> se organiza en torno a lo que fue su obsesi\u00f3n: la literatura y la pol\u00edtica. Como escritor y periodista intentar\u00e1 precisar sus ideas al filo de los acontecimientos. La guerra civil espa\u00f1ola le har\u00e1 descubrir al mismo tiempo la revoluci\u00f3n social igualitaria y el totalitarismo stalinista. Desde 1937, cada l\u00ednea que escribe es una denuncia del totalitarismo, de la mentira stalinista y de la bajeza intelectual a ella proclive.<\/p>\n","protected":false},"featured_media":17802,"comment_status":"open","ping_status":"closed","template":"","meta":{"_et_pb_use_builder":"","_et_pb_old_content":"","_et_gb_content_width":""},"product_cat":[1512],"product_tag":[],"edicion":[],"editoriales":[1160],"tienda":[],"autor_id":[6094],"universidades_coeditoras":[],"palabras_clave":[],"listado_alfabetico":[],"acf":[],"_links":{"self":[{"href":"https:\/\/wizardly-davinci.82-223-8-23.plesk.page\/en\/wp-json\/wp\/v2\/product\/17801"}],"collection":[{"href":"https:\/\/wizardly-davinci.82-223-8-23.plesk.page\/en\/wp-json\/wp\/v2\/product"}],"about":[{"href":"https:\/\/wizardly-davinci.82-223-8-23.plesk.page\/en\/wp-json\/wp\/v2\/types\/product"}],"replies":[{"embeddable":true,"href":"https:\/\/wizardly-davinci.82-223-8-23.plesk.page\/en\/wp-json\/wp\/v2\/comments?post=17801"}],"wp:featuredmedia":[{"embeddable":true,"href":"https:\/\/wizardly-davinci.82-223-8-23.plesk.page\/en\/wp-json\/wp\/v2\/media\/17802"}],"wp:attachment":[{"href":"https:\/\/wizardly-davinci.82-223-8-23.plesk.page\/en\/wp-json\/wp\/v2\/media?parent=17801"}],"wp:term":[{"taxonomy":"product_cat","embeddable":true,"href":"https:\/\/wizardly-davinci.82-223-8-23.plesk.page\/en\/wp-json\/wp\/v2\/product_cat?post=17801"},{"taxonomy":"product_tag","embeddable":true,"href":"https:\/\/wizardly-davinci.82-223-8-23.plesk.page\/en\/wp-json\/wp\/v2\/product_tag?post=17801"},{"taxonomy":"edicion","embeddable":true,"href":"https:\/\/wizardly-davinci.82-223-8-23.plesk.page\/en\/wp-json\/wp\/v2\/edicion?post=17801"},{"taxonomy":"editoriales","embeddable":true,"href":"https:\/\/wizardly-davinci.82-223-8-23.plesk.page\/en\/wp-json\/wp\/v2\/editoriales?post=17801"},{"taxonomy":"tienda","embeddable":true,"href":"https:\/\/wizardly-davinci.82-223-8-23.plesk.page\/en\/wp-json\/wp\/v2\/tienda?post=17801"},{"taxonomy":"autor_id","embeddable":true,"href":"https:\/\/wizardly-davinci.82-223-8-23.plesk.page\/en\/wp-json\/wp\/v2\/autor_id?post=17801"},{"taxonomy":"universidades_coeditoras","embeddable":true,"href":"https:\/\/wizardly-davinci.82-223-8-23.plesk.page\/en\/wp-json\/wp\/v2\/universidades_coeditoras?post=17801"},{"taxonomy":"palabras_clave","embeddable":true,"href":"https:\/\/wizardly-davinci.82-223-8-23.plesk.page\/en\/wp-json\/wp\/v2\/palabras_clave?post=17801"},{"taxonomy":"listado_alfabetico","embeddable":true,"href":"https:\/\/wizardly-davinci.82-223-8-23.plesk.page\/en\/wp-json\/wp\/v2\/listado_alfabetico?post=17801"}],"curies":[{"name":"wp","href":"https:\/\/api.w.org\/{rel}","templated":true}]}}