{"id":17805,"date":"2019-04-09T22:52:23","date_gmt":"2019-04-09T22:52:23","guid":{"rendered":"https:\/\/octaedro.com\/producto\/ensayos-sobre-subversion\/"},"modified":"2023-04-24T12:58:33","modified_gmt":"2023-04-24T10:58:33","slug":"ensayos-sobre-subversion","status":"publish","type":"product","link":"https:\/\/wizardly-davinci.82-223-8-23.plesk.page\/en\/producto\/ensayos-sobre-subversion\/","title":{"rendered":"Ensayos sobre subversi\u00f3n"},"content":{"rendered":"<p>La pregunta por la identidad latinoamericana, la cuesti\u00f3n del ser de Am\u00e9rica, recorre toda la obra de H\u00e9ctor \u00c1lvarez Murena. No es, en su caso, una pregunta ret\u00f3rica pues parte de una subjetividad cr\u00edtica sobre la actual sociedad, no se pierde en el lamento ni en la an\u00e9cdota sino que va a las cuestiones m\u00e1s cruciales: la t\u00e9cnica y el lenguaje, y anticipa la cr\u00edtica de la sociedad tecnocr\u00e1tica y de sus ideolog\u00edas. Pensamiento a destiempo, anacr\u00f3nico -como Murena gustaba decir- fuera de modas, para indagar con libertad sobre la idea de progreso y de sentido, sobre la condici\u00f3n humana.<\/p>\n","protected":false},"excerpt":{"rendered":"<p>La pregunta por la identidad latinoamericana, la cuesti\u00f3n del ser de Am\u00e9rica, recorre toda la obra de H\u00e9ctor \u00c1lvarez Murena. No es, en su caso, una pregunta ret\u00f3rica pues parte de una subjetividad cr\u00edtica sobre la actual sociedad, no se pierde en el lamento ni en la an\u00e9cdota sino que va a las cuestiones m\u00e1s cruciales: la t\u00e9cnica y el lenguaje, y anticipa la cr\u00edtica de la sociedad tecnocr\u00e1tica y de sus ideolog\u00edas. Pensamiento a destiempo, anacr\u00f3nico -como Murena gustaba decir- fuera de modas, para indagar con libertad sobre la idea de progreso y de sentido, sobre la condici\u00f3n humana.<\/p>\n","protected":false},"featured_media":17806,"comment_status":"open","ping_status":"closed","template":"","meta":{"_et_pb_use_builder":"","_et_pb_old_content":"","_et_gb_content_width":""},"product_cat":[1512],"product_tag":[2602],"edicion":[1083],"editoriales":[1160],"tienda":[],"autor_id":[6622],"universidades_coeditoras":[],"palabras_clave":[],"listado_alfabetico":[],"acf":[],"_links":{"self":[{"href":"https:\/\/wizardly-davinci.82-223-8-23.plesk.page\/en\/wp-json\/wp\/v2\/product\/17805"}],"collection":[{"href":"https:\/\/wizardly-davinci.82-223-8-23.plesk.page\/en\/wp-json\/wp\/v2\/product"}],"about":[{"href":"https:\/\/wizardly-davinci.82-223-8-23.plesk.page\/en\/wp-json\/wp\/v2\/types\/product"}],"replies":[{"embeddable":true,"href":"https:\/\/wizardly-davinci.82-223-8-23.plesk.page\/en\/wp-json\/wp\/v2\/comments?post=17805"}],"wp:featuredmedia":[{"embeddable":true,"href":"https:\/\/wizardly-davinci.82-223-8-23.plesk.page\/en\/wp-json\/wp\/v2\/media\/17806"}],"wp:attachment":[{"href":"https:\/\/wizardly-davinci.82-223-8-23.plesk.page\/en\/wp-json\/wp\/v2\/media?parent=17805"}],"wp:term":[{"taxonomy":"product_cat","embeddable":true,"href":"https:\/\/wizardly-davinci.82-223-8-23.plesk.page\/en\/wp-json\/wp\/v2\/product_cat?post=17805"},{"taxonomy":"product_tag","embeddable":true,"href":"https:\/\/wizardly-davinci.82-223-8-23.plesk.page\/en\/wp-json\/wp\/v2\/product_tag?post=17805"},{"taxonomy":"edicion","embeddable":true,"href":"https:\/\/wizardly-davinci.82-223-8-23.plesk.page\/en\/wp-json\/wp\/v2\/edicion?post=17805"},{"taxonomy":"editoriales","embeddable":true,"href":"https:\/\/wizardly-davinci.82-223-8-23.plesk.page\/en\/wp-json\/wp\/v2\/editoriales?post=17805"},{"taxonomy":"tienda","embeddable":true,"href":"https:\/\/wizardly-davinci.82-223-8-23.plesk.page\/en\/wp-json\/wp\/v2\/tienda?post=17805"},{"taxonomy":"autor_id","embeddable":true,"href":"https:\/\/wizardly-davinci.82-223-8-23.plesk.page\/en\/wp-json\/wp\/v2\/autor_id?post=17805"},{"taxonomy":"universidades_coeditoras","embeddable":true,"href":"https:\/\/wizardly-davinci.82-223-8-23.plesk.page\/en\/wp-json\/wp\/v2\/universidades_coeditoras?post=17805"},{"taxonomy":"palabras_clave","embeddable":true,"href":"https:\/\/wizardly-davinci.82-223-8-23.plesk.page\/en\/wp-json\/wp\/v2\/palabras_clave?post=17805"},{"taxonomy":"listado_alfabetico","embeddable":true,"href":"https:\/\/wizardly-davinci.82-223-8-23.plesk.page\/en\/wp-json\/wp\/v2\/listado_alfabetico?post=17805"}],"curies":[{"name":"wp","href":"https:\/\/api.w.org\/{rel}","templated":true}]}}