{"id":17809,"date":"2019-04-09T22:52:24","date_gmt":"2019-04-09T22:52:24","guid":{"rendered":"https:\/\/octaedro.com\/producto\/la-edad-de-la-tecnica\/"},"modified":"2023-04-24T12:58:46","modified_gmt":"2023-04-24T10:58:46","slug":"la-edad-de-la-tecnica","status":"publish","type":"product","link":"https:\/\/wizardly-davinci.82-223-8-23.plesk.page\/en\/producto\/la-edad-de-la-tecnica\/","title":{"rendered":"La edad de la t\u00e9cnica"},"content":{"rendered":"<p><span class=\"destacat\">La edad de la t\u00e9cnica<\/span> es una mirada incisiva sobre el fen\u00f3meno t\u00e9cnico que presida nuestra sociedad. Si siempre ha habido t\u00e9cnica s\u00f3lo ahora, cuando \u00e9sta se autonomiza, podemos hablar de sociedad t\u00e9cnica. La t\u00e9cnica se ha vuelto aut\u00f3noma, nada exterior a ella puede orientarla, carece de finalidad y s\u00f3lo progresa de manera casual. Todo le es subordinado y todo concurre a su dinamismo.<\/p>\n","protected":false},"excerpt":{"rendered":"<p><span class=\"destacat\">La edad de la t\u00e9cnica<\/span> es una mirada incisiva sobre el fen\u00f3meno t\u00e9cnico que presida nuestra sociedad. Si siempre ha habido t\u00e9cnica s\u00f3lo ahora, cuando \u00e9sta se autonomiza, podemos hablar de sociedad t\u00e9cnica. La t\u00e9cnica se ha vuelto aut\u00f3noma, nada exterior a ella puede orientarla, carece de finalidad y s\u00f3lo progresa de manera casual. Todo le es subordinado y todo concurre a su dinamismo.<\/p>\n","protected":false},"featured_media":17810,"comment_status":"open","ping_status":"closed","template":"","meta":{"_et_pb_use_builder":"","_et_pb_old_content":"","_et_gb_content_width":""},"product_cat":[1512],"product_tag":[2602],"edicion":[],"editoriales":[1160],"tienda":[],"autor_id":[5410],"universidades_coeditoras":[],"palabras_clave":[],"listado_alfabetico":[],"acf":[],"_links":{"self":[{"href":"https:\/\/wizardly-davinci.82-223-8-23.plesk.page\/en\/wp-json\/wp\/v2\/product\/17809"}],"collection":[{"href":"https:\/\/wizardly-davinci.82-223-8-23.plesk.page\/en\/wp-json\/wp\/v2\/product"}],"about":[{"href":"https:\/\/wizardly-davinci.82-223-8-23.plesk.page\/en\/wp-json\/wp\/v2\/types\/product"}],"replies":[{"embeddable":true,"href":"https:\/\/wizardly-davinci.82-223-8-23.plesk.page\/en\/wp-json\/wp\/v2\/comments?post=17809"}],"wp:featuredmedia":[{"embeddable":true,"href":"https:\/\/wizardly-davinci.82-223-8-23.plesk.page\/en\/wp-json\/wp\/v2\/media\/17810"}],"wp:attachment":[{"href":"https:\/\/wizardly-davinci.82-223-8-23.plesk.page\/en\/wp-json\/wp\/v2\/media?parent=17809"}],"wp:term":[{"taxonomy":"product_cat","embeddable":true,"href":"https:\/\/wizardly-davinci.82-223-8-23.plesk.page\/en\/wp-json\/wp\/v2\/product_cat?post=17809"},{"taxonomy":"product_tag","embeddable":true,"href":"https:\/\/wizardly-davinci.82-223-8-23.plesk.page\/en\/wp-json\/wp\/v2\/product_tag?post=17809"},{"taxonomy":"edicion","embeddable":true,"href":"https:\/\/wizardly-davinci.82-223-8-23.plesk.page\/en\/wp-json\/wp\/v2\/edicion?post=17809"},{"taxonomy":"editoriales","embeddable":true,"href":"https:\/\/wizardly-davinci.82-223-8-23.plesk.page\/en\/wp-json\/wp\/v2\/editoriales?post=17809"},{"taxonomy":"tienda","embeddable":true,"href":"https:\/\/wizardly-davinci.82-223-8-23.plesk.page\/en\/wp-json\/wp\/v2\/tienda?post=17809"},{"taxonomy":"autor_id","embeddable":true,"href":"https:\/\/wizardly-davinci.82-223-8-23.plesk.page\/en\/wp-json\/wp\/v2\/autor_id?post=17809"},{"taxonomy":"universidades_coeditoras","embeddable":true,"href":"https:\/\/wizardly-davinci.82-223-8-23.plesk.page\/en\/wp-json\/wp\/v2\/universidades_coeditoras?post=17809"},{"taxonomy":"palabras_clave","embeddable":true,"href":"https:\/\/wizardly-davinci.82-223-8-23.plesk.page\/en\/wp-json\/wp\/v2\/palabras_clave?post=17809"},{"taxonomy":"listado_alfabetico","embeddable":true,"href":"https:\/\/wizardly-davinci.82-223-8-23.plesk.page\/en\/wp-json\/wp\/v2\/listado_alfabetico?post=17809"}],"curies":[{"name":"wp","href":"https:\/\/api.w.org\/{rel}","templated":true}]}}