{"id":17811,"date":"2019-04-09T22:52:24","date_gmt":"2019-04-09T22:52:24","guid":{"rendered":"https:\/\/octaedro.com\/producto\/el-ladron\/"},"modified":"2023-04-24T12:58:55","modified_gmt":"2023-04-24T10:58:55","slug":"el-ladron","status":"publish","type":"product","link":"https:\/\/wizardly-davinci.82-223-8-23.plesk.page\/en\/producto\/el-ladron\/","title":{"rendered":"El ladr\u00f3n"},"content":{"rendered":"<p>Este relato contin\u00faa depar\u00e1ndonos sorpresas, no tanto por sus cualidades literarias, cuanto por su habilidad para trazar la biograf\u00eda de determinados personajes representativos de nuestra sociedad. Hoy, m\u00e1s de cien a\u00f1os despu\u00e9s, estos personajes contin\u00faan poblando las instituciones sociales, sin que nada haya cambiado en su porte ni en sus maneras. No cabe duda que <span class=\"destacat\">Georges Darien<\/span> supo captar con maestr\u00eda ese fermento aglutinante de las relaciones sociales autoritarias y el plasma que contribuye a su perpetuaci\u00f3n.<\/p>\n","protected":false},"excerpt":{"rendered":"<p>Este relato contin\u00faa depar\u00e1ndonos sorpresas, no tanto por sus cualidades literarias, cuanto por su habilidad para trazar la biograf\u00eda de determinados personajes representativos de nuestra sociedad. Hoy, m\u00e1s de cien a\u00f1os despu\u00e9s, estos personajes contin\u00faan poblando las instituciones sociales, sin que nada haya cambiado en su porte ni en sus maneras. No cabe duda que <span class=\"destacat\">Georges Darien<\/span> supo captar con maestr\u00eda ese fermento aglutinante de las relaciones sociales autoritarias y el plasma que contribuye a su perpetuaci\u00f3n.<\/p>\n","protected":false},"featured_media":17812,"comment_status":"open","ping_status":"closed","template":"","meta":{"_et_pb_use_builder":"","_et_pb_old_content":"","_et_gb_content_width":""},"product_cat":[1512],"product_tag":[2602],"edicion":[1083],"editoriales":[1160],"tienda":[],"autor_id":[5366],"universidades_coeditoras":[],"palabras_clave":[],"listado_alfabetico":[],"acf":[],"_links":{"self":[{"href":"https:\/\/wizardly-davinci.82-223-8-23.plesk.page\/en\/wp-json\/wp\/v2\/product\/17811"}],"collection":[{"href":"https:\/\/wizardly-davinci.82-223-8-23.plesk.page\/en\/wp-json\/wp\/v2\/product"}],"about":[{"href":"https:\/\/wizardly-davinci.82-223-8-23.plesk.page\/en\/wp-json\/wp\/v2\/types\/product"}],"replies":[{"embeddable":true,"href":"https:\/\/wizardly-davinci.82-223-8-23.plesk.page\/en\/wp-json\/wp\/v2\/comments?post=17811"}],"wp:featuredmedia":[{"embeddable":true,"href":"https:\/\/wizardly-davinci.82-223-8-23.plesk.page\/en\/wp-json\/wp\/v2\/media\/17812"}],"wp:attachment":[{"href":"https:\/\/wizardly-davinci.82-223-8-23.plesk.page\/en\/wp-json\/wp\/v2\/media?parent=17811"}],"wp:term":[{"taxonomy":"product_cat","embeddable":true,"href":"https:\/\/wizardly-davinci.82-223-8-23.plesk.page\/en\/wp-json\/wp\/v2\/product_cat?post=17811"},{"taxonomy":"product_tag","embeddable":true,"href":"https:\/\/wizardly-davinci.82-223-8-23.plesk.page\/en\/wp-json\/wp\/v2\/product_tag?post=17811"},{"taxonomy":"edicion","embeddable":true,"href":"https:\/\/wizardly-davinci.82-223-8-23.plesk.page\/en\/wp-json\/wp\/v2\/edicion?post=17811"},{"taxonomy":"editoriales","embeddable":true,"href":"https:\/\/wizardly-davinci.82-223-8-23.plesk.page\/en\/wp-json\/wp\/v2\/editoriales?post=17811"},{"taxonomy":"tienda","embeddable":true,"href":"https:\/\/wizardly-davinci.82-223-8-23.plesk.page\/en\/wp-json\/wp\/v2\/tienda?post=17811"},{"taxonomy":"autor_id","embeddable":true,"href":"https:\/\/wizardly-davinci.82-223-8-23.plesk.page\/en\/wp-json\/wp\/v2\/autor_id?post=17811"},{"taxonomy":"universidades_coeditoras","embeddable":true,"href":"https:\/\/wizardly-davinci.82-223-8-23.plesk.page\/en\/wp-json\/wp\/v2\/universidades_coeditoras?post=17811"},{"taxonomy":"palabras_clave","embeddable":true,"href":"https:\/\/wizardly-davinci.82-223-8-23.plesk.page\/en\/wp-json\/wp\/v2\/palabras_clave?post=17811"},{"taxonomy":"listado_alfabetico","embeddable":true,"href":"https:\/\/wizardly-davinci.82-223-8-23.plesk.page\/en\/wp-json\/wp\/v2\/listado_alfabetico?post=17811"}],"curies":[{"name":"wp","href":"https:\/\/api.w.org\/{rel}","templated":true}]}}