{"id":17815,"date":"2019-04-09T22:52:25","date_gmt":"2019-04-09T22:52:25","guid":{"rendered":"https:\/\/octaedro.com\/producto\/la-barcelona-rebelde\/"},"modified":"2023-04-24T12:59:09","modified_gmt":"2023-04-24T10:59:09","slug":"la-barcelona-rebelde","status":"publish","type":"product","link":"https:\/\/wizardly-davinci.82-223-8-23.plesk.page\/en\/producto\/la-barcelona-rebelde\/","title":{"rendered":"La Barcelona rebelde"},"content":{"rendered":"<p>Pocas veces una ciudad ha estado en manos de sus gentes. Barcelona, algunas veces, pocas, pero con una intensidad tal que el recuerdo de aquel amanecer, de aquella fiesta solidaria a lo largo de d\u00edas o semanas a\u00fan les obsesiona, a ellos para intentarlo otra vez, y a sus enemigos para evitarlo. El temor a que estas gentes vuelvan a ocupar su ciudad y a ocuparse de ellas mismas a\u00fana en su contra a todos los partidarios de la muerte: capital, estado, iglesia, ej\u00e9rcito. Y el ansia de que aquello vuelva ha mantenido en rebeld\u00eda a la parte m\u00e1s decidida y m\u00e1s festiva de este pueblo y, a la espera del pr\u00f3ximo intento, a todos los partidarios de la vida.<\/p>\n","protected":false},"excerpt":{"rendered":"<p>Pocas veces una ciudad ha estado en manos de sus gentes. Barcelona, algunas veces, pocas, pero con una intensidad tal que el recuerdo de aquel amanecer, de aquella fiesta solidaria a lo largo de d\u00edas o semanas a\u00fan les obsesiona, a ellos para intentarlo otra vez, y a sus enemigos para evitarlo. El temor a que estas gentes vuelvan a ocupar su ciudad y a ocuparse de ellas mismas a\u00fana en su contra a todos los partidarios de la muerte: capital, estado, iglesia, ej\u00e9rcito. Y el ansia de que aquello vuelva ha mantenido en rebeld\u00eda a la parte m\u00e1s decidida y m\u00e1s festiva de este pueblo y, a la espera del pr\u00f3ximo intento, a todos los partidarios de la vida.<\/p>\n","protected":false},"featured_media":17816,"comment_status":"open","ping_status":"closed","template":"","meta":{"_et_pb_use_builder":"","_et_pb_old_content":"","_et_gb_content_width":""},"product_cat":[1512],"product_tag":[2602],"edicion":[1083],"editoriales":[1160],"tienda":[],"autor_id":[5083],"universidades_coeditoras":[],"palabras_clave":[],"listado_alfabetico":[],"acf":[],"_links":{"self":[{"href":"https:\/\/wizardly-davinci.82-223-8-23.plesk.page\/en\/wp-json\/wp\/v2\/product\/17815"}],"collection":[{"href":"https:\/\/wizardly-davinci.82-223-8-23.plesk.page\/en\/wp-json\/wp\/v2\/product"}],"about":[{"href":"https:\/\/wizardly-davinci.82-223-8-23.plesk.page\/en\/wp-json\/wp\/v2\/types\/product"}],"replies":[{"embeddable":true,"href":"https:\/\/wizardly-davinci.82-223-8-23.plesk.page\/en\/wp-json\/wp\/v2\/comments?post=17815"}],"wp:featuredmedia":[{"embeddable":true,"href":"https:\/\/wizardly-davinci.82-223-8-23.plesk.page\/en\/wp-json\/wp\/v2\/media\/17816"}],"wp:attachment":[{"href":"https:\/\/wizardly-davinci.82-223-8-23.plesk.page\/en\/wp-json\/wp\/v2\/media?parent=17815"}],"wp:term":[{"taxonomy":"product_cat","embeddable":true,"href":"https:\/\/wizardly-davinci.82-223-8-23.plesk.page\/en\/wp-json\/wp\/v2\/product_cat?post=17815"},{"taxonomy":"product_tag","embeddable":true,"href":"https:\/\/wizardly-davinci.82-223-8-23.plesk.page\/en\/wp-json\/wp\/v2\/product_tag?post=17815"},{"taxonomy":"edicion","embeddable":true,"href":"https:\/\/wizardly-davinci.82-223-8-23.plesk.page\/en\/wp-json\/wp\/v2\/edicion?post=17815"},{"taxonomy":"editoriales","embeddable":true,"href":"https:\/\/wizardly-davinci.82-223-8-23.plesk.page\/en\/wp-json\/wp\/v2\/editoriales?post=17815"},{"taxonomy":"tienda","embeddable":true,"href":"https:\/\/wizardly-davinci.82-223-8-23.plesk.page\/en\/wp-json\/wp\/v2\/tienda?post=17815"},{"taxonomy":"autor_id","embeddable":true,"href":"https:\/\/wizardly-davinci.82-223-8-23.plesk.page\/en\/wp-json\/wp\/v2\/autor_id?post=17815"},{"taxonomy":"universidades_coeditoras","embeddable":true,"href":"https:\/\/wizardly-davinci.82-223-8-23.plesk.page\/en\/wp-json\/wp\/v2\/universidades_coeditoras?post=17815"},{"taxonomy":"palabras_clave","embeddable":true,"href":"https:\/\/wizardly-davinci.82-223-8-23.plesk.page\/en\/wp-json\/wp\/v2\/palabras_clave?post=17815"},{"taxonomy":"listado_alfabetico","embeddable":true,"href":"https:\/\/wizardly-davinci.82-223-8-23.plesk.page\/en\/wp-json\/wp\/v2\/listado_alfabetico?post=17815"}],"curies":[{"name":"wp","href":"https:\/\/api.w.org\/{rel}","templated":true}]}}