{"id":17817,"date":"2019-04-09T22:52:25","date_gmt":"2019-04-09T22:52:25","guid":{"rendered":"https:\/\/octaedro.com\/producto\/macunaima\/"},"modified":"2023-04-24T12:59:18","modified_gmt":"2023-04-24T10:59:18","slug":"macunaima","status":"publish","type":"product","link":"https:\/\/wizardly-davinci.82-223-8-23.plesk.page\/en\/producto\/macunaima\/","title":{"rendered":"Macuna\u00edma"},"content":{"rendered":"<p>Macuna\u00edma, obra cumbre del modernismo brasile\u00f1o, es el h\u00e9roe\/antih\u00e9roe popular, exento de car\u00e1cter y de civilizaci\u00f3n, que representa el alma brasile\u00f1a. A lo largo de sus aventuras fant\u00e1sticas, Macuna\u00edma y sus dos hermanos nos ofrecen una exhaustiva antolog\u00eda del folclore brasile\u00f1o, mezclando mitos antiguos y situaciones actuales del hombre entre el mundo de las m\u00e1quinas. Por primera vez publicamos en esta edici\u00f3n los grabados de Caryb\u00e9 junto al texto de Andrade.<\/p>\n","protected":false},"excerpt":{"rendered":"<p>Macuna\u00edma, obra cumbre del modernismo brasile\u00f1o, es el h\u00e9roe\/antih\u00e9roe popular, exento de car\u00e1cter y de civilizaci\u00f3n, que representa el alma brasile\u00f1a. A lo largo de sus aventuras fant\u00e1sticas, Macuna\u00edma y sus dos hermanos nos ofrecen una exhaustiva antolog\u00eda del folclore brasile\u00f1o, mezclando mitos antiguos y situaciones actuales del hombre entre el mundo de las m\u00e1quinas. Por primera vez publicamos en esta edici\u00f3n los grabados de Caryb\u00e9 junto al texto de Andrade.<\/p>\n","protected":false},"featured_media":17818,"comment_status":"open","ping_status":"closed","template":"","meta":{"_et_pb_use_builder":"","_et_pb_old_content":"","_et_gb_content_width":""},"product_cat":[1512],"product_tag":[2602],"edicion":[1083],"editoriales":[1160],"tienda":[],"autor_id":[5038],"universidades_coeditoras":[],"palabras_clave":[],"listado_alfabetico":[],"acf":[],"_links":{"self":[{"href":"https:\/\/wizardly-davinci.82-223-8-23.plesk.page\/en\/wp-json\/wp\/v2\/product\/17817"}],"collection":[{"href":"https:\/\/wizardly-davinci.82-223-8-23.plesk.page\/en\/wp-json\/wp\/v2\/product"}],"about":[{"href":"https:\/\/wizardly-davinci.82-223-8-23.plesk.page\/en\/wp-json\/wp\/v2\/types\/product"}],"replies":[{"embeddable":true,"href":"https:\/\/wizardly-davinci.82-223-8-23.plesk.page\/en\/wp-json\/wp\/v2\/comments?post=17817"}],"wp:featuredmedia":[{"embeddable":true,"href":"https:\/\/wizardly-davinci.82-223-8-23.plesk.page\/en\/wp-json\/wp\/v2\/media\/17818"}],"wp:attachment":[{"href":"https:\/\/wizardly-davinci.82-223-8-23.plesk.page\/en\/wp-json\/wp\/v2\/media?parent=17817"}],"wp:term":[{"taxonomy":"product_cat","embeddable":true,"href":"https:\/\/wizardly-davinci.82-223-8-23.plesk.page\/en\/wp-json\/wp\/v2\/product_cat?post=17817"},{"taxonomy":"product_tag","embeddable":true,"href":"https:\/\/wizardly-davinci.82-223-8-23.plesk.page\/en\/wp-json\/wp\/v2\/product_tag?post=17817"},{"taxonomy":"edicion","embeddable":true,"href":"https:\/\/wizardly-davinci.82-223-8-23.plesk.page\/en\/wp-json\/wp\/v2\/edicion?post=17817"},{"taxonomy":"editoriales","embeddable":true,"href":"https:\/\/wizardly-davinci.82-223-8-23.plesk.page\/en\/wp-json\/wp\/v2\/editoriales?post=17817"},{"taxonomy":"tienda","embeddable":true,"href":"https:\/\/wizardly-davinci.82-223-8-23.plesk.page\/en\/wp-json\/wp\/v2\/tienda?post=17817"},{"taxonomy":"autor_id","embeddable":true,"href":"https:\/\/wizardly-davinci.82-223-8-23.plesk.page\/en\/wp-json\/wp\/v2\/autor_id?post=17817"},{"taxonomy":"universidades_coeditoras","embeddable":true,"href":"https:\/\/wizardly-davinci.82-223-8-23.plesk.page\/en\/wp-json\/wp\/v2\/universidades_coeditoras?post=17817"},{"taxonomy":"palabras_clave","embeddable":true,"href":"https:\/\/wizardly-davinci.82-223-8-23.plesk.page\/en\/wp-json\/wp\/v2\/palabras_clave?post=17817"},{"taxonomy":"listado_alfabetico","embeddable":true,"href":"https:\/\/wizardly-davinci.82-223-8-23.plesk.page\/en\/wp-json\/wp\/v2\/listado_alfabetico?post=17817"}],"curies":[{"name":"wp","href":"https:\/\/api.w.org\/{rel}","templated":true}]}}