{"id":17819,"date":"2019-04-09T22:52:25","date_gmt":"2019-04-09T22:52:25","guid":{"rendered":"https:\/\/octaedro.com\/producto\/egregores\/"},"modified":"2023-04-24T12:59:26","modified_gmt":"2023-04-24T10:59:26","slug":"egregores","status":"publish","type":"product","link":"https:\/\/wizardly-davinci.82-223-8-23.plesk.page\/en\/producto\/egregores\/","title":{"rendered":"Egr\u00e9gores"},"content":{"rendered":"<p>Egr\u00e9gores o la vida de las civilizaciones es un recorrido por las distintas civilizaciones, centr\u00e1ndose en el an\u00e1lisis de una, la civilizaci\u00f3n cristiana, que da cuerpo a toda la evoluci\u00f3n social de Occidente y de la que prev\u00e9 su pr\u00f3xima disgregaci\u00f3n originada ya en el siglo XVI. A la civilizaci\u00f3n cristiana que nos ha conducido a un mundo inhabitable le suceder\u00e1 otra capaz de instaurar un mundo por fin humano.<\/p>\n","protected":false},"excerpt":{"rendered":"<p>Egr\u00e9gores o la vida de las civilizaciones es un recorrido por las distintas civilizaciones, centr\u00e1ndose en el an\u00e1lisis de una, la civilizaci\u00f3n cristiana, que da cuerpo a toda la evoluci\u00f3n social de Occidente y de la que prev\u00e9 su pr\u00f3xima disgregaci\u00f3n originada ya en el siglo XVI. A la civilizaci\u00f3n cristiana que nos ha conducido a un mundo inhabitable le suceder\u00e1 otra capaz de instaurar un mundo por fin humano.<\/p>\n","protected":false},"featured_media":17820,"comment_status":"open","ping_status":"closed","template":"","meta":{"_et_pb_use_builder":"","_et_pb_old_content":"","_et_gb_content_width":""},"product_cat":[1512],"product_tag":[2602],"edicion":[1083],"editoriales":[1160],"tienda":[],"autor_id":[5867],"universidades_coeditoras":[],"palabras_clave":[],"listado_alfabetico":[],"acf":[],"_links":{"self":[{"href":"https:\/\/wizardly-davinci.82-223-8-23.plesk.page\/en\/wp-json\/wp\/v2\/product\/17819"}],"collection":[{"href":"https:\/\/wizardly-davinci.82-223-8-23.plesk.page\/en\/wp-json\/wp\/v2\/product"}],"about":[{"href":"https:\/\/wizardly-davinci.82-223-8-23.plesk.page\/en\/wp-json\/wp\/v2\/types\/product"}],"replies":[{"embeddable":true,"href":"https:\/\/wizardly-davinci.82-223-8-23.plesk.page\/en\/wp-json\/wp\/v2\/comments?post=17819"}],"wp:featuredmedia":[{"embeddable":true,"href":"https:\/\/wizardly-davinci.82-223-8-23.plesk.page\/en\/wp-json\/wp\/v2\/media\/17820"}],"wp:attachment":[{"href":"https:\/\/wizardly-davinci.82-223-8-23.plesk.page\/en\/wp-json\/wp\/v2\/media?parent=17819"}],"wp:term":[{"taxonomy":"product_cat","embeddable":true,"href":"https:\/\/wizardly-davinci.82-223-8-23.plesk.page\/en\/wp-json\/wp\/v2\/product_cat?post=17819"},{"taxonomy":"product_tag","embeddable":true,"href":"https:\/\/wizardly-davinci.82-223-8-23.plesk.page\/en\/wp-json\/wp\/v2\/product_tag?post=17819"},{"taxonomy":"edicion","embeddable":true,"href":"https:\/\/wizardly-davinci.82-223-8-23.plesk.page\/en\/wp-json\/wp\/v2\/edicion?post=17819"},{"taxonomy":"editoriales","embeddable":true,"href":"https:\/\/wizardly-davinci.82-223-8-23.plesk.page\/en\/wp-json\/wp\/v2\/editoriales?post=17819"},{"taxonomy":"tienda","embeddable":true,"href":"https:\/\/wizardly-davinci.82-223-8-23.plesk.page\/en\/wp-json\/wp\/v2\/tienda?post=17819"},{"taxonomy":"autor_id","embeddable":true,"href":"https:\/\/wizardly-davinci.82-223-8-23.plesk.page\/en\/wp-json\/wp\/v2\/autor_id?post=17819"},{"taxonomy":"universidades_coeditoras","embeddable":true,"href":"https:\/\/wizardly-davinci.82-223-8-23.plesk.page\/en\/wp-json\/wp\/v2\/universidades_coeditoras?post=17819"},{"taxonomy":"palabras_clave","embeddable":true,"href":"https:\/\/wizardly-davinci.82-223-8-23.plesk.page\/en\/wp-json\/wp\/v2\/palabras_clave?post=17819"},{"taxonomy":"listado_alfabetico","embeddable":true,"href":"https:\/\/wizardly-davinci.82-223-8-23.plesk.page\/en\/wp-json\/wp\/v2\/listado_alfabetico?post=17819"}],"curies":[{"name":"wp","href":"https:\/\/api.w.org\/{rel}","templated":true}]}}