{"id":17821,"date":"2019-04-09T22:52:25","date_gmt":"2019-04-09T22:52:25","guid":{"rendered":"https:\/\/octaedro.com\/producto\/la-cita-de-vicam\/"},"modified":"2023-04-24T13:08:29","modified_gmt":"2023-04-24T11:08:29","slug":"la-cita-de-vicam","status":"publish","type":"product","link":"https:\/\/wizardly-davinci.82-223-8-23.plesk.page\/en\/producto\/la-cita-de-vicam\/","title":{"rendered":"La cita de V\u00edcam"},"content":{"rendered":"<p>En V\u00edcam, en el Estado mexicano de Sonora, en territorio yaqui, se dieron cita en oto\u00f1o del 2007 los pueblos primigenios de lo que se ha llamado Am\u00e9rica. Contra las campa\u00f1as del gobierno federal y estatal para impedir tal encuentro, 570 delegados de 66 pueblos ind\u00edgenas de 12 pa\u00edses de Am\u00e9rica acudieron a la cita para conocerse y reconocerse, para reescribir sus historias de dominaci\u00f3n y de resistencia, para defender su estilo de vida y aunar su resistencia al modo de vida que el desarrollo capitalista les impone.<\/p>\n","protected":false},"excerpt":{"rendered":"<p>En V\u00edcam, en el Estado mexicano de Sonora, en territorio yaqui, se dieron cita en oto\u00f1o del 2007 los pueblos primigenios de lo que se ha llamado Am\u00e9rica. Contra las campa\u00f1as del gobierno federal y estatal para impedir tal encuentro, 570 delegados de 66 pueblos ind\u00edgenas de 12 pa\u00edses de Am\u00e9rica acudieron a la cita para conocerse y reconocerse, para reescribir sus historias de dominaci\u00f3n y de resistencia, para defender su estilo de vida y aunar su resistencia al modo de vida que el desarrollo capitalista les impone.<\/p>\n","protected":false},"featured_media":17822,"comment_status":"open","ping_status":"closed","template":"","meta":{"_et_pb_use_builder":"","_et_pb_old_content":"","_et_gb_content_width":""},"product_cat":[1512],"product_tag":[2602],"edicion":[1083],"editoriales":[1160],"tienda":[],"autor_id":[5697],"universidades_coeditoras":[],"palabras_clave":[],"listado_alfabetico":[],"acf":[],"_links":{"self":[{"href":"https:\/\/wizardly-davinci.82-223-8-23.plesk.page\/en\/wp-json\/wp\/v2\/product\/17821"}],"collection":[{"href":"https:\/\/wizardly-davinci.82-223-8-23.plesk.page\/en\/wp-json\/wp\/v2\/product"}],"about":[{"href":"https:\/\/wizardly-davinci.82-223-8-23.plesk.page\/en\/wp-json\/wp\/v2\/types\/product"}],"replies":[{"embeddable":true,"href":"https:\/\/wizardly-davinci.82-223-8-23.plesk.page\/en\/wp-json\/wp\/v2\/comments?post=17821"}],"wp:featuredmedia":[{"embeddable":true,"href":"https:\/\/wizardly-davinci.82-223-8-23.plesk.page\/en\/wp-json\/wp\/v2\/media\/17822"}],"wp:attachment":[{"href":"https:\/\/wizardly-davinci.82-223-8-23.plesk.page\/en\/wp-json\/wp\/v2\/media?parent=17821"}],"wp:term":[{"taxonomy":"product_cat","embeddable":true,"href":"https:\/\/wizardly-davinci.82-223-8-23.plesk.page\/en\/wp-json\/wp\/v2\/product_cat?post=17821"},{"taxonomy":"product_tag","embeddable":true,"href":"https:\/\/wizardly-davinci.82-223-8-23.plesk.page\/en\/wp-json\/wp\/v2\/product_tag?post=17821"},{"taxonomy":"edicion","embeddable":true,"href":"https:\/\/wizardly-davinci.82-223-8-23.plesk.page\/en\/wp-json\/wp\/v2\/edicion?post=17821"},{"taxonomy":"editoriales","embeddable":true,"href":"https:\/\/wizardly-davinci.82-223-8-23.plesk.page\/en\/wp-json\/wp\/v2\/editoriales?post=17821"},{"taxonomy":"tienda","embeddable":true,"href":"https:\/\/wizardly-davinci.82-223-8-23.plesk.page\/en\/wp-json\/wp\/v2\/tienda?post=17821"},{"taxonomy":"autor_id","embeddable":true,"href":"https:\/\/wizardly-davinci.82-223-8-23.plesk.page\/en\/wp-json\/wp\/v2\/autor_id?post=17821"},{"taxonomy":"universidades_coeditoras","embeddable":true,"href":"https:\/\/wizardly-davinci.82-223-8-23.plesk.page\/en\/wp-json\/wp\/v2\/universidades_coeditoras?post=17821"},{"taxonomy":"palabras_clave","embeddable":true,"href":"https:\/\/wizardly-davinci.82-223-8-23.plesk.page\/en\/wp-json\/wp\/v2\/palabras_clave?post=17821"},{"taxonomy":"listado_alfabetico","embeddable":true,"href":"https:\/\/wizardly-davinci.82-223-8-23.plesk.page\/en\/wp-json\/wp\/v2\/listado_alfabetico?post=17821"}],"curies":[{"name":"wp","href":"https:\/\/api.w.org\/{rel}","templated":true}]}}